{"id":1492,"date":"2025-01-05T00:20:17","date_gmt":"2025-01-04T23:20:17","guid":{"rendered":"https:\/\/alsjob.fr\/offres-demploi\/"},"modified":"2025-01-05T00:20:17","modified_gmt":"2025-01-04T23:20:17","slug":"offres-demploi","status":"publish","type":"page","link":"https:\/\/alsjob.fr\/en\/offres-demploi\/","title":{"rendered":"Offres d\u2019emploi"},"content":{"rendered":"<div class=\"job_listings\" data-location=\"\" data-keywords=\"\" data-show_filters=\"true\" data-show_pagination=\"false\" data-per_page=\"10\" data-orderby=\"featured\" data-order=\"DESC\" data-categories=\"\" data-disable-form-state-storage=\"\" data-featured_first=\"false\" data-post_id=\"1492\" ><div class=\"apus-grid-layout style-grid apus-listing-warpper\">\n\t<div class=\"job_filters-wrapper\" style=\"background: url(https:\/\/alsjob.fr\/wp-content\/uploads\/2017\/12\/bg-jobs.jpg);\">\n\n\t<div class=\"widget-search-form  horizontal white container-fluid\">\n\t\t\t\t\t\t\t\t\t\t\t\t\t<h3 class=\"title\"><strong class=\"text-theme\">3,000+<\/strong> Browse Jobs<\/h3>\n\t\t\t\t\t\t\t\t\t\t<div class=\"des\">Find Jobs, Employment &amp; Career Opportunities<\/div>\n\t\t\t\t\t\n\t\t<form class=\"job_filters\" action=\"\">\n\t\t\t\t\t\t<input class=\"input_display_mode\" type=\"hidden\" name=\"display_mode\" value=\"grid\">\n\t\t\t<input class=\"input_filter_oder\" type=\"hidden\" name=\"filter_order\" value=\"default\">\n\n\t\t\t<div class=\"filter-inner clearfix\">\n\t\t\t\t\t\t<div class=\"search_jobs\">\n\t\t\t\t\t\t\t\t<div class=\"search_jobs_inner\">\n\t\t\t\t\t<div class=\"table-visiable\">\n\t\t\t\t\t\t<div class=\"search-field-wrappe\">\n\t\t\t\t\t\t\t<input type=\"text\" name=\"search_keywords\" id=\"search_keywords\" placeholder=\"Keywords e.g. (Job Title, Description, Tags)\" value=\"\" \/>\n\t\t\t\t\t\t<\/div>\n\n\t\t\t\t\t\t\n\t\t\t\t\t\t\t\n\t\t\t\t\t\t\n\t\t\t\t\t\t\t\t\t\t\t\t\t<div class=\"wrapper-categories\">\n\t\t\t\t\t\t\t\t\t\t\t\t\t\t\t<\/div><!-- .select-categories -->\n\t\t\t\t\t\t\t\t\t\t\t<\/div>\n\t\t\t\t\t\t\t\t\t\t\t\t<ul class=\"job_types\">\n\t\t\t\t\t<li><label for=\"job_type_cdi\" class=\"cdi\"><input type=\"checkbox\" name=\"filter_job_type[]\" value=\"cdi\"  checked='checked' id=\"job_type_cdi\" \/> CDI<\/label><\/li>\n\t\t\t\t\t<li><label for=\"job_type_freelance\" class=\"freelance\"><input type=\"checkbox\" name=\"filter_job_type[]\" value=\"freelance\"  checked='checked' id=\"job_type_freelance\" \/> Freelance<\/label><\/li>\n\t\t\t\t\t<li><label for=\"job_type_interim\" class=\"interim\"><input type=\"checkbox\" name=\"filter_job_type[]\" value=\"interim\"  checked='checked' id=\"job_type_interim\" \/> Int\u00e9rim<\/label><\/li>\n\t\t\t<\/ul>\n\t<input type=\"hidden\" name=\"filter_job_type[]\" value=\"\" \/>\n<div class=\"showing_jobs\"><\/div>\t\t\t\t\t\t\t\t\t<\/div>\n\t\t\t\t\t\t\t<\/div>\n\t\t\t<\/div>\n\t\t<input type=\"hidden\" name=\"trp-form-language\" value=\"en\"\/><\/form>\n\t\t<!-- suggestion -->\n\t\t\t\t\t<div class=\"suggestion-menu-wrapper\">\n\t\t\t\t<div class=\"keywords\"><i class=\"fa fa-tags text-theme\" aria-hidden=\"true\"><\/i>Trending Keywords:<\/div>\n\t\t\t\t\t\t\t<\/div>\n\t\t\n\t\t\n\t\t<noscript>Your browser does not support JavaScript, or it is disabled. JavaScript must be enabled in order to view listings.<\/noscript>\n\t<\/div>\n<\/div><section class=\"main-listing-content container-fluid\">\n\t\n\t<div class=\"listing-search-result-filter\"><\/div>\n\n\t<div class=\"row\">\n\t\t<div class=\"col-sm-12 col-md-9 col-sm-12 col-xs-12 pull-right\">\n\t\t\t<div class=\"listing-action clearfix\">\n\t\t\t\t<div class=\"listing-display-mode pull-right\">\n\t\t\t\t\t<div class=\"display-mode\">\n\t\t\t\t\t\t<a href=\"#grid\" class=\"change-view active\" data-mode=\"grid\"><i class=\"fa fa-th\" aria-hidden=\"true\"><\/i><\/a>\n\t\t\t\t\t\t<a href=\"#list\" class=\"change-view\" data-mode=\"list\"><i class=\"fa fa-bars\" aria-hidden=\"true\"><\/i><\/a>\n\t\t\t\t\t<\/div>\n\t\t\t\t<\/div>\n\t\t\t\t\t\t\t\t<div class=\"listing-orderby pull-left\">\n\t\t\t\t\t<select name=\"filter_order\" autocomplete=\"off\" class=\"select-orderby\">\n\t\t\t\t\t\t\t\t\t\t\t\t\t<option value=\"default\" selected=\"selected\">Default Order<\/option>\n\t\t\t\t\t\t\t\t\t\t\t\t\t<option value=\"date-desc\" >Newest First<\/option>\n\t\t\t\t\t\t\t\t\t\t\t\t\t<option value=\"date-asc\" >Oldest First<\/option>\n\t\t\t\t\t\t\t\t\t\t\t\t\t<option value=\"random\" >Random<\/option>\n\t\t\t\t\t\t\t\t\t\t\t<\/select>\n\t\t\t\t<\/div>\n\t\t\t<\/div>\n\t\t\t<div class=\"job_listings job_listings_cards clearfix row\">\t\t\t<\/div>\n\n\t\t<\/div>\n\t\t\t\t\t\t\t<div class=\"col-md-3 col-sm-12 col-xs-12\">\n\t\t\t  \t<aside class=\"sidebar sidebar-left\" itemscope=\"itemscope\" itemtype=\"http:\/\/schema.org\/WPSideBar\">\n\t\t\t  \t\t\t\t\t   \t\t\t<aside class=\"widget widget_apus_job_taxonomy_widget\"><h2 class=\"widget-title\"><span>Recherche par cat\u00e9gories<\/span><\/h2><div class=\"widget-job-taxonomy\">\n\t\t\t<ul>\n\t\t\t\t\t\t\t<li><a class=\"\" href=\"https:\/\/alsjob.fr\/en\/job-category\/agroalimentaire\/\">Agroalimentaire <span class=\"text-theme\">(0)<\/span><\/a><\/li>\n\t\t\t\t\t\t\t<li><a class=\"\" href=\"https:\/\/alsjob.fr\/en\/job-category\/assurance\/\">Assurance <span class=\"text-theme\">(0)<\/span><\/a><\/li>\n\t\t\t\t\t\t\t<li><a class=\"\" href=\"https:\/\/alsjob.fr\/en\/job-category\/societe\/\">Soci\u00e9t\u00e9 <span class=\"text-theme\">(0)<\/span><\/a><\/li>\n\t\t\t\t\t<\/ul>\n\t<\/div><\/aside><aside class=\"widget widget_apus_job_taxonomy_widget\"><h2 class=\"widget-title\"><span>Recherche par lieux<\/span><\/h2><div class=\"widget-job-taxonomy\">\n\t\t\t<ul>\n\t\t\t\t\t\t\t<li><a class=\"\" href=\"https:\/\/alsjob.fr\/en\/region\/centre-val-de-loire\/\">Centre Val de Loire <span class=\"text-theme\">(0)<\/span><\/a><\/li>\n\t\t\t\t\t\t\t<li><a class=\"\" href=\"https:\/\/alsjob.fr\/en\/region\/essonne\/\">Essonne <span class=\"text-theme\">(0)<\/span><\/a><\/li>\n\t\t\t\t\t\t\t<li><a class=\"\" href=\"https:\/\/alsjob.fr\/en\/region\/montargis\/\">Montargis <span class=\"text-theme\">(0)<\/span><\/a><\/li>\n\t\t\t\t\t<\/ul>\n\t<\/div><\/aside><aside class=\"widget widget_apus_job_taxonomy_widget\"><h2 class=\"widget-title\"><span>Types de contrat<\/span><\/h2><div class=\"widget-job-taxonomy\">\n\t\t\t<ul>\n\t\t\t\t\t\t\t<li><a class=\"\" href=\"https:\/\/alsjob.fr\/en\/job-type\/cdi\/\">CDI <span class=\"text-theme\">(0)<\/span><\/a><\/li>\n\t\t\t\t\t\t\t<li><a class=\"\" href=\"https:\/\/alsjob.fr\/en\/job-type\/freelance\/\">Freelance <span class=\"text-theme\">(0)<\/span><\/a><\/li>\n\t\t\t\t\t\t\t<li><a class=\"\" href=\"https:\/\/alsjob.fr\/en\/job-type\/interim\/\">Int\u00e9rim <span class=\"text-theme\">(0)<\/span><\/a><\/li>\n\t\t\t\t\t<\/ul>\n\t<\/div><\/aside><aside class=\"widget widget_apus_job_taxonomy_widget\"><h2 class=\"widget-title\"><span>Tags...<\/span><\/h2><div class=\"widget-job-taxonomy\">\n\t<\/div><\/aside>\t\t\t   \t\t\t\t\t  \t<\/aside>\n\t\t\t<\/div>\n\t\t\t\t\n\t\t\t<\/div>\n<\/section><a class=\"load_more_jobs\" href=\"#\" style=\"display:none;\"><strong>Load more listings<\/strong><\/a><\/div><\/div>","protected":false},"excerpt":{"rendered":"3,000+ Browse Jobs Find Jobs, Employment &amp; Career Opportunities CDI Freelance Int\u00e9rim Trending Keywords: Your browser does not support JavaScript, or it is disabled. JavaScript must be enabled in order to view listings. Default Order Newest First Oldest First Random Recherche par cat\u00e9gories Agroalimentaire (0) Assurance (0) Soci\u00e9t\u00e9 (0) Recherche par lieux Centre Val de &hellip; <br \/><a href=\"https:\/\/alsjob.fr\/en\/offres-demploi\/\" class=\"more-link\">Continue reading <span class=\"screen-reader-text\">Offres d\u2019emploi<\/span><\/a>","protected":false},"author":1,"featured_media":0,"parent":0,"menu_order":0,"comment_status":"closed","ping_status":"closed","template":"","meta":{"footnotes":""},"class_list":["post-1492","page","type-page","status-publish","hentry"],"yoast_head":"<!-- This site is optimized with the Yoast SEO plugin v27.1.1 - https:\/\/yoast.com\/product\/yoast-seo-wordpress\/ -->\n<title>Offres d\u2019emploi - ALS JOB<\/title>\n<meta name=\"robots\" content=\"index, follow, max-snippet:-1, max-image-preview:large, max-video-preview:-1\" \/>\n<link rel=\"canonical\" href=\"https:\/\/alsjob.fr\/en\/offres-demploi\/\" \/>\n<meta property=\"og:locale\" content=\"en_US\" \/>\n<meta property=\"og:type\" content=\"article\" \/>\n<meta property=\"og:title\" content=\"Offres d\u2019emploi - ALS JOB\" \/>\n<meta property=\"og:url\" content=\"https:\/\/alsjob.fr\/en\/offres-demploi\/\" \/>\n<meta property=\"og:site_name\" content=\"ALS JOB\" \/>\n<meta property=\"article:publisher\" content=\"https:\/\/facebook.com\/asljob\" \/>\n<meta name=\"twitter:card\" content=\"summary_large_image\" \/>\n<script type=\"application\/ld+json\" class=\"yoast-schema-graph\">{\"@context\":\"https:\/\/schema.org\",\"@graph\":[{\"@type\":\"WebPage\",\"@id\":\"https:\/\/alsjob.fr\/offres-demploi\/\",\"url\":\"https:\/\/alsjob.fr\/offres-demploi\/\",\"name\":\"Offres d\u2019emploi - ALS JOB\",\"isPartOf\":{\"@id\":\"https:\/\/alsjob.fr\/#website\"},\"datePublished\":\"2025-01-04T23:20:17+00:00\",\"breadcrumb\":{\"@id\":\"https:\/\/alsjob.fr\/offres-demploi\/#breadcrumb\"},\"inLanguage\":\"en-US\",\"potentialAction\":[{\"@type\":\"ReadAction\",\"target\":[\"https:\/\/alsjob.fr\/offres-demploi\/\"]}]},{\"@type\":\"BreadcrumbList\",\"@id\":\"https:\/\/alsjob.fr\/offres-demploi\/#breadcrumb\",\"itemListElement\":[{\"@type\":\"ListItem\",\"position\":1,\"name\":\"Accueil\",\"item\":\"https:\/\/alsjob.fr\/\"},{\"@type\":\"ListItem\",\"position\":2,\"name\":\"Offres d\u2019emploi\"}]},{\"@type\":\"WebSite\",\"@id\":\"https:\/\/alsjob.fr\/#website\",\"url\":\"https:\/\/alsjob.fr\/\",\"name\":\"ALS JOB\",\"description\":\"\",\"publisher\":{\"@id\":\"https:\/\/alsjob.fr\/#organization\"},\"potentialAction\":[{\"@type\":\"SearchAction\",\"target\":{\"@type\":\"EntryPoint\",\"urlTemplate\":\"https:\/\/alsjob.fr\/?s={search_term_string}\"},\"query-input\":{\"@type\":\"PropertyValueSpecification\",\"valueRequired\":true,\"valueName\":\"search_term_string\"}}],\"inLanguage\":\"en-US\"},{\"@type\":\"Organization\",\"@id\":\"https:\/\/alsjob.fr\/#organization\",\"name\":\"ALS JOB\",\"url\":\"https:\/\/alsjob.fr\/\",\"logo\":{\"@type\":\"ImageObject\",\"inLanguage\":\"en-US\",\"@id\":\"https:\/\/alsjob.fr\/#\/schema\/logo\/image\/\",\"url\":\"https:\/\/alsjob.fr\/wp-content\/uploads\/2025\/01\/Capture-decran-2025-01-10-a-16.58.46.png\",\"contentUrl\":\"https:\/\/alsjob.fr\/wp-content\/uploads\/2025\/01\/Capture-decran-2025-01-10-a-16.58.46.png\",\"width\":556,\"height\":262,\"caption\":\"ALS JOB\"},\"image\":{\"@id\":\"https:\/\/alsjob.fr\/#\/schema\/logo\/image\/\"},\"sameAs\":[\"https:\/\/facebook.com\/asljob\",\"https:\/\/linkedin.com\/alsjob\",\"https:\/\/instagram.com\/alsjob\"]}]}<\/script>\n<!-- \/ Yoast SEO plugin. -->","yoast_head_json":{"title":"Offres d\u2019emploi - ALS JOB","robots":{"index":"index","follow":"follow","max-snippet":"max-snippet:-1","max-image-preview":"max-image-preview:large","max-video-preview":"max-video-preview:-1"},"canonical":"https:\/\/alsjob.fr\/en\/offres-demploi\/","og_locale":"en_US","og_type":"article","og_title":"Offres d\u2019emploi - ALS JOB","og_url":"https:\/\/alsjob.fr\/en\/offres-demploi\/","og_site_name":"ALS JOB","article_publisher":"https:\/\/facebook.com\/asljob","twitter_card":"summary_large_image","schema":{"@context":"https:\/\/schema.org","@graph":[{"@type":"WebPage","@id":"https:\/\/alsjob.fr\/offres-demploi\/","url":"https:\/\/alsjob.fr\/offres-demploi\/","name":"Offres d\u2019emploi - ALS JOB","isPartOf":{"@id":"https:\/\/alsjob.fr\/#website"},"datePublished":"2025-01-04T23:20:17+00:00","breadcrumb":{"@id":"https:\/\/alsjob.fr\/offres-demploi\/#breadcrumb"},"inLanguage":"en-US","potentialAction":[{"@type":"ReadAction","target":["https:\/\/alsjob.fr\/offres-demploi\/"]}]},{"@type":"BreadcrumbList","@id":"https:\/\/alsjob.fr\/offres-demploi\/#breadcrumb","itemListElement":[{"@type":"ListItem","position":1,"name":"Accueil","item":"https:\/\/alsjob.fr\/"},{"@type":"ListItem","position":2,"name":"Offres d\u2019emploi"}]},{"@type":"WebSite","@id":"https:\/\/alsjob.fr\/#website","url":"https:\/\/alsjob.fr\/","name":"ALS JOB","description":"","publisher":{"@id":"https:\/\/alsjob.fr\/#organization"},"potentialAction":[{"@type":"SearchAction","target":{"@type":"EntryPoint","urlTemplate":"https:\/\/alsjob.fr\/?s={search_term_string}"},"query-input":{"@type":"PropertyValueSpecification","valueRequired":true,"valueName":"search_term_string"}}],"inLanguage":"en-US"},{"@type":"Organization","@id":"https:\/\/alsjob.fr\/#organization","name":"ALS JOB","url":"https:\/\/alsjob.fr\/","logo":{"@type":"ImageObject","inLanguage":"en-US","@id":"https:\/\/alsjob.fr\/#\/schema\/logo\/image\/","url":"https:\/\/alsjob.fr\/wp-content\/uploads\/2025\/01\/Capture-decran-2025-01-10-a-16.58.46.png","contentUrl":"https:\/\/alsjob.fr\/wp-content\/uploads\/2025\/01\/Capture-decran-2025-01-10-a-16.58.46.png","width":556,"height":262,"caption":"ALS JOB"},"image":{"@id":"https:\/\/alsjob.fr\/#\/schema\/logo\/image\/"},"sameAs":["https:\/\/facebook.com\/asljob","https:\/\/linkedin.com\/alsjob","https:\/\/instagram.com\/alsjob"]}]}},"_links":{"self":[{"href":"https:\/\/alsjob.fr\/en\/wp-json\/wp\/v2\/pages\/1492","targetHints":{"allow":["GET"]}}],"collection":[{"href":"https:\/\/alsjob.fr\/en\/wp-json\/wp\/v2\/pages"}],"about":[{"href":"https:\/\/alsjob.fr\/en\/wp-json\/wp\/v2\/types\/page"}],"author":[{"embeddable":true,"href":"https:\/\/alsjob.fr\/en\/wp-json\/wp\/v2\/users\/1"}],"replies":[{"embeddable":true,"href":"https:\/\/alsjob.fr\/en\/wp-json\/wp\/v2\/comments?post=1492"}],"version-history":[{"count":0,"href":"https:\/\/alsjob.fr\/en\/wp-json\/wp\/v2\/pages\/1492\/revisions"}],"wp:attachment":[{"href":"https:\/\/alsjob.fr\/en\/wp-json\/wp\/v2\/media?parent=1492"}],"curies":[{"name":"wp","href":"https:\/\/api.w.org\/{rel}","templated":true}]}}