{"id":1624,"date":"2025-01-09T12:02:55","date_gmt":"2025-01-09T11:02:55","guid":{"rendered":"https:\/\/alsjob.fr\/?page_id=1624"},"modified":"2025-02-26T09:59:36","modified_gmt":"2025-02-26T08:59:36","slug":"candidats","status":"publish","type":"page","link":"https:\/\/alsjob.fr\/en\/candidats\/","title":{"rendered":"Candidats"},"content":{"rendered":"<div class=\"wpb-content-wrapper\"><div class=\"vc_row wpb_row vc_row-fluid\"><div class=\"wpb_column vc_column_container vc_col-sm-12\"><div class=\"vc_column-inner\"><div class=\"wpb_wrapper\">\n\t<div class=\"wpb_text_column wpb_content_element\" >\n\t\t<div class=\"wpb_wrapper\">\n\t\t\t<h1>Candidats, collaborer avec ALS JOB !<\/h1>\n\n\t\t<\/div>\n\t<\/div>\n<\/div><\/div><\/div><\/div><div class=\"vc_row wpb_row vc_row-fluid\"><div class=\"wpb_column vc_column_container vc_col-sm-12\"><div class=\"vc_column-inner\"><div class=\"wpb_wrapper\">\n\t<div class=\"wpb_text_column wpb_content_element\" >\n\t\t<div class=\"wpb_wrapper\">\n\t\t\t<p>Dans le monde du travail, chaque mission est une occasion d&rsquo;apprendre, de grandir et de contribuer \u00e0 la production de l&rsquo;entreprise. Si vous \u00eates \u00e0 la recherche de nouvelles opportunit\u00e9s professionnelles, <strong>ALS Job<\/strong> est l\u00e0 pour vous offrir un large \u00e9ventail de missions int\u00e9rimaires passionnantes et adapt\u00e9es \u00e0 vos comp\u00e9tences. Notre agence sp\u00e9cialis\u00e9e en recrutement\u00a0 est votre passerelle vers une carri\u00e8re enrichissante et pleine de possibilit\u00e9s.<\/p>\n\n\t\t<\/div>\n\t<\/div>\n<\/div><\/div><\/div><\/div><div class=\"vc_row wpb_row vc_row-fluid\"><div class=\"wpb_column vc_column_container vc_col-sm-12\"><div class=\"vc_column-inner\"><div class=\"wpb_wrapper\"><div class=\"vc_empty_space\"   style=\"height: 32px\"><span class=\"vc_empty_space_inner\"><\/span><\/div><\/div><\/div><\/div><\/div><div class=\"vc_row wpb_row vc_row-fluid\"><div class=\"wpb_column vc_column_container vc_col-sm-6\"><div class=\"vc_column-inner\"><div class=\"wpb_wrapper\">\n\t<div class=\"wpb_text_column wpb_content_element\" >\n\t\t<div class=\"wpb_wrapper\">\n\t\t\t<h2>Pourquoi Choisir ALS Job ?<\/h2>\n\n\t\t<\/div>\n\t<\/div>\n<div  class=\"vc_do_toggle vc_toggle vc_toggle_default vc_toggle_color_default  vc_toggle_size_md vc_toggle_active\"><div class=\"vc_toggle_title\"><p style=\"text-align: left;font-family:Roboto;font-weight:400;font-style:normal\" class=\"vc_custom_heading vc_do_custom_heading\" >Une Agence Sp\u00e9cialis\u00e9e<\/p><i class=\"vc_toggle_icon\"><\/i><\/div><div class=\"vc_toggle_content\"><p>Chez <strong>ALS Job<\/strong>, nous sommes sp\u00e9cialis\u00e9s dans le recrutement de personnel int\u00e9rimaire pour tous les secteurs. Nous comprenons les d\u00e9fis uniques de ce domaine et nous avons les ressources pour vous placer dans les missions qui correspondent \u00e0 vos attentes et \u00e0 vos comp\u00e9tences. Que vous soyez d\u00e9butant ou exp\u00e9riment\u00e9, nous avons des missions adapt\u00e9es \u00e0 tous les profils.<\/p>\n<\/div><\/div><div  class=\"vc_do_toggle vc_toggle vc_toggle_default vc_toggle_color_default  vc_toggle_size_md\"><div class=\"vc_toggle_title\"><p style=\"text-align: left;font-family:Roboto;font-weight:400;font-style:normal\" class=\"vc_custom_heading vc_do_custom_heading\" >Des Opportunit\u00e9s Diversifi\u00e9es<\/p><i class=\"vc_toggle_icon\"><\/i><\/div><div class=\"vc_toggle_content\"><p>Nous vous offrons une multitude de m\u00e9tiers vari\u00e9s. En rejoignant <strong>ALS Job<\/strong>, vous aurez acc\u00e8s \u00e0 un large choix de missions dans des domaines aussi divers :<\/p>\n<ul>\n<li>Le secteur agricole<\/li>\n<li>Les m\u00e9tiers de nettoyage<\/li>\n<li>La manutention<\/li>\n<li>Le conditionnement<\/li>\n<\/ul>\n<p>Peu importe vos comp\u00e9tences, nous avons des missions qui vous permettront d\u2019\u00e9voluer et d\u2019enrichir votre exp\u00e9rience professionnelle.<\/p>\n<\/div><\/div><div  class=\"vc_do_toggle vc_toggle vc_toggle_default vc_toggle_color_default  vc_toggle_size_md\"><div class=\"vc_toggle_title\"><p style=\"text-align: left;font-family:Roboto;font-weight:400;font-style:normal\" class=\"vc_custom_heading vc_do_custom_heading\" >Une Flexibilit\u00e9 Adapt\u00e9e \u00e0 Votre Vie Professionnelle<\/p><i class=\"vc_toggle_icon\"><\/i><\/div><div class=\"vc_toggle_content\"><p>L&rsquo;un des grands avantages de l&rsquo;int\u00e9rim est la flexibilit\u00e9 qu\u2019il offre. Que vous cherchiez un travail \u00e0 temps plein, \u00e0 temps partiel, ou que vous pr\u00e9f\u00e9riez des missions ponctuelles, <strong>ALS Job<\/strong> vous propose des opportunit\u00e9s adapt\u00e9es \u00e0 vos besoins. Vous choisissez quand et comment travailler, en fonction de vos disponibilit\u00e9s et de vos priorit\u00e9s personnelles.<\/p>\n<\/div><\/div><div  class=\"vc_do_toggle vc_toggle vc_toggle_default vc_toggle_color_default  vc_toggle_size_md\"><div class=\"vc_toggle_title\"><p style=\"text-align: left;font-family:Roboto;font-weight:400;font-style:normal\" class=\"vc_custom_heading vc_do_custom_heading\" >Des Formations et Un Suivi Personnalis\u00e9<\/p><i class=\"vc_toggle_icon\"><\/i><\/div><div class=\"vc_toggle_content\"><p>Nous croyons que chaque candidat m\u00e9rite d\u2019\u00eatre bien pr\u00e9par\u00e9 pour r\u00e9ussir dans son travail. C\u2019est pourquoi nous vous offrons un <strong>suivi personnalis\u00e9<\/strong> tout au long de votre parcours avec <strong>ALS Job<\/strong>. Si n\u00e9cessaire, nous vous orientons vers des formations pour renforcer vos comp\u00e9tences techniques et vous permettre de mieux r\u00e9pondre aux exigences des missions propos\u00e9es. De plus, nous sommes l\u00e0 pour vous accompagner \u00e0 chaque \u00e9tape de votre mission, afin de garantir une exp\u00e9rience de travail optimale.<\/p>\n<\/div><\/div><div  class=\"vc_do_toggle vc_toggle vc_toggle_default vc_toggle_color_default  vc_toggle_size_md\"><div class=\"vc_toggle_title\"><p style=\"text-align: left;font-family:Roboto;font-weight:400;font-style:normal\" class=\"vc_custom_heading vc_do_custom_heading\" >Des Conditions de Travail Avantageuses<\/p><i class=\"vc_toggle_icon\"><\/i><\/div><div class=\"vc_toggle_content\"><p>Travailler avec <strong>ALS Job<\/strong>, c\u2019est b\u00e9n\u00e9ficier de <strong>conditions de travail respectueuses<\/strong> et avantageuses. Nous nous engageons \u00e0 vous offrir un salaire comp\u00e9titif, conforme aux normes du secteur, et nous vous accompagnons dans la gestion de votre r\u00e9mun\u00e9ration et des avantages sociaux. Notre objectif est de vous garantir un environnement de travail stable, serein et r\u00e9mun\u00e9rateur.<\/p>\n<\/div><\/div><\/div><\/div><\/div><div class=\"wpb_column vc_column_container vc_col-sm-6\"><div class=\"vc_column-inner\"><div class=\"wpb_wrapper\"><div class=\"wpb_gallery wpb_content_element vc_clearfix\" ><div class=\"wpb_wrapper\"><div class=\"wpb_gallery_slides wpb_flexslider flexslider_fade flexslider\" data-interval=\"0\" data-flex_fx=\"fade\"><ul class=\"slides\"><li><a class=\"prettyphoto\" href=\"https:\/\/alsjob.fr\/wp-content\/uploads\/2025\/02\/cropped-view-of-recruiter-holding-photo-with-man-i-2024-11-19-12-55-04-utc1.jpg\" data-rel=\"prettyPhoto[rel-1624-829831242]\"><img loading=\"lazy\" decoding=\"async\" width=\"800\" height=\"533\" src=\"https:\/\/alsjob.fr\/wp-content\/uploads\/2025\/02\/cropped-view-of-recruiter-holding-photo-with-man-i-2024-11-19-12-55-04-utc1.jpg\" class=\"attachment-full\" alt=\"\" title=\"cropped-view-of-recruiter-holding-photo-with-man-i-2024-11-19-12-55-04-utc(1)\" srcset=\"https:\/\/alsjob.fr\/wp-content\/uploads\/2025\/02\/cropped-view-of-recruiter-holding-photo-with-man-i-2024-11-19-12-55-04-utc1.jpg 800w, https:\/\/alsjob.fr\/wp-content\/uploads\/2025\/02\/cropped-view-of-recruiter-holding-photo-with-man-i-2024-11-19-12-55-04-utc1-300x200.jpg 300w, https:\/\/alsjob.fr\/wp-content\/uploads\/2025\/02\/cropped-view-of-recruiter-holding-photo-with-man-i-2024-11-19-12-55-04-utc1-768x512.jpg 768w, https:\/\/alsjob.fr\/wp-content\/uploads\/2025\/02\/cropped-view-of-recruiter-holding-photo-with-man-i-2024-11-19-12-55-04-utc1-18x12.jpg 18w, https:\/\/alsjob.fr\/wp-content\/uploads\/2025\/02\/cropped-view-of-recruiter-holding-photo-with-man-i-2024-11-19-12-55-04-utc1-600x400.jpg 600w\" sizes=\"auto, (max-width: 800px) 100vw, 800px\" \/><\/a><\/li><\/ul><\/div><\/div><\/div><\/div><\/div><\/div><\/div><div class=\"vc_row wpb_row vc_row-fluid\"><div class=\"wpb_column vc_column_container vc_col-sm-12\"><div class=\"vc_column-inner\"><div class=\"wpb_wrapper\"><div class=\"vc_empty_space\"   style=\"height: 32px\"><span class=\"vc_empty_space_inner\"><\/span><\/div><\/div><\/div><\/div><\/div><div class=\"vc_row wpb_row vc_row-fluid\"><div class=\"wpb_column vc_column_container vc_col-sm-12\"><div class=\"vc_column-inner\"><div class=\"wpb_wrapper\">\n\t<div class=\"wpb_text_column wpb_content_element\" >\n\t\t<div class=\"wpb_wrapper\">\n\t\t\t<h3>Quels Profils Recherchons-Nous ?<\/h3>\n<p>Que vous soyez un <strong>jeune dipl\u00f4m\u00e9<\/strong> \u00e0 la recherche de votre premi\u00e8re exp\u00e9rience dans le domaine agricole ou un <strong>professionnel exp\u00e9riment\u00e9<\/strong> souhaitant diversifier ses missions, <strong>ALS Job<\/strong> est l\u2019agence id\u00e9ale pour booster votre carri\u00e8re. Nous recherchons des candidats ayant des comp\u00e9tences dans plusieurs domaines, mais surtout des personnes passionn\u00e9es, s\u00e9rieuses et motiv\u00e9es par les d\u00e9fis.<\/p>\n<p>Les profils que nous recherchons incluent :<\/p>\n<ul>\n<li><strong>Ouvriers <\/strong>, pour\u00a0 le tri et le conditionnement des produits<\/li>\n<li><strong>Conducteurs d&rsquo;engins<\/strong>, pour la conduite de tracteurs et autres machines<\/li>\n<li><strong>Techniciens<\/strong>, pour l\u2019entretien et la maintenance des \u00e9quipements<\/li>\n<li><strong>Techniciens de production<\/strong> dans la culture ou la transformation des produits<\/li>\n<\/ul>\n\n\t\t<\/div>\n\t<\/div>\n<\/div><\/div><\/div><\/div><div class=\"vc_row wpb_row vc_row-fluid\"><div class=\"wpb_column vc_column_container vc_col-sm-12\"><div class=\"vc_column-inner\"><div class=\"wpb_wrapper\"><div class=\"vc_empty_space\"   style=\"height: 32px\"><span class=\"vc_empty_space_inner\"><\/span><\/div><\/div><\/div><\/div><\/div><div class=\"vc_row wpb_row vc_row-fluid\"><div class=\"wpb_column vc_column_container vc_col-sm-6\"><div class=\"vc_column-inner\"><div class=\"wpb_wrapper\"><div class=\"wpb_gallery wpb_content_element vc_clearfix\" ><div class=\"wpb_wrapper\"><div class=\"wpb_gallery_slides wpb_flexslider flexslider_fade flexslider\" data-interval=\"0\" data-flex_fx=\"fade\"><ul class=\"slides\"><li><a class=\"prettyphoto\" href=\"https:\/\/alsjob.fr\/wp-content\/uploads\/2025\/02\/happy-young-male-engineer-in-overalls-and-checkere-2023-11-27-04-57-52-utc1-1024x683.jpg\" data-rel=\"prettyPhoto[rel-1624-31276219]\"><img loading=\"lazy\" decoding=\"async\" width=\"2476\" height=\"1651\" src=\"https:\/\/alsjob.fr\/wp-content\/uploads\/2025\/02\/happy-young-male-engineer-in-overalls-and-checkere-2023-11-27-04-57-52-utc1.jpg\" class=\"attachment-full\" alt=\"\" title=\"happy-young-male-engineer-in-overalls-and-checkere-2023-11-27-04-57-52-utc(1)\" srcset=\"https:\/\/alsjob.fr\/wp-content\/uploads\/2025\/02\/happy-young-male-engineer-in-overalls-and-checkere-2023-11-27-04-57-52-utc1.jpg 2476w, https:\/\/alsjob.fr\/wp-content\/uploads\/2025\/02\/happy-young-male-engineer-in-overalls-and-checkere-2023-11-27-04-57-52-utc1-300x200.jpg 300w, https:\/\/alsjob.fr\/wp-content\/uploads\/2025\/02\/happy-young-male-engineer-in-overalls-and-checkere-2023-11-27-04-57-52-utc1-1024x683.jpg 1024w, https:\/\/alsjob.fr\/wp-content\/uploads\/2025\/02\/happy-young-male-engineer-in-overalls-and-checkere-2023-11-27-04-57-52-utc1-768x512.jpg 768w, https:\/\/alsjob.fr\/wp-content\/uploads\/2025\/02\/happy-young-male-engineer-in-overalls-and-checkere-2023-11-27-04-57-52-utc1-1536x1024.jpg 1536w, https:\/\/alsjob.fr\/wp-content\/uploads\/2025\/02\/happy-young-male-engineer-in-overalls-and-checkere-2023-11-27-04-57-52-utc1-2048x1366.jpg 2048w, https:\/\/alsjob.fr\/wp-content\/uploads\/2025\/02\/happy-young-male-engineer-in-overalls-and-checkere-2023-11-27-04-57-52-utc1-18x12.jpg 18w, https:\/\/alsjob.fr\/wp-content\/uploads\/2025\/02\/happy-young-male-engineer-in-overalls-and-checkere-2023-11-27-04-57-52-utc1-600x400.jpg 600w\" sizes=\"auto, (max-width: 2476px) 100vw, 2476px\" \/><\/a><\/li><\/ul><\/div><\/div><\/div><\/div><\/div><\/div><div class=\"wpb_column vc_column_container vc_col-sm-6\"><div class=\"vc_column-inner\"><div class=\"wpb_wrapper\">\n\t<div class=\"wpb_text_column wpb_content_element\" >\n\t\t<div class=\"wpb_wrapper\">\n\t\t\t<h3>Quels Profils Recherchons-Nous ?<\/h3>\n\n\t\t<\/div>\n\t<\/div>\n<div  class=\"vc_do_toggle vc_toggle vc_toggle_default vc_toggle_color_default  vc_toggle_size_md vc_toggle_active\"><div class=\"vc_toggle_title\"><p style=\"text-align: left;font-family:Roboto;font-weight:400;font-style:normal\" class=\"vc_custom_heading vc_do_custom_heading\" >Contactez-nous facilement<\/p><i class=\"vc_toggle_icon\"><\/i><\/div><div class=\"vc_toggle_content\"><p>Vous souhaitez rejoindre notre \u00e9quipe et d\u00e9couvrir les opportunit\u00e9s qui s\u2019offrent \u00e0 vous ? Il vous suffit de nous contacter pour discuter de vos attentes et de vos comp\u00e9tences. Nous vous guiderons dans le processus de recrutement et vous orienterons vers les missions les plus adapt\u00e9es \u00e0 votre profil.<\/p>\n<\/div><\/div><div  class=\"vc_do_toggle vc_toggle vc_toggle_default vc_toggle_color_default  vc_toggle_size_md\"><div class=\"vc_toggle_title\"><p style=\"text-align: left;font-family:Roboto;font-weight:400;font-style:normal\" class=\"vc_custom_heading vc_do_custom_heading\" >D\u00e9posez votre CV en ligne<\/p><i class=\"vc_toggle_icon\"><\/i><\/div><div class=\"vc_toggle_content\"><p>Rien de plus simple ! Vous pouvez postuler directement en ligne sur notre site web. D\u00e9posez votre CV et un membre de notre \u00e9quipe prendra contact avec vous pour discuter de vos aspirations professionnelles et des missions disponibles.<\/p>\n<\/div><\/div><div  class=\"vc_do_toggle vc_toggle vc_toggle_default vc_toggle_color_default  vc_toggle_size_md\"><div class=\"vc_toggle_title\"><p style=\"text-align: left;font-family:Roboto;font-weight:400;font-style:normal\" class=\"vc_custom_heading vc_do_custom_heading\" >Entretien personnalis\u00e9<\/p><i class=\"vc_toggle_icon\"><\/i><\/div><div class=\"vc_toggle_content\"><p>Une fois votre candidature \u00e9tudi\u00e9e, nous organiserons un entretien pour mieux comprendre vos attentes et vous proposer des missions qui vous correspondent. Lors de cet entretien, nous r\u00e9pondrons \u00e9galement \u00e0 toutes vos questions concernant les missions, les salaires et les conditions de travail.<\/p>\n<\/div><\/div><\/div><\/div><\/div><\/div><div class=\"vc_row wpb_row vc_row-fluid\"><div class=\"wpb_column vc_column_container vc_col-sm-12\"><div class=\"vc_column-inner\"><div class=\"wpb_wrapper\"><div class=\"vc_empty_space\"   style=\"height: 32px\"><span class=\"vc_empty_space_inner\"><\/span><\/div><\/div><\/div><\/div><\/div><div class=\"vc_row wpb_row vc_row-fluid\"><div class=\"wpb_column vc_column_container vc_col-sm-12\"><div class=\"vc_column-inner\"><div class=\"wpb_wrapper\">\n\t<div class=\"wpb_text_column wpb_content_element\" >\n\t\t<div class=\"wpb_wrapper\">\n\t\t\t<h3>Comment Postuler chez ALS Job ?<\/h3>\n<p><strong>1. Contactez-nous facilement<\/strong><br \/>\nVous souhaitez rejoindre notre \u00e9quipe et d\u00e9couvrir les opportunit\u00e9s qui s\u2019offrent \u00e0 vous ? Il vous suffit de nous contacter pour discuter de vos attentes et de vos comp\u00e9tences. Nous vous guiderons dans le processus de recrutement et vous orienterons vers les missions les plus adapt\u00e9es \u00e0 votre profil.<\/p>\n<p><strong>2. D\u00e9posez votre CV en ligne<\/strong><br \/>\nRien de plus simple ! Vous pouvez postuler directement en ligne sur notre site web. D\u00e9posez votre CV et un membre de notre \u00e9quipe prendra contact avec vous pour discuter de vos aspirations professionnelles et des missions disponibles.<\/p>\n<p><strong>3. Entretien personnalis\u00e9<\/strong><br \/>\nUne fois votre candidature \u00e9tudi\u00e9e, nous organiserons un entretien pour mieux comprendre vos attentes et vous proposer des missions qui vous correspondent. Lors de cet entretien, nous r\u00e9pondrons \u00e9galement \u00e0 toutes vos questions concernant les missions, les salaires et les conditions de travail.<\/p>\n<h3>Pourquoi Travailler avec ALS Job ?<\/h3>\n<p><strong>ALS Job<\/strong> n\u2019est pas simplement une agence d\u2019int\u00e9rim ; nous sommes votre partenaire de carri\u00e8re. Nous mettons un point d\u2019honneur \u00e0 vous fournir un accompagnement de qualit\u00e9, \u00e0 vous offrir des missions int\u00e9ressantes et \u00e0 vous permettre d\u2019\u00e9voluer dans le secteur agricole. Nous croyons en la relation de confiance, en l\u2019\u00e9coute et en la transparence. Travailler avec nous, c\u2019est l\u2019assurance d\u2019un soutien constant, de missions valorisantes et d\u2019une exp\u00e9rience de travail qui vous permettra de grandir professionnellement.<\/p>\n<h3>Pr\u00eat \u00e0 Rejoindre l&rsquo;Aventure ALS Job ?<\/h3>\n<p>Si vous \u00eates motiv\u00e9, passionn\u00e9 par l\u2019agriculture et pr\u00eat \u00e0 relever de nouveaux d\u00e9fis, <strong>ALS Job<\/strong> est l\u00e0 pour vous aider \u00e0 trouver la mission qui correspond \u00e0 vos ambitions. Contactez-nous d\u00e8s aujourd\u2019hui et commencez une nouvelle aventure professionnelle dans le secteur agricole.<\/p>\n\n\t\t<\/div>\n\t<\/div>\n<\/div><\/div><\/div><\/div>\n<\/div>","protected":false},"excerpt":{"rendered":"Candidats, collaborer avec ALS JOB ! Dans le monde du travail, chaque mission est une occasion d'apprendre, de grandir et de contribuer \u00e0 la production de l'entreprise. Si vous \u00eates \u00e0 la recherche de nouvelles opportunit\u00e9s professionnelles, ALS Job est l\u00e0 pour vous offrir un large \u00e9ventail de missions int\u00e9rimaires passionnantes et adapt\u00e9es \u00e0 vos &hellip; <br \/><a href=\"https:\/\/alsjob.fr\/en\/candidats\/\" class=\"more-link\">Continue reading <span class=\"screen-reader-text\">Candidats<\/span><\/a>","protected":false},"author":1,"featured_media":0,"parent":0,"menu_order":0,"comment_status":"closed","ping_status":"closed","template":"","meta":{"footnotes":""},"class_list":["post-1624","page","type-page","status-publish","hentry"],"yoast_head":"<!-- This site is optimized with the Yoast SEO plugin v27.1.1 - https:\/\/yoast.com\/product\/yoast-seo-wordpress\/ -->\n<title>Candidats - ALS JOB<\/title>\n<meta name=\"robots\" content=\"index, follow, max-snippet:-1, max-image-preview:large, max-video-preview:-1\" \/>\n<link rel=\"canonical\" href=\"https:\/\/alsjob.fr\/en\/candidats\/\" \/>\n<meta property=\"og:locale\" content=\"en_US\" \/>\n<meta property=\"og:type\" content=\"article\" \/>\n<meta property=\"og:title\" content=\"Candidats - ALS JOB\" \/>\n<meta property=\"og:url\" content=\"https:\/\/alsjob.fr\/en\/candidats\/\" \/>\n<meta property=\"og:site_name\" content=\"ALS JOB\" \/>\n<meta property=\"article:publisher\" content=\"https:\/\/facebook.com\/asljob\" \/>\n<meta property=\"article:modified_time\" content=\"2025-02-26T08:59:36+00:00\" \/>\n<meta name=\"twitter:card\" content=\"summary_large_image\" \/>\n<meta name=\"twitter:label1\" content=\"Est. reading time\" \/>\n\t<meta name=\"twitter:data1\" content=\"6 minutes\" \/>\n<script type=\"application\/ld+json\" class=\"yoast-schema-graph\">{\"@context\":\"https:\/\/schema.org\",\"@graph\":[{\"@type\":\"WebPage\",\"@id\":\"https:\/\/alsjob.fr\/candidats\/\",\"url\":\"https:\/\/alsjob.fr\/candidats\/\",\"name\":\"Candidats - ALS JOB\",\"isPartOf\":{\"@id\":\"https:\/\/alsjob.fr\/#website\"},\"datePublished\":\"2025-01-09T11:02:55+00:00\",\"dateModified\":\"2025-02-26T08:59:36+00:00\",\"breadcrumb\":{\"@id\":\"https:\/\/alsjob.fr\/candidats\/#breadcrumb\"},\"inLanguage\":\"en-US\",\"potentialAction\":[{\"@type\":\"ReadAction\",\"target\":[\"https:\/\/alsjob.fr\/candidats\/\"]}]},{\"@type\":\"BreadcrumbList\",\"@id\":\"https:\/\/alsjob.fr\/candidats\/#breadcrumb\",\"itemListElement\":[{\"@type\":\"ListItem\",\"position\":1,\"name\":\"Accueil\",\"item\":\"https:\/\/alsjob.fr\/\"},{\"@type\":\"ListItem\",\"position\":2,\"name\":\"Candidats\"}]},{\"@type\":\"WebSite\",\"@id\":\"https:\/\/alsjob.fr\/#website\",\"url\":\"https:\/\/alsjob.fr\/\",\"name\":\"ALS JOB\",\"description\":\"\",\"publisher\":{\"@id\":\"https:\/\/alsjob.fr\/#organization\"},\"potentialAction\":[{\"@type\":\"SearchAction\",\"target\":{\"@type\":\"EntryPoint\",\"urlTemplate\":\"https:\/\/alsjob.fr\/?s={search_term_string}\"},\"query-input\":{\"@type\":\"PropertyValueSpecification\",\"valueRequired\":true,\"valueName\":\"search_term_string\"}}],\"inLanguage\":\"en-US\"},{\"@type\":\"Organization\",\"@id\":\"https:\/\/alsjob.fr\/#organization\",\"name\":\"ALS JOB\",\"url\":\"https:\/\/alsjob.fr\/\",\"logo\":{\"@type\":\"ImageObject\",\"inLanguage\":\"en-US\",\"@id\":\"https:\/\/alsjob.fr\/#\/schema\/logo\/image\/\",\"url\":\"https:\/\/alsjob.fr\/wp-content\/uploads\/2025\/01\/Capture-decran-2025-01-10-a-16.58.46.png\",\"contentUrl\":\"https:\/\/alsjob.fr\/wp-content\/uploads\/2025\/01\/Capture-decran-2025-01-10-a-16.58.46.png\",\"width\":556,\"height\":262,\"caption\":\"ALS JOB\"},\"image\":{\"@id\":\"https:\/\/alsjob.fr\/#\/schema\/logo\/image\/\"},\"sameAs\":[\"https:\/\/facebook.com\/asljob\",\"https:\/\/linkedin.com\/alsjob\",\"https:\/\/instagram.com\/alsjob\"]}]}<\/script>\n<!-- \/ Yoast SEO plugin. -->","yoast_head_json":{"title":"Candidats - ALS JOB","robots":{"index":"index","follow":"follow","max-snippet":"max-snippet:-1","max-image-preview":"max-image-preview:large","max-video-preview":"max-video-preview:-1"},"canonical":"https:\/\/alsjob.fr\/en\/candidats\/","og_locale":"en_US","og_type":"article","og_title":"Candidats - ALS JOB","og_url":"https:\/\/alsjob.fr\/en\/candidats\/","og_site_name":"ALS JOB","article_publisher":"https:\/\/facebook.com\/asljob","article_modified_time":"2025-02-26T08:59:36+00:00","twitter_card":"summary_large_image","twitter_misc":{"Est. reading time":"6 minutes"},"schema":{"@context":"https:\/\/schema.org","@graph":[{"@type":"WebPage","@id":"https:\/\/alsjob.fr\/candidats\/","url":"https:\/\/alsjob.fr\/candidats\/","name":"Candidats - ALS JOB","isPartOf":{"@id":"https:\/\/alsjob.fr\/#website"},"datePublished":"2025-01-09T11:02:55+00:00","dateModified":"2025-02-26T08:59:36+00:00","breadcrumb":{"@id":"https:\/\/alsjob.fr\/candidats\/#breadcrumb"},"inLanguage":"en-US","potentialAction":[{"@type":"ReadAction","target":["https:\/\/alsjob.fr\/candidats\/"]}]},{"@type":"BreadcrumbList","@id":"https:\/\/alsjob.fr\/candidats\/#breadcrumb","itemListElement":[{"@type":"ListItem","position":1,"name":"Accueil","item":"https:\/\/alsjob.fr\/"},{"@type":"ListItem","position":2,"name":"Candidats"}]},{"@type":"WebSite","@id":"https:\/\/alsjob.fr\/#website","url":"https:\/\/alsjob.fr\/","name":"ALS JOB","description":"","publisher":{"@id":"https:\/\/alsjob.fr\/#organization"},"potentialAction":[{"@type":"SearchAction","target":{"@type":"EntryPoint","urlTemplate":"https:\/\/alsjob.fr\/?s={search_term_string}"},"query-input":{"@type":"PropertyValueSpecification","valueRequired":true,"valueName":"search_term_string"}}],"inLanguage":"en-US"},{"@type":"Organization","@id":"https:\/\/alsjob.fr\/#organization","name":"ALS JOB","url":"https:\/\/alsjob.fr\/","logo":{"@type":"ImageObject","inLanguage":"en-US","@id":"https:\/\/alsjob.fr\/#\/schema\/logo\/image\/","url":"https:\/\/alsjob.fr\/wp-content\/uploads\/2025\/01\/Capture-decran-2025-01-10-a-16.58.46.png","contentUrl":"https:\/\/alsjob.fr\/wp-content\/uploads\/2025\/01\/Capture-decran-2025-01-10-a-16.58.46.png","width":556,"height":262,"caption":"ALS JOB"},"image":{"@id":"https:\/\/alsjob.fr\/#\/schema\/logo\/image\/"},"sameAs":["https:\/\/facebook.com\/asljob","https:\/\/linkedin.com\/alsjob","https:\/\/instagram.com\/alsjob"]}]}},"_links":{"self":[{"href":"https:\/\/alsjob.fr\/en\/wp-json\/wp\/v2\/pages\/1624","targetHints":{"allow":["GET"]}}],"collection":[{"href":"https:\/\/alsjob.fr\/en\/wp-json\/wp\/v2\/pages"}],"about":[{"href":"https:\/\/alsjob.fr\/en\/wp-json\/wp\/v2\/types\/page"}],"author":[{"embeddable":true,"href":"https:\/\/alsjob.fr\/en\/wp-json\/wp\/v2\/users\/1"}],"replies":[{"embeddable":true,"href":"https:\/\/alsjob.fr\/en\/wp-json\/wp\/v2\/comments?post=1624"}],"version-history":[{"count":14,"href":"https:\/\/alsjob.fr\/en\/wp-json\/wp\/v2\/pages\/1624\/revisions"}],"predecessor-version":[{"id":2018,"href":"https:\/\/alsjob.fr\/en\/wp-json\/wp\/v2\/pages\/1624\/revisions\/2018"}],"wp:attachment":[{"href":"https:\/\/alsjob.fr\/en\/wp-json\/wp\/v2\/media?parent=1624"}],"curies":[{"name":"wp","href":"https:\/\/api.w.org\/{rel}","templated":true}]}}