{"id":1626,"date":"2025-01-09T12:03:05","date_gmt":"2025-01-09T11:03:05","guid":{"rendered":"https:\/\/alsjob.fr\/?page_id=1626"},"modified":"2025-02-26T10:07:56","modified_gmt":"2025-02-26T09:07:56","slug":"entreprises","status":"publish","type":"page","link":"https:\/\/alsjob.fr\/en\/entreprises\/","title":{"rendered":"Entreprises"},"content":{"rendered":"<div class=\"wpb-content-wrapper\"><div class=\"vc_row wpb_row vc_row-fluid\"><div class=\"wpb_column vc_column_container vc_col-sm-12\"><div class=\"vc_column-inner\"><div class=\"wpb_wrapper\">\n\t<div class=\"wpb_text_column wpb_content_element\" >\n\t\t<div class=\"wpb_wrapper\">\n\t\t\t<h1>Nos services pour les entreprises<\/h1>\n\n\t\t<\/div>\n\t<\/div>\n<\/div><\/div><\/div><\/div><div class=\"vc_row wpb_row vc_row-fluid\"><div class=\"wpb_column vc_column_container vc_col-sm-12\"><div class=\"vc_column-inner\"><div class=\"wpb_wrapper\">\n\t<div class=\"wpb_text_column wpb_content_element\" >\n\t\t<div class=\"wpb_wrapper\">\n\t\t\t<p><strong>Boostez la Productivit\u00e9 de Votre Entreprise avec ALS Job, Votre Partenaire de Confiance<br \/>\n<\/strong><\/p>\n<p>Dans un monde ou le besoin en ressources est en constante \u00e9volution, les entreprises doivent faire face \u00e0 des d\u00e9fis uniques, qu\u2019il s\u2019agisse de la gestion des pics de travail , de la flexibilit\u00e9 des \u00e9quipes ou de la recherche de comp\u00e9tences sp\u00e9cifiques. Chez <strong>ALS Job<\/strong>, nous comprenons ces enjeux et mettons \u00e0 votre disposition une expertise in\u00e9gal\u00e9e en recrutement et gestion de personnel int\u00e9rimaire sp\u00e9cialis\u00e9 dans tous les m\u00e9tiers. Situ\u00e9e en r\u00e9gion parisienne, notre agence est votre alli\u00e9e sur tout le territoire pour garantir des accompagnements optimis\u00e9es.<\/p>\n\n\t\t<\/div>\n\t<\/div>\n<\/div><\/div><\/div><\/div><div class=\"vc_row wpb_row vc_row-fluid\"><div class=\"wpb_column vc_column_container vc_col-sm-12\"><div class=\"vc_column-inner\"><div class=\"wpb_wrapper\">\n\t<div class=\"wpb_text_column wpb_content_element\" >\n\t\t<div class=\"wpb_wrapper\">\n\t\t\t<h2>Pourquoi Choisir ALS Job pour vos Besoins en Int\u00e9rim ?<\/h2>\n\n\t\t<\/div>\n\t<\/div>\n<\/div><\/div><\/div><\/div><div class=\"vc_row wpb_row vc_row-fluid\"><div class=\"wpb_column vc_column_container vc_col-sm-6\"><div class=\"vc_column-inner\"><div class=\"wpb_wrapper\"><div class=\"vc_empty_space\"   style=\"height: 10px\"><span class=\"vc_empty_space_inner\"><\/span><\/div><div  class=\"vc_do_toggle vc_toggle vc_toggle_default vc_toggle_color_default  vc_toggle_size_md vc_toggle_active\"><div class=\"vc_toggle_title\"><p style=\"text-align: left;font-family:Roboto;font-weight:400;font-style:normal\" class=\"vc_custom_heading vc_do_custom_heading\" >Une Expertise sp\u00e9cialis\u00e9e<\/p><i class=\"vc_toggle_icon\"><\/i><\/div><div class=\"vc_toggle_content\"><p>En tant qu\u2019agence d&rsquo;int\u00e9rim, nous connaissons parfaitement les r\u00e9alit\u00e9s de vos secteurs. Nous comprenons les exigences de chaque m\u00e9tier et savons o\u00f9 trouver les talents n\u00e9cessaires pour garantir le succ\u00e8s de vos projets. Nos candidats sont pr\u00eats \u00e0 r\u00e9pondre \u00e0 vos besoins sp\u00e9cifiques.<\/p>\n<\/div><\/div><div  class=\"vc_do_toggle vc_toggle vc_toggle_default vc_toggle_color_default  vc_toggle_size_md\"><div class=\"vc_toggle_title\"><p style=\"text-align: left;font-family:Roboto;font-weight:400;font-style:normal\" class=\"vc_custom_heading vc_do_custom_heading\" >Des Solutions Flexibles et Sur-Mesure<\/p><i class=\"vc_toggle_icon\"><\/i><\/div><div class=\"vc_toggle_content\"><p>Que vous ayez besoin de main-d&rsquo;\u0153uvre pour un projet ponctuel ou d&rsquo;un renfort durant la p\u00e9riode de forte demande, <strong>ALS Job<\/strong> vous offre une flexibilit\u00e9 optimale. Nous vous proposons des profils adapt\u00e9s \u00e0 vos besoins, avec des missions temporaires ou de longue dur\u00e9e, pour vous permettre de vous concentrer sur ce qui compte vraiment : la r\u00e9ussite de votre entreprise.<\/p>\n<\/div><\/div><div  class=\"vc_do_toggle vc_toggle vc_toggle_default vc_toggle_color_default  vc_toggle_size_md\"><div class=\"vc_toggle_title\"><p style=\"text-align: left;font-family:Roboto;font-weight:400;font-style:normal\" class=\"vc_custom_heading vc_do_custom_heading\" >Des Candidats Qualifi\u00e9s et Form\u00e9s<\/p><i class=\"vc_toggle_icon\"><\/i><\/div><div class=\"vc_toggle_content\"><p>Nous s\u00e9lectionnons rigoureusement nos int\u00e9rimaires pour garantir qu&rsquo;ils poss\u00e8dent non seulement les comp\u00e9tences techniques n\u00e9cessaires mais aussi une compr\u00e9hension approfondie des exigences de votre entreprise. Nos candidats sont form\u00e9s aux normes de s\u00e9curit\u00e9, \u00e0 la r\u00e9glementation en vigueur et aux meilleures pratiques, assurant ainsi un travail efficace et conforme aux standards de qualit\u00e9.<\/p>\n<\/div><\/div><div  class=\"vc_do_toggle vc_toggle vc_toggle_default vc_toggle_color_default  vc_toggle_size_md\"><div class=\"vc_toggle_title\"><p style=\"text-align: left;font-family:Roboto;font-weight:400;font-style:normal\" class=\"vc_custom_heading vc_do_custom_heading\" >R\u00e9duction du Stress Administratif<\/p><i class=\"vc_toggle_icon\"><\/i><\/div><div class=\"vc_toggle_content\"><p>Le recrutement et la gestion des int\u00e9rimaires peuvent \u00eatre un processus complexe. En travaillant avec <strong>ALS Job<\/strong>, vous b\u00e9n\u00e9ficiez d\u2019un service cl\u00e9 en main qui s\u2019occupe de tout : du recrutement \u00e0 la gestion administrative, en passant par le suivi des missions. Vous gagnez ainsi un temps pr\u00e9cieux et \u00e9vitez les tracas administratifs, vous permettant de vous concentrer sur vos priorit\u00e9s.<\/p>\n<\/div><\/div><div  class=\"vc_do_toggle vc_toggle vc_toggle_default vc_toggle_color_default  vc_toggle_size_md\"><div class=\"vc_toggle_title\"><p style=\"text-align: left;font-family:Roboto;font-weight:400;font-style:normal\" class=\"vc_custom_heading vc_do_custom_heading\" >Une Relation de Confiance et de Long Terme<\/p><i class=\"vc_toggle_icon\"><\/i><\/div><div class=\"vc_toggle_content\"><p>Nous consid\u00e9rons chaque collaboration comme une relation \u00e0 long terme. Nous nous engageons \u00e0 offrir un service de qualit\u00e9, \u00e0 toujours \u00eatre \u00e0 l&rsquo;\u00e9coute de vos besoins et \u00e0 faire en sorte que votre exp\u00e9rience avec notre agence soit fluide et productive. Votre satisfaction est notre priorit\u00e9, et nous mettons tout en \u0153uvre pour que vous puissiez compter sur nous en toute confiance.<\/p>\n<\/div><\/div><\/div><\/div><\/div><div class=\"wpb_column vc_column_container vc_col-sm-6\"><div class=\"vc_column-inner\"><div class=\"wpb_wrapper\"><div class=\"wpb_gallery wpb_content_element vc_clearfix\" ><div class=\"wpb_wrapper\"><div class=\"wpb_gallery_slides wpb_flexslider flexslider_fade flexslider\" data-interval=\"0\" data-flex_fx=\"fade\"><ul class=\"slides\"><li><a class=\"prettyphoto\" href=\"https:\/\/alsjob.fr\/wp-content\/uploads\/2025\/01\/5-1024x683.jpg\" data-rel=\"prettyPhoto[rel-1626-784501683]\"><img loading=\"lazy\" decoding=\"async\" width=\"660\" height=\"440\" src=\"https:\/\/alsjob.fr\/wp-content\/uploads\/2025\/01\/5-1024x683.jpg\" class=\"attachment-large\" alt=\"\" title=\"5\" srcset=\"https:\/\/alsjob.fr\/wp-content\/uploads\/2025\/01\/5-1024x683.jpg 1024w, https:\/\/alsjob.fr\/wp-content\/uploads\/2025\/01\/5-300x200.jpg 300w, https:\/\/alsjob.fr\/wp-content\/uploads\/2025\/01\/5-768x512.jpg 768w, https:\/\/alsjob.fr\/wp-content\/uploads\/2025\/01\/5.jpg 1200w\" sizes=\"auto, (max-width: 660px) 100vw, 660px\" \/><\/a><\/li><\/ul><\/div><\/div><\/div><\/div><\/div><\/div><\/div><div class=\"vc_row wpb_row vc_row-fluid\"><div class=\"wpb_column vc_column_container vc_col-sm-12\"><div class=\"vc_column-inner\"><div class=\"wpb_wrapper\"><div class=\"vc_empty_space\"   style=\"height: 32px\"><span class=\"vc_empty_space_inner\"><\/span><\/div><\/div><\/div><\/div><\/div><div class=\"vc_row wpb_row vc_row-fluid\"><div class=\"wpb_column vc_column_container vc_col-sm-12\"><div class=\"vc_column-inner\"><div class=\"wpb_wrapper\"><div class=\"vc_empty_space\"   style=\"height: 32px\"><span class=\"vc_empty_space_inner\"><\/span><\/div><\/div><\/div><\/div><\/div><div class=\"vc_row wpb_row vc_row-fluid\"><div class=\"wpb_column vc_column_container vc_col-sm-12\"><div class=\"vc_column-inner\"><div class=\"wpb_wrapper\">\n\t<div class=\"wpb_text_column wpb_content_element\" >\n\t\t<div class=\"wpb_wrapper\">\n\t\t\t<h3>Des Partenariats Gagnants pour Votre Entreprise<\/h3>\n<p>Collaborer avec <strong>ALS Job<\/strong>, c\u2019est b\u00e9n\u00e9ficier d\u2019un v\u00e9ritable partenaire dans le d\u00e9veloppement de votre activit\u00e9. Nous ne nous contentons pas de fournir du personnel int\u00e9rimaire ; nous vous aidons \u00e0 renforcer vos \u00e9quipes, \u00e0 optimiser vos processus de travail et \u00e0 am\u00e9liorer vos performances.<\/p>\n<p>En nous choisissant comme partenaire de recrutement, vous faites le choix de la qualit\u00e9, de la flexibilit\u00e9 et de l\u2019expertise. Gr\u00e2ce \u00e0 nos services, vous r\u00e9duisez les risques li\u00e9s \u00e0 la gestion des ressources humaines, tout en vous assurant que votre entreprise dispose des meilleures comp\u00e9tences pour relever les d\u00e9fis de demain.<\/p>\n<h3>Comment Nous Contacter ?<\/h3>\n<p>\u00cates-vous pr\u00eats \u00e0 transformer votre mani\u00e8re de travailler avec des solutions d\u2019int\u00e9rim efficaces et adapt\u00e9es \u00e0 vos besoins agricoles ? <strong>ALS Job<\/strong> est l\u00e0 pour vous accompagner. Contactez-nous d\u00e8s aujourd&rsquo;hui pour discuter de vos besoins en main-d\u2019\u0153uvre, et d\u00e9couvrons ensemble comment nous pouvons contribuer \u00e0 la r\u00e9ussite de votre entreprise.<\/p>\n\n\t\t<\/div>\n\t<\/div>\n<\/div><\/div><\/div><\/div>\n<\/div>","protected":false},"excerpt":{"rendered":"Nos services pour les entreprises Boostez la Productivit\u00e9 de Votre Entreprise avec ALS Job, Votre Partenaire de Confiance Dans un monde ou le besoin en ressources est en constante \u00e9volution, les entreprises doivent faire face \u00e0 des d\u00e9fis uniques, qu\u2019il s\u2019agisse de la gestion des pics de travail , de la flexibilit\u00e9 des \u00e9quipes ou &hellip; <br \/><a href=\"https:\/\/alsjob.fr\/en\/entreprises\/\" class=\"more-link\">Continue reading <span class=\"screen-reader-text\">Entreprises<\/span><\/a>","protected":false},"author":1,"featured_media":0,"parent":0,"menu_order":0,"comment_status":"closed","ping_status":"closed","template":"","meta":{"footnotes":""},"class_list":["post-1626","page","type-page","status-publish","hentry"],"yoast_head":"<!-- This site is optimized with the Yoast SEO plugin v27.1.1 - https:\/\/yoast.com\/product\/yoast-seo-wordpress\/ -->\n<title>Entreprises - ALS JOB<\/title>\n<meta name=\"robots\" content=\"index, follow, max-snippet:-1, max-image-preview:large, max-video-preview:-1\" \/>\n<link rel=\"canonical\" href=\"https:\/\/alsjob.fr\/en\/entreprises\/\" \/>\n<meta property=\"og:locale\" content=\"en_US\" \/>\n<meta property=\"og:type\" content=\"article\" \/>\n<meta property=\"og:title\" content=\"Entreprises - ALS JOB\" \/>\n<meta property=\"og:url\" content=\"https:\/\/alsjob.fr\/en\/entreprises\/\" \/>\n<meta property=\"og:site_name\" content=\"ALS JOB\" \/>\n<meta property=\"article:publisher\" content=\"https:\/\/facebook.com\/asljob\" \/>\n<meta property=\"article:modified_time\" content=\"2025-02-26T09:07:56+00:00\" \/>\n<meta name=\"twitter:card\" content=\"summary_large_image\" \/>\n<meta name=\"twitter:label1\" content=\"Est. reading time\" \/>\n\t<meta name=\"twitter:data1\" content=\"4 minutes\" \/>\n<script type=\"application\/ld+json\" class=\"yoast-schema-graph\">{\"@context\":\"https:\/\/schema.org\",\"@graph\":[{\"@type\":\"WebPage\",\"@id\":\"https:\/\/alsjob.fr\/entreprises\/\",\"url\":\"https:\/\/alsjob.fr\/entreprises\/\",\"name\":\"Entreprises - ALS JOB\",\"isPartOf\":{\"@id\":\"https:\/\/alsjob.fr\/#website\"},\"datePublished\":\"2025-01-09T11:03:05+00:00\",\"dateModified\":\"2025-02-26T09:07:56+00:00\",\"breadcrumb\":{\"@id\":\"https:\/\/alsjob.fr\/entreprises\/#breadcrumb\"},\"inLanguage\":\"en-US\",\"potentialAction\":[{\"@type\":\"ReadAction\",\"target\":[\"https:\/\/alsjob.fr\/entreprises\/\"]}]},{\"@type\":\"BreadcrumbList\",\"@id\":\"https:\/\/alsjob.fr\/entreprises\/#breadcrumb\",\"itemListElement\":[{\"@type\":\"ListItem\",\"position\":1,\"name\":\"Accueil\",\"item\":\"https:\/\/alsjob.fr\/\"},{\"@type\":\"ListItem\",\"position\":2,\"name\":\"Entreprises\"}]},{\"@type\":\"WebSite\",\"@id\":\"https:\/\/alsjob.fr\/#website\",\"url\":\"https:\/\/alsjob.fr\/\",\"name\":\"ALS JOB\",\"description\":\"\",\"publisher\":{\"@id\":\"https:\/\/alsjob.fr\/#organization\"},\"potentialAction\":[{\"@type\":\"SearchAction\",\"target\":{\"@type\":\"EntryPoint\",\"urlTemplate\":\"https:\/\/alsjob.fr\/?s={search_term_string}\"},\"query-input\":{\"@type\":\"PropertyValueSpecification\",\"valueRequired\":true,\"valueName\":\"search_term_string\"}}],\"inLanguage\":\"en-US\"},{\"@type\":\"Organization\",\"@id\":\"https:\/\/alsjob.fr\/#organization\",\"name\":\"ALS JOB\",\"url\":\"https:\/\/alsjob.fr\/\",\"logo\":{\"@type\":\"ImageObject\",\"inLanguage\":\"en-US\",\"@id\":\"https:\/\/alsjob.fr\/#\/schema\/logo\/image\/\",\"url\":\"https:\/\/alsjob.fr\/wp-content\/uploads\/2025\/01\/Capture-decran-2025-01-10-a-16.58.46.png\",\"contentUrl\":\"https:\/\/alsjob.fr\/wp-content\/uploads\/2025\/01\/Capture-decran-2025-01-10-a-16.58.46.png\",\"width\":556,\"height\":262,\"caption\":\"ALS JOB\"},\"image\":{\"@id\":\"https:\/\/alsjob.fr\/#\/schema\/logo\/image\/\"},\"sameAs\":[\"https:\/\/facebook.com\/asljob\",\"https:\/\/linkedin.com\/alsjob\",\"https:\/\/instagram.com\/alsjob\"]}]}<\/script>\n<!-- \/ Yoast SEO plugin. -->","yoast_head_json":{"title":"Entreprises - ALS JOB","robots":{"index":"index","follow":"follow","max-snippet":"max-snippet:-1","max-image-preview":"max-image-preview:large","max-video-preview":"max-video-preview:-1"},"canonical":"https:\/\/alsjob.fr\/en\/entreprises\/","og_locale":"en_US","og_type":"article","og_title":"Entreprises - ALS JOB","og_url":"https:\/\/alsjob.fr\/en\/entreprises\/","og_site_name":"ALS JOB","article_publisher":"https:\/\/facebook.com\/asljob","article_modified_time":"2025-02-26T09:07:56+00:00","twitter_card":"summary_large_image","twitter_misc":{"Est. reading time":"4 minutes"},"schema":{"@context":"https:\/\/schema.org","@graph":[{"@type":"WebPage","@id":"https:\/\/alsjob.fr\/entreprises\/","url":"https:\/\/alsjob.fr\/entreprises\/","name":"Entreprises - ALS JOB","isPartOf":{"@id":"https:\/\/alsjob.fr\/#website"},"datePublished":"2025-01-09T11:03:05+00:00","dateModified":"2025-02-26T09:07:56+00:00","breadcrumb":{"@id":"https:\/\/alsjob.fr\/entreprises\/#breadcrumb"},"inLanguage":"en-US","potentialAction":[{"@type":"ReadAction","target":["https:\/\/alsjob.fr\/entreprises\/"]}]},{"@type":"BreadcrumbList","@id":"https:\/\/alsjob.fr\/entreprises\/#breadcrumb","itemListElement":[{"@type":"ListItem","position":1,"name":"Accueil","item":"https:\/\/alsjob.fr\/"},{"@type":"ListItem","position":2,"name":"Entreprises"}]},{"@type":"WebSite","@id":"https:\/\/alsjob.fr\/#website","url":"https:\/\/alsjob.fr\/","name":"ALS JOB","description":"","publisher":{"@id":"https:\/\/alsjob.fr\/#organization"},"potentialAction":[{"@type":"SearchAction","target":{"@type":"EntryPoint","urlTemplate":"https:\/\/alsjob.fr\/?s={search_term_string}"},"query-input":{"@type":"PropertyValueSpecification","valueRequired":true,"valueName":"search_term_string"}}],"inLanguage":"en-US"},{"@type":"Organization","@id":"https:\/\/alsjob.fr\/#organization","name":"ALS JOB","url":"https:\/\/alsjob.fr\/","logo":{"@type":"ImageObject","inLanguage":"en-US","@id":"https:\/\/alsjob.fr\/#\/schema\/logo\/image\/","url":"https:\/\/alsjob.fr\/wp-content\/uploads\/2025\/01\/Capture-decran-2025-01-10-a-16.58.46.png","contentUrl":"https:\/\/alsjob.fr\/wp-content\/uploads\/2025\/01\/Capture-decran-2025-01-10-a-16.58.46.png","width":556,"height":262,"caption":"ALS JOB"},"image":{"@id":"https:\/\/alsjob.fr\/#\/schema\/logo\/image\/"},"sameAs":["https:\/\/facebook.com\/asljob","https:\/\/linkedin.com\/alsjob","https:\/\/instagram.com\/alsjob"]}]}},"_links":{"self":[{"href":"https:\/\/alsjob.fr\/en\/wp-json\/wp\/v2\/pages\/1626","targetHints":{"allow":["GET"]}}],"collection":[{"href":"https:\/\/alsjob.fr\/en\/wp-json\/wp\/v2\/pages"}],"about":[{"href":"https:\/\/alsjob.fr\/en\/wp-json\/wp\/v2\/types\/page"}],"author":[{"embeddable":true,"href":"https:\/\/alsjob.fr\/en\/wp-json\/wp\/v2\/users\/1"}],"replies":[{"embeddable":true,"href":"https:\/\/alsjob.fr\/en\/wp-json\/wp\/v2\/comments?post=1626"}],"version-history":[{"count":22,"href":"https:\/\/alsjob.fr\/en\/wp-json\/wp\/v2\/pages\/1626\/revisions"}],"predecessor-version":[{"id":2021,"href":"https:\/\/alsjob.fr\/en\/wp-json\/wp\/v2\/pages\/1626\/revisions\/2021"}],"wp:attachment":[{"href":"https:\/\/alsjob.fr\/en\/wp-json\/wp\/v2\/media?parent=1626"}],"curies":[{"name":"wp","href":"https:\/\/api.w.org\/{rel}","templated":true}]}}