{"id":1630,"date":"2025-01-09T12:03:27","date_gmt":"2025-01-09T11:03:27","guid":{"rendered":"https:\/\/alsjob.fr\/?page_id=1630"},"modified":"2025-01-10T15:52:22","modified_gmt":"2025-01-10T14:52:22","slug":"actualites","status":"publish","type":"page","link":"https:\/\/alsjob.fr\/en\/actualites\/","title":{"rendered":"Actualites"},"content":{"rendered":"<div class=\"wpb-content-wrapper\"><div class=\"vc_row wpb_row vc_row-fluid\"><div class=\"wpb_column vc_column_container vc_col-sm-12\"><div class=\"vc_column-inner\"><div class=\"wpb_wrapper\">\n\t<div class=\"wpb_text_column wpb_content_element\" >\n\t\t<div class=\"wpb_wrapper\">\n\t\t\t<h1>Actualit\u00e9s<\/h1>\n<p>D\u00e9couvrez les actualit\u00e9s de notre entreprise et du monde du travail temporaire. En restant inform\u00e9 des derni\u00e8res actualit\u00e9s, maximiser vos chances de trouver un travail.<\/p>\n\n\t\t<\/div>\n\t<\/div>\n<\/div><\/div><\/div><\/div><div class=\"vc_row wpb_row vc_row-fluid\"><div class=\"wpb_column vc_column_container vc_col-sm-12\"><div class=\"vc_column-inner\"><div class=\"wpb_wrapper\"><div class=\"vc_empty_space\"   style=\"height: 32px\"><span class=\"vc_empty_space_inner\"><\/span><\/div><\/div><\/div><\/div><\/div><div class=\"vc_row wpb_row vc_row-fluid\"><div class=\"wpb_column vc_column_container vc_col-sm-12\"><div class=\"vc_column-inner\"><div class=\"wpb_wrapper\"><div class=\"widget widget-blogs grid\">\r\n        <div class=\"content\">\r\n                                                <div class=\"layout-blog style-grid\">\r\n                <div class=\"row\">\r\n                                    <\/div>\r\n            <\/div>\r\n            <\/div>\r\n    <\/div>\r\n<\/div><\/div><\/div><\/div>\n<\/div>","protected":false},"excerpt":{"rendered":"Actualit\u00e9s D\u00e9couvrez les actualit\u00e9s de notre entreprise et du monde du travail temporaire. En restant inform\u00e9 des derni\u00e8res actualit\u00e9s, maximiser vos chances de trouver un travail.","protected":false},"author":1,"featured_media":0,"parent":0,"menu_order":0,"comment_status":"closed","ping_status":"closed","template":"","meta":{"footnotes":""},"class_list":["post-1630","page","type-page","status-publish","hentry"],"yoast_head":"<!-- This site is optimized with the Yoast SEO plugin v27.1.1 - https:\/\/yoast.com\/product\/yoast-seo-wordpress\/ -->\n<title>Actualites - ALS JOB<\/title>\n<meta name=\"robots\" content=\"index, follow, max-snippet:-1, max-image-preview:large, max-video-preview:-1\" \/>\n<link rel=\"canonical\" href=\"https:\/\/alsjob.fr\/en\/actualites\/\" \/>\n<meta property=\"og:locale\" content=\"en_US\" \/>\n<meta property=\"og:type\" content=\"article\" \/>\n<meta property=\"og:title\" content=\"Actualites - ALS JOB\" \/>\n<meta property=\"og:url\" content=\"https:\/\/alsjob.fr\/en\/actualites\/\" \/>\n<meta property=\"og:site_name\" content=\"ALS JOB\" \/>\n<meta property=\"article:publisher\" content=\"https:\/\/facebook.com\/asljob\" \/>\n<meta property=\"article:modified_time\" content=\"2025-01-10T14:52:22+00:00\" \/>\n<meta name=\"twitter:card\" content=\"summary_large_image\" \/>\n<script type=\"application\/ld+json\" class=\"yoast-schema-graph\">{\"@context\":\"https:\/\/schema.org\",\"@graph\":[{\"@type\":\"WebPage\",\"@id\":\"https:\/\/alsjob.fr\/actualites\/\",\"url\":\"https:\/\/alsjob.fr\/actualites\/\",\"name\":\"Actualites - ALS JOB\",\"isPartOf\":{\"@id\":\"https:\/\/alsjob.fr\/#website\"},\"datePublished\":\"2025-01-09T11:03:27+00:00\",\"dateModified\":\"2025-01-10T14:52:22+00:00\",\"breadcrumb\":{\"@id\":\"https:\/\/alsjob.fr\/actualites\/#breadcrumb\"},\"inLanguage\":\"en-US\",\"potentialAction\":[{\"@type\":\"ReadAction\",\"target\":[\"https:\/\/alsjob.fr\/actualites\/\"]}]},{\"@type\":\"BreadcrumbList\",\"@id\":\"https:\/\/alsjob.fr\/actualites\/#breadcrumb\",\"itemListElement\":[{\"@type\":\"ListItem\",\"position\":1,\"name\":\"Accueil\",\"item\":\"https:\/\/alsjob.fr\/\"},{\"@type\":\"ListItem\",\"position\":2,\"name\":\"Actualites\"}]},{\"@type\":\"WebSite\",\"@id\":\"https:\/\/alsjob.fr\/#website\",\"url\":\"https:\/\/alsjob.fr\/\",\"name\":\"ALS JOB\",\"description\":\"\",\"publisher\":{\"@id\":\"https:\/\/alsjob.fr\/#organization\"},\"potentialAction\":[{\"@type\":\"SearchAction\",\"target\":{\"@type\":\"EntryPoint\",\"urlTemplate\":\"https:\/\/alsjob.fr\/?s={search_term_string}\"},\"query-input\":{\"@type\":\"PropertyValueSpecification\",\"valueRequired\":true,\"valueName\":\"search_term_string\"}}],\"inLanguage\":\"en-US\"},{\"@type\":\"Organization\",\"@id\":\"https:\/\/alsjob.fr\/#organization\",\"name\":\"ALS JOB\",\"url\":\"https:\/\/alsjob.fr\/\",\"logo\":{\"@type\":\"ImageObject\",\"inLanguage\":\"en-US\",\"@id\":\"https:\/\/alsjob.fr\/#\/schema\/logo\/image\/\",\"url\":\"https:\/\/alsjob.fr\/wp-content\/uploads\/2025\/01\/Capture-decran-2025-01-10-a-16.58.46.png\",\"contentUrl\":\"https:\/\/alsjob.fr\/wp-content\/uploads\/2025\/01\/Capture-decran-2025-01-10-a-16.58.46.png\",\"width\":556,\"height\":262,\"caption\":\"ALS JOB\"},\"image\":{\"@id\":\"https:\/\/alsjob.fr\/#\/schema\/logo\/image\/\"},\"sameAs\":[\"https:\/\/facebook.com\/asljob\",\"https:\/\/linkedin.com\/alsjob\",\"https:\/\/instagram.com\/alsjob\"]}]}<\/script>\n<!-- \/ Yoast SEO plugin. -->","yoast_head_json":{"title":"Actualites - ALS JOB","robots":{"index":"index","follow":"follow","max-snippet":"max-snippet:-1","max-image-preview":"max-image-preview:large","max-video-preview":"max-video-preview:-1"},"canonical":"https:\/\/alsjob.fr\/en\/actualites\/","og_locale":"en_US","og_type":"article","og_title":"Actualites - ALS JOB","og_url":"https:\/\/alsjob.fr\/en\/actualites\/","og_site_name":"ALS JOB","article_publisher":"https:\/\/facebook.com\/asljob","article_modified_time":"2025-01-10T14:52:22+00:00","twitter_card":"summary_large_image","schema":{"@context":"https:\/\/schema.org","@graph":[{"@type":"WebPage","@id":"https:\/\/alsjob.fr\/actualites\/","url":"https:\/\/alsjob.fr\/actualites\/","name":"Actualites - ALS JOB","isPartOf":{"@id":"https:\/\/alsjob.fr\/#website"},"datePublished":"2025-01-09T11:03:27+00:00","dateModified":"2025-01-10T14:52:22+00:00","breadcrumb":{"@id":"https:\/\/alsjob.fr\/actualites\/#breadcrumb"},"inLanguage":"en-US","potentialAction":[{"@type":"ReadAction","target":["https:\/\/alsjob.fr\/actualites\/"]}]},{"@type":"BreadcrumbList","@id":"https:\/\/alsjob.fr\/actualites\/#breadcrumb","itemListElement":[{"@type":"ListItem","position":1,"name":"Accueil","item":"https:\/\/alsjob.fr\/"},{"@type":"ListItem","position":2,"name":"Actualites"}]},{"@type":"WebSite","@id":"https:\/\/alsjob.fr\/#website","url":"https:\/\/alsjob.fr\/","name":"ALS JOB","description":"","publisher":{"@id":"https:\/\/alsjob.fr\/#organization"},"potentialAction":[{"@type":"SearchAction","target":{"@type":"EntryPoint","urlTemplate":"https:\/\/alsjob.fr\/?s={search_term_string}"},"query-input":{"@type":"PropertyValueSpecification","valueRequired":true,"valueName":"search_term_string"}}],"inLanguage":"en-US"},{"@type":"Organization","@id":"https:\/\/alsjob.fr\/#organization","name":"ALS JOB","url":"https:\/\/alsjob.fr\/","logo":{"@type":"ImageObject","inLanguage":"en-US","@id":"https:\/\/alsjob.fr\/#\/schema\/logo\/image\/","url":"https:\/\/alsjob.fr\/wp-content\/uploads\/2025\/01\/Capture-decran-2025-01-10-a-16.58.46.png","contentUrl":"https:\/\/alsjob.fr\/wp-content\/uploads\/2025\/01\/Capture-decran-2025-01-10-a-16.58.46.png","width":556,"height":262,"caption":"ALS JOB"},"image":{"@id":"https:\/\/alsjob.fr\/#\/schema\/logo\/image\/"},"sameAs":["https:\/\/facebook.com\/asljob","https:\/\/linkedin.com\/alsjob","https:\/\/instagram.com\/alsjob"]}]}},"_links":{"self":[{"href":"https:\/\/alsjob.fr\/en\/wp-json\/wp\/v2\/pages\/1630","targetHints":{"allow":["GET"]}}],"collection":[{"href":"https:\/\/alsjob.fr\/en\/wp-json\/wp\/v2\/pages"}],"about":[{"href":"https:\/\/alsjob.fr\/en\/wp-json\/wp\/v2\/types\/page"}],"author":[{"embeddable":true,"href":"https:\/\/alsjob.fr\/en\/wp-json\/wp\/v2\/users\/1"}],"replies":[{"embeddable":true,"href":"https:\/\/alsjob.fr\/en\/wp-json\/wp\/v2\/comments?post=1630"}],"version-history":[{"count":4,"href":"https:\/\/alsjob.fr\/en\/wp-json\/wp\/v2\/pages\/1630\/revisions"}],"predecessor-version":[{"id":1797,"href":"https:\/\/alsjob.fr\/en\/wp-json\/wp\/v2\/pages\/1630\/revisions\/1797"}],"wp:attachment":[{"href":"https:\/\/alsjob.fr\/en\/wp-json\/wp\/v2\/media?parent=1630"}],"curies":[{"name":"wp","href":"https:\/\/api.w.org\/{rel}","templated":true}]}}