{"id":1639,"date":"2025-01-09T12:08:00","date_gmt":"2025-01-09T11:08:00","guid":{"rendered":"https:\/\/alsjob.fr\/?page_id=1639"},"modified":"2025-01-17T12:13:24","modified_gmt":"2025-01-17T11:13:24","slug":"mentions-legales","status":"publish","type":"page","link":"https:\/\/alsjob.fr\/en\/mentions-legales\/","title":{"rendered":"Mentions l\u00e9gales"},"content":{"rendered":"<div class=\"wpb-content-wrapper\"><div class=\"vc_row wpb_row vc_row-fluid\"><div class=\"wpb_column vc_column_container vc_col-sm-12\"><div class=\"vc_column-inner\"><div class=\"wpb_wrapper\">\n\t<div class=\"wpb_text_column wpb_content_element\" >\n\t\t<div class=\"wpb_wrapper\">\n\t\t\t<h1>Mentions l\u00e9gales<\/h1>\n\n\t\t<\/div>\n\t<\/div>\n<\/div><\/div><\/div><\/div><div class=\"vc_row wpb_row vc_row-fluid\"><div class=\"wpb_column vc_column_container vc_col-sm-12\"><div class=\"vc_column-inner\"><div class=\"wpb_wrapper\">\n\t<div class=\"wpb_text_column wpb_content_element\" >\n\t\t<div class=\"wpb_wrapper\">\n\t\t\t<h3>\u00c9diteur du site<\/h3>\n<p>Le site asljob.fr est \u00e9dit\u00e9 par :<br \/>\n<strong>Raison sociale<\/strong> : ALS JOB<br \/>\n<strong>Forme juridique<\/strong> : SAS, soci\u00e9t\u00e9 par actions simplifi\u00e9e<br \/>\n<strong>Capital social<\/strong> : Inconnu<br \/>\n<strong>Si\u00e8ge social<\/strong> : 55 RUE DE MONTREUIL, 75011 PARIS<br \/>\n<strong>RCS<\/strong> : 934 618 208 R.C.S. Paris<br \/>\n<strong>Num\u00e9ro de TVA intracommunautaire<\/strong> : FR87934618208<br \/>\n<strong>Contact<\/strong> :<\/p>\n<ul>\n<li>T\u00e9l\u00e9phone : 02 38 92 95 85<\/li>\n<li>Email : contact@alsjob.fr<\/li>\n<li>Formulaire de contact : <a href=\"https:\/\/alsjob.fr\/en\/contact\/\">https:\/\/alsjob.fr\/contact<\/a><\/li>\n<\/ul>\n<h3>Directeur de la publication<\/h3>\n<p>Le directeur de la publication est l&rsquo;agence <a href=\"https:\/\/lesgeniesduweb.fr\">Les G\u00e9nies du Web<\/a><\/p>\n<h3>H\u00e9bergement<\/h3>\n<p>Le site est h\u00e9berg\u00e9 par :<br \/>\n<strong>H\u00e9bergeur<\/strong> : Scaleway<br \/>\n<strong>Adresse<\/strong> : 8 rue de la Ville l\u2019Ev\u00eaque, 75008 Paris<br \/>\n<strong>Site internet<\/strong> : <a href=\"https:\/\/www.scaleway.com\/fr\/mentions-legales\/\">https:\/\/www.scaleway.com\/fr\/mentions-legales\/<\/a><\/p>\n<h3>Propri\u00e9t\u00e9 intellectuelle<\/h3>\n<p>Tous les contenus pr\u00e9sents sur ce site (textes, images, graphismes, logo, vid\u00e9os, etc.) sont la propri\u00e9t\u00e9 exclusive de ALS JOB ou de ses partenaires et sont prot\u00e9g\u00e9s par le droit d&rsquo;auteur et\/ou le droit des marques. Toute reproduction, repr\u00e9sentation, modification, publication, adaptation de tout ou partie des \u00e9l\u00e9ments de ce site, quel que soit le moyen ou le proc\u00e9d\u00e9 utilis\u00e9, est interdite, sauf autorisation \u00e9crite pr\u00e9alable.<\/p>\n<h3>Protection des donn\u00e9es personnelles<\/h3>\n<p>En conformit\u00e9 avec le R\u00e8glement G\u00e9n\u00e9ral sur la Protection des Donn\u00e9es (RGPD) et la loi \u00ab\u00a0Informatique et Libert\u00e9s\u00a0\u00bb, ALS JOB s&rsquo;engage \u00e0 prot\u00e9ger les donn\u00e9es personnelles de ses utilisateurs.<\/p>\n<p><strong>Responsable du traitement des donn\u00e9es<\/strong> :<br \/>\nALS JOB<\/p>\n<p><strong>Finalit\u00e9s du traitement<\/strong> : Mise en place de m\u00e9triques et de statistiques simples non confidentielles \u00e0 finalit\u00e9 des entreprises consommant nos services.<br \/>\n<strong>Droit des utilisateurs<\/strong> : Vous disposez d\u2019un droit d\u2019acc\u00e8s, de rectification, de suppression et de portabilit\u00e9 de vos donn\u00e9es personnelles, ainsi que d\u2019un droit \u00e0 la limitation et \u00e0 l\u2019opposition au traitement. Pour exercer ces droits, veuillez nous contacter \u00e0 l\u2019adresse suivante : <a href=\"mailto:contact@alsjob.fr\">contact@alsjob.fr<\/a><\/p>\n<p>Pour plus d\u2019informations, consultez notre <a href=\"https:\/\/alsjob.fr\/en\/politique-de-confidentialie\/\">politique de confidentialit\u00e9<\/a>.<\/p>\n<h3>Cookies<\/h3>\n<p>Le site utilise des cookies pour am\u00e9liorer l\u2019exp\u00e9rience utilisateur et analyser le trafic. Vous pouvez param\u00e9trer vos pr\u00e9f\u00e9rences via l&rsquo;onglet de consentement situ\u00e9 en bas \u00e0 droite de votre page.<\/p>\n<h3>Responsabilit\u00e9<\/h3>\n<p><a href=\"https:\/\/alsjob.fr\/en\/\">ALS JOB<\/a> met tout en \u0153uvre pour offrir des informations exactes et \u00e0 jour sur ce site. Toutefois, l&rsquo;agence d\u00e9cline toute responsabilit\u00e9 en cas d\u2019erreur, d\u2019omission ou d\u2019indisponibilit\u00e9 du site.<\/p>\n<h3>Droit applicable<\/h3>\n<p>Le site et ses mentions l\u00e9gales sont soumis au droit fran\u00e7ais. En cas de litige, et \u00e0 d\u00e9faut de r\u00e9solution amiable, les tribunaux comp\u00e9tents seront ceux du ressort du si\u00e8ge social de <a href=\"https:\/\/alsjob.fr\/en\/\">ALS JOB<\/a>.<\/p>\n\n\t\t<\/div>\n\t<\/div>\n<\/div><\/div><\/div><\/div>\n<\/div>","protected":false},"excerpt":{"rendered":"Mentions l\u00e9gales \u00c9diteur du site Le site asljob.fr est \u00e9dit\u00e9 par : Raison sociale : ALS JOB Forme juridique : SAS, soci\u00e9t\u00e9 par actions simplifi\u00e9e Capital social : Inconnu Si\u00e8ge social : 55 RUE DE MONTREUIL, 75011 PARIS RCS : 934 618 208 R.C.S. Paris Num\u00e9ro de TVA intracommunautaire : FR87934618208 Contact : T\u00e9l\u00e9phone : &hellip; <br \/><a href=\"https:\/\/alsjob.fr\/en\/mentions-legales\/\" class=\"more-link\">Continue reading <span class=\"screen-reader-text\">Mentions l\u00e9gales<\/span><\/a>","protected":false},"author":1,"featured_media":0,"parent":0,"menu_order":0,"comment_status":"closed","ping_status":"closed","template":"","meta":{"footnotes":""},"class_list":["post-1639","page","type-page","status-publish","hentry"],"yoast_head":"<!-- This site is optimized with the Yoast SEO plugin v27.1.1 - https:\/\/yoast.com\/product\/yoast-seo-wordpress\/ -->\n<title>Mentions l\u00e9gales - ALS JOB<\/title>\n<meta name=\"robots\" content=\"index, follow, max-snippet:-1, max-image-preview:large, max-video-preview:-1\" \/>\n<link rel=\"canonical\" href=\"https:\/\/alsjob.fr\/en\/mentions-legales\/\" \/>\n<meta property=\"og:locale\" content=\"en_US\" \/>\n<meta property=\"og:type\" content=\"article\" \/>\n<meta property=\"og:title\" content=\"Mentions l\u00e9gales - ALS JOB\" \/>\n<meta property=\"og:url\" content=\"https:\/\/alsjob.fr\/en\/mentions-legales\/\" \/>\n<meta property=\"og:site_name\" content=\"ALS JOB\" \/>\n<meta property=\"article:publisher\" content=\"https:\/\/facebook.com\/asljob\" \/>\n<meta property=\"article:modified_time\" content=\"2025-01-17T11:13:24+00:00\" \/>\n<meta name=\"twitter:card\" content=\"summary_large_image\" \/>\n<meta name=\"twitter:label1\" content=\"Est. reading time\" \/>\n\t<meta name=\"twitter:data1\" content=\"2 minutes\" \/>\n<script type=\"application\/ld+json\" class=\"yoast-schema-graph\">{\"@context\":\"https:\/\/schema.org\",\"@graph\":[{\"@type\":\"WebPage\",\"@id\":\"https:\/\/alsjob.fr\/mentions-legales\/\",\"url\":\"https:\/\/alsjob.fr\/mentions-legales\/\",\"name\":\"Mentions l\u00e9gales - ALS JOB\",\"isPartOf\":{\"@id\":\"https:\/\/alsjob.fr\/#website\"},\"datePublished\":\"2025-01-09T11:08:00+00:00\",\"dateModified\":\"2025-01-17T11:13:24+00:00\",\"breadcrumb\":{\"@id\":\"https:\/\/alsjob.fr\/mentions-legales\/#breadcrumb\"},\"inLanguage\":\"en-US\",\"potentialAction\":[{\"@type\":\"ReadAction\",\"target\":[\"https:\/\/alsjob.fr\/mentions-legales\/\"]}]},{\"@type\":\"BreadcrumbList\",\"@id\":\"https:\/\/alsjob.fr\/mentions-legales\/#breadcrumb\",\"itemListElement\":[{\"@type\":\"ListItem\",\"position\":1,\"name\":\"Accueil\",\"item\":\"https:\/\/alsjob.fr\/\"},{\"@type\":\"ListItem\",\"position\":2,\"name\":\"Mentions l\u00e9gales\"}]},{\"@type\":\"WebSite\",\"@id\":\"https:\/\/alsjob.fr\/#website\",\"url\":\"https:\/\/alsjob.fr\/\",\"name\":\"ALS JOB\",\"description\":\"\",\"publisher\":{\"@id\":\"https:\/\/alsjob.fr\/#organization\"},\"potentialAction\":[{\"@type\":\"SearchAction\",\"target\":{\"@type\":\"EntryPoint\",\"urlTemplate\":\"https:\/\/alsjob.fr\/?s={search_term_string}\"},\"query-input\":{\"@type\":\"PropertyValueSpecification\",\"valueRequired\":true,\"valueName\":\"search_term_string\"}}],\"inLanguage\":\"en-US\"},{\"@type\":\"Organization\",\"@id\":\"https:\/\/alsjob.fr\/#organization\",\"name\":\"ALS JOB\",\"url\":\"https:\/\/alsjob.fr\/\",\"logo\":{\"@type\":\"ImageObject\",\"inLanguage\":\"en-US\",\"@id\":\"https:\/\/alsjob.fr\/#\/schema\/logo\/image\/\",\"url\":\"https:\/\/alsjob.fr\/wp-content\/uploads\/2025\/01\/Capture-decran-2025-01-10-a-16.58.46.png\",\"contentUrl\":\"https:\/\/alsjob.fr\/wp-content\/uploads\/2025\/01\/Capture-decran-2025-01-10-a-16.58.46.png\",\"width\":556,\"height\":262,\"caption\":\"ALS JOB\"},\"image\":{\"@id\":\"https:\/\/alsjob.fr\/#\/schema\/logo\/image\/\"},\"sameAs\":[\"https:\/\/facebook.com\/asljob\",\"https:\/\/linkedin.com\/alsjob\",\"https:\/\/instagram.com\/alsjob\"]}]}<\/script>\n<!-- \/ Yoast SEO plugin. -->","yoast_head_json":{"title":"Mentions l\u00e9gales - ALS JOB","robots":{"index":"index","follow":"follow","max-snippet":"max-snippet:-1","max-image-preview":"max-image-preview:large","max-video-preview":"max-video-preview:-1"},"canonical":"https:\/\/alsjob.fr\/en\/mentions-legales\/","og_locale":"en_US","og_type":"article","og_title":"Mentions l\u00e9gales - ALS JOB","og_url":"https:\/\/alsjob.fr\/en\/mentions-legales\/","og_site_name":"ALS JOB","article_publisher":"https:\/\/facebook.com\/asljob","article_modified_time":"2025-01-17T11:13:24+00:00","twitter_card":"summary_large_image","twitter_misc":{"Est. reading time":"2 minutes"},"schema":{"@context":"https:\/\/schema.org","@graph":[{"@type":"WebPage","@id":"https:\/\/alsjob.fr\/mentions-legales\/","url":"https:\/\/alsjob.fr\/mentions-legales\/","name":"Mentions l\u00e9gales - ALS JOB","isPartOf":{"@id":"https:\/\/alsjob.fr\/#website"},"datePublished":"2025-01-09T11:08:00+00:00","dateModified":"2025-01-17T11:13:24+00:00","breadcrumb":{"@id":"https:\/\/alsjob.fr\/mentions-legales\/#breadcrumb"},"inLanguage":"en-US","potentialAction":[{"@type":"ReadAction","target":["https:\/\/alsjob.fr\/mentions-legales\/"]}]},{"@type":"BreadcrumbList","@id":"https:\/\/alsjob.fr\/mentions-legales\/#breadcrumb","itemListElement":[{"@type":"ListItem","position":1,"name":"Accueil","item":"https:\/\/alsjob.fr\/"},{"@type":"ListItem","position":2,"name":"Mentions l\u00e9gales"}]},{"@type":"WebSite","@id":"https:\/\/alsjob.fr\/#website","url":"https:\/\/alsjob.fr\/","name":"ALS JOB","description":"","publisher":{"@id":"https:\/\/alsjob.fr\/#organization"},"potentialAction":[{"@type":"SearchAction","target":{"@type":"EntryPoint","urlTemplate":"https:\/\/alsjob.fr\/?s={search_term_string}"},"query-input":{"@type":"PropertyValueSpecification","valueRequired":true,"valueName":"search_term_string"}}],"inLanguage":"en-US"},{"@type":"Organization","@id":"https:\/\/alsjob.fr\/#organization","name":"ALS JOB","url":"https:\/\/alsjob.fr\/","logo":{"@type":"ImageObject","inLanguage":"en-US","@id":"https:\/\/alsjob.fr\/#\/schema\/logo\/image\/","url":"https:\/\/alsjob.fr\/wp-content\/uploads\/2025\/01\/Capture-decran-2025-01-10-a-16.58.46.png","contentUrl":"https:\/\/alsjob.fr\/wp-content\/uploads\/2025\/01\/Capture-decran-2025-01-10-a-16.58.46.png","width":556,"height":262,"caption":"ALS JOB"},"image":{"@id":"https:\/\/alsjob.fr\/#\/schema\/logo\/image\/"},"sameAs":["https:\/\/facebook.com\/asljob","https:\/\/linkedin.com\/alsjob","https:\/\/instagram.com\/alsjob"]}]}},"_links":{"self":[{"href":"https:\/\/alsjob.fr\/en\/wp-json\/wp\/v2\/pages\/1639","targetHints":{"allow":["GET"]}}],"collection":[{"href":"https:\/\/alsjob.fr\/en\/wp-json\/wp\/v2\/pages"}],"about":[{"href":"https:\/\/alsjob.fr\/en\/wp-json\/wp\/v2\/types\/page"}],"author":[{"embeddable":true,"href":"https:\/\/alsjob.fr\/en\/wp-json\/wp\/v2\/users\/1"}],"replies":[{"embeddable":true,"href":"https:\/\/alsjob.fr\/en\/wp-json\/wp\/v2\/comments?post=1639"}],"version-history":[{"count":6,"href":"https:\/\/alsjob.fr\/en\/wp-json\/wp\/v2\/pages\/1639\/revisions"}],"predecessor-version":[{"id":1925,"href":"https:\/\/alsjob.fr\/en\/wp-json\/wp\/v2\/pages\/1639\/revisions\/1925"}],"wp:attachment":[{"href":"https:\/\/alsjob.fr\/en\/wp-json\/wp\/v2\/media?parent=1639"}],"curies":[{"name":"wp","href":"https:\/\/api.w.org\/{rel}","templated":true}]}}