{"id":1645,"date":"2025-01-09T12:08:27","date_gmt":"2025-01-09T11:08:27","guid":{"rendered":"https:\/\/alsjob.fr\/?page_id=1645"},"modified":"2025-02-26T10:34:52","modified_gmt":"2025-02-26T09:34:52","slug":"culture-et-valeurs","status":"publish","type":"page","link":"https:\/\/alsjob.fr\/en\/culture-et-valeurs\/","title":{"rendered":"Culture et valeurs"},"content":{"rendered":"<div class=\"wpb-content-wrapper\"><div class=\"vc_row wpb_row vc_row-fluid\"><div class=\"wpb_column vc_column_container vc_col-sm-12\"><div class=\"vc_column-inner\"><div class=\"wpb_wrapper\">\n\t<div class=\"wpb_text_column wpb_content_element\" >\n\t\t<div class=\"wpb_wrapper\">\n\t\t\t<h1>Culture et valeurs<\/h1>\n\n\t\t<\/div>\n\t<\/div>\n<\/div><\/div><\/div><\/div><div class=\"vc_row wpb_row vc_row-fluid\"><div class=\"wpb_column vc_column_container vc_col-sm-12\"><div class=\"vc_column-inner\"><div class=\"wpb_wrapper\">\n\t<div class=\"wpb_text_column wpb_content_element\" >\n\t\t<div class=\"wpb_wrapper\">\n\t\t\t<p><strong>Chez ALS Job, notre mission va bien au-del\u00e0 du recrutement.<\/strong> Nous croyons en une approche humaine, collaborative et responsable pour r\u00e9pondre aux besoins des entreprises et des talents. Notre culture d\u2019entreprise repose sur des valeurs fortes qui guident chacune de nos actions.<\/p>\n<h3><strong>Notre vision<\/strong><\/h3>\n<p>\u00catre bien plus qu\u2019une agence d\u2019int\u00e9rim : un partenaire engag\u00e9 qui contribue \u00e0 l\u2019\u00e9panouissement des candidats, \u00e0 la r\u00e9ussite des entreprises et au d\u00e9veloppement durable de notre communaut\u00e9.<\/p>\n\n\t\t<\/div>\n\t<\/div>\n<\/div><\/div><\/div><\/div><div class=\"vc_row wpb_row vc_row-fluid\"><div class=\"wpb_column vc_column_container vc_col-sm-6\"><div class=\"vc_column-inner\"><div class=\"wpb_wrapper\">\n\t<div class=\"wpb_text_column wpb_content_element\" >\n\t\t<div class=\"wpb_wrapper\">\n\t\t\t<p>Nos valeurs fondamentales<\/p>\n\n\t\t<\/div>\n\t<\/div>\n<div  class=\"vc_do_toggle vc_toggle vc_toggle_default vc_toggle_color_default  vc_toggle_size_md\"><div class=\"vc_toggle_title\"><p style=\"text-align: left;font-family:Abril Fatface;font-weight:400;font-style:normal\" class=\"vc_custom_heading vc_do_custom_heading\" >L\u2019Humain au c\u0153ur de notre m\u00e9tier<\/p><i class=\"vc_toggle_icon\"><\/i><\/div><div class=\"vc_toggle_content\"><p>Chez ALS Job, chaque personne compte. Nous consid\u00e9rons que chaque parcours est unique, et c\u2019est pourquoi nous nous effor\u00e7ons de fournir un accompagnement personnalis\u00e9 \u00e0 nos candidats comme \u00e0 nos partenaires. En mettant l\u2019humain au centre, nous cr\u00e9ons des relations bas\u00e9es sur l\u2019\u00e9coute, la confiance et le respect.<\/p>\n<\/div><\/div><div  class=\"vc_do_toggle vc_toggle vc_toggle_default vc_toggle_color_default  vc_toggle_size_md\"><div class=\"vc_toggle_title\"><p style=\"text-align: left;font-family:Abril Fatface;font-weight:400;font-style:normal\" class=\"vc_custom_heading vc_do_custom_heading\" >Responsabilit\u00e9 sociale<\/p><i class=\"vc_toggle_icon\"><\/i><\/div><div class=\"vc_toggle_content\"><p>Nous avons \u00e0 c\u0153ur de jouer un r\u00f4le actif dans la soci\u00e9t\u00e9. Promouvoir l\u2019inclusion, l\u2019\u00e9galit\u00e9 des chances et le respect de l\u2019environnement est une priorit\u00e9 pour nous. Nous croyons qu\u2019une entreprise a le pouvoir de transformer positivement son environnement et d\u2019agir pour le bien commun.<\/p>\n<\/div><\/div><div  class=\"vc_do_toggle vc_toggle vc_toggle_default vc_toggle_color_default  vc_toggle_size_md\"><div class=\"vc_toggle_title\"><p style=\"text-align: left;font-family:Abril Fatface;font-weight:400;font-style:normal\" class=\"vc_custom_heading vc_do_custom_heading\" >Excellence et engagement<\/p><i class=\"vc_toggle_icon\"><\/i><\/div><div class=\"vc_toggle_content\"><p>Nous nous engageons \u00e0 fournir un service de qualit\u00e9 irr\u00e9prochable, r\u00e9pondant aux attentes de nos clients et candidats. L\u2019excellence, pour nous, c\u2019est \u00eatre r\u00e9actif, efficace et transparent dans tout ce que nous faisons.<\/p>\n<\/div><\/div><div  class=\"vc_do_toggle vc_toggle vc_toggle_default vc_toggle_color_default  vc_toggle_size_md\"><div class=\"vc_toggle_title\"><p style=\"text-align: left;font-family:Abril Fatface;font-weight:400;font-style:normal\" class=\"vc_custom_heading vc_do_custom_heading\" >Innovation au service de l\u2019emploi<\/p><i class=\"vc_toggle_icon\"><\/i><\/div><div class=\"vc_toggle_content\"><p>Dans un monde en constante \u00e9volution, nous adoptons les meilleures technologies et m\u00e9thodes pour optimiser nos processus. Nos outils num\u00e9riques modernes facilitent la gestion des missions et offrent une exp\u00e9rience fluide \u00e0 tous nos interlocuteurs.<\/p>\n<\/div><\/div><div  class=\"vc_do_toggle vc_toggle vc_toggle_default vc_toggle_color_default  vc_toggle_size_md\"><div class=\"vc_toggle_title\"><p style=\"text-align: left;font-family:Abril Fatface;font-weight:400;font-style:normal\" class=\"vc_custom_heading vc_do_custom_heading\" >Esprit collaboratif<\/p><i class=\"vc_toggle_icon\"><\/i><\/div><div class=\"vc_toggle_content\"><p>Nous croyons en la puissance du collectif. En tant qu\u2019\u00e9quipe, nous travaillons main dans la main avec nos clients et nos int\u00e9rimaires pour atteindre des objectifs communs. Ensemble, nous construisons des partenariats durables et mutuellement b\u00e9n\u00e9fiques.<\/p>\n<\/div><\/div><\/div><\/div><\/div><div class=\"wpb_column vc_column_container vc_col-sm-6\"><div class=\"vc_column-inner\"><div class=\"wpb_wrapper\"><div class=\"wpb_gallery wpb_content_element vc_clearfix\" ><div class=\"wpb_wrapper\"><div class=\"wpb_gallery_slides wpb_flexslider flexslider_fade flexslider\" data-interval=\"0\" data-flex_fx=\"fade\"><ul class=\"slides\"><li><a class=\"prettyphoto\" href=\"https:\/\/alsjob.fr\/wp-content\/uploads\/2025\/01\/1-1024x669.jpg\" data-rel=\"prettyPhoto[rel-1645-2045466162]\"><img loading=\"lazy\" decoding=\"async\" width=\"1200\" height=\"784\" src=\"https:\/\/alsjob.fr\/wp-content\/uploads\/2025\/01\/1.jpg\" class=\"attachment-full\" alt=\"\" title=\"1\" srcset=\"https:\/\/alsjob.fr\/wp-content\/uploads\/2025\/01\/1.jpg 1200w, https:\/\/alsjob.fr\/wp-content\/uploads\/2025\/01\/1-300x196.jpg 300w, https:\/\/alsjob.fr\/wp-content\/uploads\/2025\/01\/1-1024x669.jpg 1024w, https:\/\/alsjob.fr\/wp-content\/uploads\/2025\/01\/1-768x502.jpg 768w\" sizes=\"auto, (max-width: 1200px) 100vw, 1200px\" \/><\/a><\/li><\/ul><\/div><\/div><\/div><\/div><\/div><\/div><\/div><div class=\"vc_row wpb_row vc_row-fluid\"><div class=\"wpb_column vc_column_container vc_col-sm-12\"><div class=\"vc_column-inner\"><div class=\"wpb_wrapper\">\n\t<div class=\"wpb_text_column wpb_content_element\" >\n\t\t<div class=\"wpb_wrapper\">\n\t\t\t<h3><strong>Pourquoi rejoindre ALS Job ?<\/strong><\/h3>\n<p>Travailler avec ALS Job, c\u2019est choisir une entreprise qui place ses valeurs au c\u0153ur de ses actions. Que vous soyez candidat \u00e0 la recherche d\u2019un emploi ou entreprise \u00e0 la recherche de talents, nous nous engageons \u00e0 vous offrir une exp\u00e9rience humaine, professionnelle et inspirante.<\/p>\n\n\t\t<\/div>\n\t<\/div>\n<\/div><\/div><\/div><\/div>\n<\/div>","protected":false},"excerpt":{"rendered":"Culture et valeurs Chez ALS Job, notre mission va bien au-del\u00e0 du recrutement. Nous croyons en une approche humaine, collaborative et responsable pour r\u00e9pondre aux besoins des entreprises et des talents. Notre culture d\u2019entreprise repose sur des valeurs fortes qui guident chacune de nos actions. Notre vision \u00catre bien plus qu\u2019une agence d\u2019int\u00e9rim : un &hellip; <br \/><a href=\"https:\/\/alsjob.fr\/en\/culture-et-valeurs\/\" class=\"more-link\">Continue reading <span class=\"screen-reader-text\">Culture et valeurs<\/span><\/a>","protected":false},"author":1,"featured_media":0,"parent":0,"menu_order":0,"comment_status":"closed","ping_status":"closed","template":"","meta":{"footnotes":""},"class_list":["post-1645","page","type-page","status-publish","hentry"],"yoast_head":"<!-- This site is optimized with the Yoast SEO plugin v27.1.1 - https:\/\/yoast.com\/product\/yoast-seo-wordpress\/ -->\n<title>Culture et valeurs - ALS JOB<\/title>\n<meta name=\"robots\" content=\"index, follow, max-snippet:-1, max-image-preview:large, max-video-preview:-1\" \/>\n<link rel=\"canonical\" href=\"https:\/\/alsjob.fr\/en\/culture-et-valeurs\/\" \/>\n<meta property=\"og:locale\" content=\"en_US\" \/>\n<meta property=\"og:type\" content=\"article\" \/>\n<meta property=\"og:title\" content=\"Culture et valeurs - ALS JOB\" \/>\n<meta property=\"og:url\" content=\"https:\/\/alsjob.fr\/en\/culture-et-valeurs\/\" \/>\n<meta property=\"og:site_name\" content=\"ALS JOB\" \/>\n<meta property=\"article:publisher\" content=\"https:\/\/facebook.com\/asljob\" \/>\n<meta property=\"article:modified_time\" content=\"2025-02-26T09:34:52+00:00\" \/>\n<meta name=\"twitter:card\" content=\"summary_large_image\" \/>\n<meta name=\"twitter:label1\" content=\"Est. reading time\" \/>\n\t<meta name=\"twitter:data1\" content=\"2 minutes\" \/>\n<script type=\"application\/ld+json\" class=\"yoast-schema-graph\">{\"@context\":\"https:\/\/schema.org\",\"@graph\":[{\"@type\":\"WebPage\",\"@id\":\"https:\/\/alsjob.fr\/culture-et-valeurs\/\",\"url\":\"https:\/\/alsjob.fr\/culture-et-valeurs\/\",\"name\":\"Culture et valeurs - ALS JOB\",\"isPartOf\":{\"@id\":\"https:\/\/alsjob.fr\/#website\"},\"datePublished\":\"2025-01-09T11:08:27+00:00\",\"dateModified\":\"2025-02-26T09:34:52+00:00\",\"breadcrumb\":{\"@id\":\"https:\/\/alsjob.fr\/culture-et-valeurs\/#breadcrumb\"},\"inLanguage\":\"en-US\",\"potentialAction\":[{\"@type\":\"ReadAction\",\"target\":[\"https:\/\/alsjob.fr\/culture-et-valeurs\/\"]}]},{\"@type\":\"BreadcrumbList\",\"@id\":\"https:\/\/alsjob.fr\/culture-et-valeurs\/#breadcrumb\",\"itemListElement\":[{\"@type\":\"ListItem\",\"position\":1,\"name\":\"Accueil\",\"item\":\"https:\/\/alsjob.fr\/\"},{\"@type\":\"ListItem\",\"position\":2,\"name\":\"Culture et valeurs\"}]},{\"@type\":\"WebSite\",\"@id\":\"https:\/\/alsjob.fr\/#website\",\"url\":\"https:\/\/alsjob.fr\/\",\"name\":\"ALS JOB\",\"description\":\"\",\"publisher\":{\"@id\":\"https:\/\/alsjob.fr\/#organization\"},\"potentialAction\":[{\"@type\":\"SearchAction\",\"target\":{\"@type\":\"EntryPoint\",\"urlTemplate\":\"https:\/\/alsjob.fr\/?s={search_term_string}\"},\"query-input\":{\"@type\":\"PropertyValueSpecification\",\"valueRequired\":true,\"valueName\":\"search_term_string\"}}],\"inLanguage\":\"en-US\"},{\"@type\":\"Organization\",\"@id\":\"https:\/\/alsjob.fr\/#organization\",\"name\":\"ALS JOB\",\"url\":\"https:\/\/alsjob.fr\/\",\"logo\":{\"@type\":\"ImageObject\",\"inLanguage\":\"en-US\",\"@id\":\"https:\/\/alsjob.fr\/#\/schema\/logo\/image\/\",\"url\":\"https:\/\/alsjob.fr\/wp-content\/uploads\/2025\/01\/Capture-decran-2025-01-10-a-16.58.46.png\",\"contentUrl\":\"https:\/\/alsjob.fr\/wp-content\/uploads\/2025\/01\/Capture-decran-2025-01-10-a-16.58.46.png\",\"width\":556,\"height\":262,\"caption\":\"ALS JOB\"},\"image\":{\"@id\":\"https:\/\/alsjob.fr\/#\/schema\/logo\/image\/\"},\"sameAs\":[\"https:\/\/facebook.com\/asljob\",\"https:\/\/linkedin.com\/alsjob\",\"https:\/\/instagram.com\/alsjob\"]}]}<\/script>\n<!-- \/ Yoast SEO plugin. -->","yoast_head_json":{"title":"Culture et valeurs - ALS JOB","robots":{"index":"index","follow":"follow","max-snippet":"max-snippet:-1","max-image-preview":"max-image-preview:large","max-video-preview":"max-video-preview:-1"},"canonical":"https:\/\/alsjob.fr\/en\/culture-et-valeurs\/","og_locale":"en_US","og_type":"article","og_title":"Culture et valeurs - ALS JOB","og_url":"https:\/\/alsjob.fr\/en\/culture-et-valeurs\/","og_site_name":"ALS JOB","article_publisher":"https:\/\/facebook.com\/asljob","article_modified_time":"2025-02-26T09:34:52+00:00","twitter_card":"summary_large_image","twitter_misc":{"Est. reading time":"2 minutes"},"schema":{"@context":"https:\/\/schema.org","@graph":[{"@type":"WebPage","@id":"https:\/\/alsjob.fr\/culture-et-valeurs\/","url":"https:\/\/alsjob.fr\/culture-et-valeurs\/","name":"Culture et valeurs - ALS JOB","isPartOf":{"@id":"https:\/\/alsjob.fr\/#website"},"datePublished":"2025-01-09T11:08:27+00:00","dateModified":"2025-02-26T09:34:52+00:00","breadcrumb":{"@id":"https:\/\/alsjob.fr\/culture-et-valeurs\/#breadcrumb"},"inLanguage":"en-US","potentialAction":[{"@type":"ReadAction","target":["https:\/\/alsjob.fr\/culture-et-valeurs\/"]}]},{"@type":"BreadcrumbList","@id":"https:\/\/alsjob.fr\/culture-et-valeurs\/#breadcrumb","itemListElement":[{"@type":"ListItem","position":1,"name":"Accueil","item":"https:\/\/alsjob.fr\/"},{"@type":"ListItem","position":2,"name":"Culture et valeurs"}]},{"@type":"WebSite","@id":"https:\/\/alsjob.fr\/#website","url":"https:\/\/alsjob.fr\/","name":"ALS JOB","description":"","publisher":{"@id":"https:\/\/alsjob.fr\/#organization"},"potentialAction":[{"@type":"SearchAction","target":{"@type":"EntryPoint","urlTemplate":"https:\/\/alsjob.fr\/?s={search_term_string}"},"query-input":{"@type":"PropertyValueSpecification","valueRequired":true,"valueName":"search_term_string"}}],"inLanguage":"en-US"},{"@type":"Organization","@id":"https:\/\/alsjob.fr\/#organization","name":"ALS JOB","url":"https:\/\/alsjob.fr\/","logo":{"@type":"ImageObject","inLanguage":"en-US","@id":"https:\/\/alsjob.fr\/#\/schema\/logo\/image\/","url":"https:\/\/alsjob.fr\/wp-content\/uploads\/2025\/01\/Capture-decran-2025-01-10-a-16.58.46.png","contentUrl":"https:\/\/alsjob.fr\/wp-content\/uploads\/2025\/01\/Capture-decran-2025-01-10-a-16.58.46.png","width":556,"height":262,"caption":"ALS JOB"},"image":{"@id":"https:\/\/alsjob.fr\/#\/schema\/logo\/image\/"},"sameAs":["https:\/\/facebook.com\/asljob","https:\/\/linkedin.com\/alsjob","https:\/\/instagram.com\/alsjob"]}]}},"_links":{"self":[{"href":"https:\/\/alsjob.fr\/en\/wp-json\/wp\/v2\/pages\/1645","targetHints":{"allow":["GET"]}}],"collection":[{"href":"https:\/\/alsjob.fr\/en\/wp-json\/wp\/v2\/pages"}],"about":[{"href":"https:\/\/alsjob.fr\/en\/wp-json\/wp\/v2\/types\/page"}],"author":[{"embeddable":true,"href":"https:\/\/alsjob.fr\/en\/wp-json\/wp\/v2\/users\/1"}],"replies":[{"embeddable":true,"href":"https:\/\/alsjob.fr\/en\/wp-json\/wp\/v2\/comments?post=1645"}],"version-history":[{"count":6,"href":"https:\/\/alsjob.fr\/en\/wp-json\/wp\/v2\/pages\/1645\/revisions"}],"predecessor-version":[{"id":1842,"href":"https:\/\/alsjob.fr\/en\/wp-json\/wp\/v2\/pages\/1645\/revisions\/1842"}],"wp:attachment":[{"href":"https:\/\/alsjob.fr\/en\/wp-json\/wp\/v2\/media?parent=1645"}],"curies":[{"name":"wp","href":"https:\/\/api.w.org\/{rel}","templated":true}]}}