{"id":1649,"date":"2025-01-09T12:08:46","date_gmt":"2025-01-09T11:08:46","guid":{"rendered":"https:\/\/alsjob.fr\/?page_id=1649"},"modified":"2025-01-29T15:49:23","modified_gmt":"2025-01-29T14:49:23","slug":"implantation","status":"publish","type":"page","link":"https:\/\/alsjob.fr\/en\/implantation\/","title":{"rendered":"Implantation"},"content":{"rendered":"<div class=\"wpb-content-wrapper\"><div class=\"vc_row wpb_row vc_row-fluid\"><div class=\"wpb_column vc_column_container vc_col-sm-12\"><div class=\"vc_column-inner\"><div class=\"wpb_wrapper\">\n\t<div class=\"wpb_text_column wpb_content_element\" >\n\t\t<div class=\"wpb_wrapper\">\n\t\t\t<h1>Implantation<\/h1>\n\n\t\t<\/div>\n\t<\/div>\n<\/div><\/div><\/div><\/div><div class=\"vc_row wpb_row vc_row-fluid\"><div class=\"wpb_column vc_column_container vc_col-sm-12\"><div class=\"vc_column-inner\"><div class=\"wpb_wrapper\">\n\t<div class=\"wpb_text_column wpb_content_element\" >\n\t\t<div class=\"wpb_wrapper\">\n\t\t\t<h2><strong>ALS Job : Une pr\u00e9sence nationale, une action locale<\/strong><\/h2>\n<p>ALS Job est une soci\u00e9t\u00e9 immatricul\u00e9e en r\u00e9gion parisienne, au c\u0153ur du dynamisme \u00e9conomique fran\u00e7ais. Mais c\u2019est en province, que nous avons choisi de concentrer nos efforts pour r\u00e9pondre aux besoins des entreprises et des talents locaux.<\/p>\n\n\t\t<\/div>\n\t<\/div>\n<\/div><\/div><\/div><\/div><div class=\"vc_row wpb_row vc_row-fluid\"><div class=\"wpb_column vc_column_container vc_col-sm-6\"><div class=\"vc_column-inner\"><div class=\"wpb_wrapper\"><div class=\"wpb_gallery wpb_content_element vc_clearfix\" ><div class=\"wpb_wrapper\"><div class=\"wpb_gallery_slides wpb_flexslider flexslider_fade flexslider\" data-interval=\"0\" data-flex_fx=\"fade\"><ul class=\"slides\"><li><a class=\"prettyphoto\" href=\"https:\/\/alsjob.fr\/wp-content\/uploads\/2017\/12\/blog2.jpg\" data-rel=\"prettyPhoto[rel-1649-892416091]\"><img loading=\"lazy\" decoding=\"async\" width=\"870\" height=\"400\" src=\"https:\/\/alsjob.fr\/wp-content\/uploads\/2017\/12\/blog2.jpg\" class=\"attachment-full\" alt=\"\" title=\"blog2\" \/><\/a><\/li><\/ul><\/div><\/div><\/div><\/div><\/div><\/div><div class=\"wpb_column vc_column_container vc_col-sm-6\"><div class=\"vc_column-inner\"><div class=\"wpb_wrapper\">\n\t<div class=\"wpb_text_column wpb_content_element\" >\n\t\t<div class=\"wpb_wrapper\">\n\t\t\t<h3><strong>Un r\u00e9seau de partenaires locaux solide<\/strong><\/h3>\n<p>Notre engagement en province repose sur une collaboration \u00e9troite avec des <strong>partenaires locaux de confiance<\/strong>. Que ce soit pour identifier les besoins en recrutement, accompagner la mont\u00e9e en comp\u00e9tences des travailleurs ou garantir des missions de qualit\u00e9, nous travaillons main dans la main avec :<\/p>\n<ul>\n<li><strong>Les entreprises locales<\/strong> : Des PME et grands groupes qui nous confient leurs besoins en recrutement temporaire ou permanent.<\/li>\n<li><strong>Les centres de formation<\/strong> : Des acteurs locaux pour former et qualifier nos int\u00e9rimaires, en fonction des sp\u00e9cificit\u00e9s du territoire.<\/li>\n<li><strong>Les collectivit\u00e9s et acteurs \u00e9conomiques r\u00e9gionaux<\/strong> : Des partenaires institutionnels qui soutiennent l\u2019emploi local et favorisent l\u2019insertion professionnelle.<\/li>\n<\/ul>\n\n\t\t<\/div>\n\t<\/div>\n<\/div><\/div><\/div><\/div><div class=\"vc_row wpb_row vc_row-fluid\"><div class=\"wpb_column vc_column_container vc_col-sm-6\"><div class=\"vc_column-inner\"><div class=\"wpb_wrapper\"><div class=\"wpb_gallery wpb_content_element vc_clearfix\" ><div class=\"wpb_wrapper\"><div class=\"wpb_gallery_slides wpb_flexslider flexslider_fade flexslider\" data-interval=\"0\" data-flex_fx=\"fade\"><ul class=\"slides\"><li><a class=\"prettyphoto\" href=\"https:\/\/alsjob.fr\/wp-content\/uploads\/2025\/01\/5-1024x683.jpg\" data-rel=\"prettyPhoto[rel-1649-2121067696]\"><img loading=\"lazy\" decoding=\"async\" width=\"1200\" height=\"800\" src=\"https:\/\/alsjob.fr\/wp-content\/uploads\/2025\/01\/5.jpg\" class=\"attachment-full\" alt=\"\" title=\"5\" srcset=\"https:\/\/alsjob.fr\/wp-content\/uploads\/2025\/01\/5.jpg 1200w, https:\/\/alsjob.fr\/wp-content\/uploads\/2025\/01\/5-300x200.jpg 300w, https:\/\/alsjob.fr\/wp-content\/uploads\/2025\/01\/5-1024x683.jpg 1024w, https:\/\/alsjob.fr\/wp-content\/uploads\/2025\/01\/5-768x512.jpg 768w\" sizes=\"auto, (max-width: 1200px) 100vw, 1200px\" \/><\/a><\/li><\/ul><\/div><\/div><\/div><\/div><\/div><\/div><div class=\"wpb_column vc_column_container vc_col-sm-6\"><div class=\"vc_column-inner\"><div class=\"wpb_wrapper\">\n\t<div class=\"wpb_text_column wpb_content_element\" >\n\t\t<div class=\"wpb_wrapper\">\n\t\t\t<h3><strong>ALS Job : Une entreprise proche de vous<\/strong><\/h3>\n<p>Notre double identit\u00e9 \u2013 parisienne et provinciale \u2013 est une force. Elle refl\u00e8te notre capacit\u00e9 \u00e0 combiner :<\/p>\n<ul>\n<li><strong>La rigueur et la vision strat\u00e9gique d\u2019un si\u00e8ge situ\u00e9 au c\u0153ur de l\u2019activit\u00e9 \u00e9conomique fran\u00e7aise.<\/strong><\/li>\n<li><strong>La proximit\u00e9 et la flexibilit\u00e9 d\u2019une entreprise profond\u00e9ment ancr\u00e9e dans le tissu local des r\u00e9gions.<\/strong><\/li>\n<\/ul>\n<p>Avec ALS Job, vous b\u00e9n\u00e9ficiez du meilleur des deux mondes : une expertise nationale et un accompagnement de proximit\u00e9.<\/p>\n\n\t\t<\/div>\n\t<\/div>\n<\/div><\/div><\/div><\/div><div class=\"vc_row wpb_row vc_row-fluid\"><div class=\"wpb_column vc_column_container vc_col-sm-12\"><div class=\"vc_column-inner\"><div class=\"wpb_wrapper\">\n\t<div class=\"wpb_text_column wpb_content_element\" >\n\t\t<div class=\"wpb_wrapper\">\n\t\t\t<p><strong>Vous \u00eates une entreprise\u00a0 ?<\/strong><br \/>\nContactez-nous d\u00e8s aujourd\u2019hui pour d\u00e9couvrir comment nous pouvons accompagner vos besoins en recrutement avec des solutions adapt\u00e9es \u00e0 vos r\u00e9alit\u00e9s locales.<\/p>\n\n\t\t<\/div>\n\t<\/div>\n<\/div><\/div><\/div><\/div>\n<\/div>","protected":false},"excerpt":{"rendered":"Implantation ALS Job : Une pr\u00e9sence nationale, une action locale ALS Job est une soci\u00e9t\u00e9 immatricul\u00e9e en r\u00e9gion parisienne, au c\u0153ur du dynamisme \u00e9conomique fran\u00e7ais. Mais c\u2019est en province, que nous avons choisi de concentrer nos efforts pour r\u00e9pondre aux besoins des entreprises et des talents locaux. Un r\u00e9seau de partenaires locaux solide Notre engagement &hellip; <br \/><a href=\"https:\/\/alsjob.fr\/en\/implantation\/\" class=\"more-link\">Continue reading <span class=\"screen-reader-text\">Implantation<\/span><\/a>","protected":false},"author":1,"featured_media":0,"parent":0,"menu_order":0,"comment_status":"closed","ping_status":"closed","template":"","meta":{"footnotes":""},"class_list":["post-1649","page","type-page","status-publish","hentry"],"yoast_head":"<!-- This site is optimized with the Yoast SEO plugin v27.1.1 - https:\/\/yoast.com\/product\/yoast-seo-wordpress\/ -->\n<title>Implantation - ALS JOB<\/title>\n<meta name=\"robots\" content=\"index, follow, max-snippet:-1, max-image-preview:large, max-video-preview:-1\" \/>\n<link rel=\"canonical\" href=\"https:\/\/alsjob.fr\/en\/implantation\/\" \/>\n<meta property=\"og:locale\" content=\"en_US\" \/>\n<meta property=\"og:type\" content=\"article\" \/>\n<meta property=\"og:title\" content=\"Implantation - ALS JOB\" \/>\n<meta property=\"og:url\" content=\"https:\/\/alsjob.fr\/en\/implantation\/\" \/>\n<meta property=\"og:site_name\" content=\"ALS JOB\" \/>\n<meta property=\"article:publisher\" content=\"https:\/\/facebook.com\/asljob\" \/>\n<meta property=\"article:modified_time\" content=\"2025-01-29T14:49:23+00:00\" \/>\n<meta name=\"twitter:card\" content=\"summary_large_image\" \/>\n<meta name=\"twitter:label1\" content=\"Est. reading time\" \/>\n\t<meta name=\"twitter:data1\" content=\"2 minutes\" \/>\n<script type=\"application\/ld+json\" class=\"yoast-schema-graph\">{\"@context\":\"https:\/\/schema.org\",\"@graph\":[{\"@type\":\"WebPage\",\"@id\":\"https:\/\/alsjob.fr\/implantation\/\",\"url\":\"https:\/\/alsjob.fr\/implantation\/\",\"name\":\"Implantation - ALS JOB\",\"isPartOf\":{\"@id\":\"https:\/\/alsjob.fr\/#website\"},\"datePublished\":\"2025-01-09T11:08:46+00:00\",\"dateModified\":\"2025-01-29T14:49:23+00:00\",\"breadcrumb\":{\"@id\":\"https:\/\/alsjob.fr\/implantation\/#breadcrumb\"},\"inLanguage\":\"en-US\",\"potentialAction\":[{\"@type\":\"ReadAction\",\"target\":[\"https:\/\/alsjob.fr\/implantation\/\"]}]},{\"@type\":\"BreadcrumbList\",\"@id\":\"https:\/\/alsjob.fr\/implantation\/#breadcrumb\",\"itemListElement\":[{\"@type\":\"ListItem\",\"position\":1,\"name\":\"Accueil\",\"item\":\"https:\/\/alsjob.fr\/\"},{\"@type\":\"ListItem\",\"position\":2,\"name\":\"Implantation\"}]},{\"@type\":\"WebSite\",\"@id\":\"https:\/\/alsjob.fr\/#website\",\"url\":\"https:\/\/alsjob.fr\/\",\"name\":\"ALS JOB\",\"description\":\"\",\"publisher\":{\"@id\":\"https:\/\/alsjob.fr\/#organization\"},\"potentialAction\":[{\"@type\":\"SearchAction\",\"target\":{\"@type\":\"EntryPoint\",\"urlTemplate\":\"https:\/\/alsjob.fr\/?s={search_term_string}\"},\"query-input\":{\"@type\":\"PropertyValueSpecification\",\"valueRequired\":true,\"valueName\":\"search_term_string\"}}],\"inLanguage\":\"en-US\"},{\"@type\":\"Organization\",\"@id\":\"https:\/\/alsjob.fr\/#organization\",\"name\":\"ALS JOB\",\"url\":\"https:\/\/alsjob.fr\/\",\"logo\":{\"@type\":\"ImageObject\",\"inLanguage\":\"en-US\",\"@id\":\"https:\/\/alsjob.fr\/#\/schema\/logo\/image\/\",\"url\":\"https:\/\/alsjob.fr\/wp-content\/uploads\/2025\/01\/Capture-decran-2025-01-10-a-16.58.46.png\",\"contentUrl\":\"https:\/\/alsjob.fr\/wp-content\/uploads\/2025\/01\/Capture-decran-2025-01-10-a-16.58.46.png\",\"width\":556,\"height\":262,\"caption\":\"ALS JOB\"},\"image\":{\"@id\":\"https:\/\/alsjob.fr\/#\/schema\/logo\/image\/\"},\"sameAs\":[\"https:\/\/facebook.com\/asljob\",\"https:\/\/linkedin.com\/alsjob\",\"https:\/\/instagram.com\/alsjob\"]}]}<\/script>\n<!-- \/ Yoast SEO plugin. -->","yoast_head_json":{"title":"Implantation - ALS JOB","robots":{"index":"index","follow":"follow","max-snippet":"max-snippet:-1","max-image-preview":"max-image-preview:large","max-video-preview":"max-video-preview:-1"},"canonical":"https:\/\/alsjob.fr\/en\/implantation\/","og_locale":"en_US","og_type":"article","og_title":"Implantation - ALS JOB","og_url":"https:\/\/alsjob.fr\/en\/implantation\/","og_site_name":"ALS JOB","article_publisher":"https:\/\/facebook.com\/asljob","article_modified_time":"2025-01-29T14:49:23+00:00","twitter_card":"summary_large_image","twitter_misc":{"Est. reading time":"2 minutes"},"schema":{"@context":"https:\/\/schema.org","@graph":[{"@type":"WebPage","@id":"https:\/\/alsjob.fr\/implantation\/","url":"https:\/\/alsjob.fr\/implantation\/","name":"Implantation - ALS JOB","isPartOf":{"@id":"https:\/\/alsjob.fr\/#website"},"datePublished":"2025-01-09T11:08:46+00:00","dateModified":"2025-01-29T14:49:23+00:00","breadcrumb":{"@id":"https:\/\/alsjob.fr\/implantation\/#breadcrumb"},"inLanguage":"en-US","potentialAction":[{"@type":"ReadAction","target":["https:\/\/alsjob.fr\/implantation\/"]}]},{"@type":"BreadcrumbList","@id":"https:\/\/alsjob.fr\/implantation\/#breadcrumb","itemListElement":[{"@type":"ListItem","position":1,"name":"Accueil","item":"https:\/\/alsjob.fr\/"},{"@type":"ListItem","position":2,"name":"Implantation"}]},{"@type":"WebSite","@id":"https:\/\/alsjob.fr\/#website","url":"https:\/\/alsjob.fr\/","name":"ALS JOB","description":"","publisher":{"@id":"https:\/\/alsjob.fr\/#organization"},"potentialAction":[{"@type":"SearchAction","target":{"@type":"EntryPoint","urlTemplate":"https:\/\/alsjob.fr\/?s={search_term_string}"},"query-input":{"@type":"PropertyValueSpecification","valueRequired":true,"valueName":"search_term_string"}}],"inLanguage":"en-US"},{"@type":"Organization","@id":"https:\/\/alsjob.fr\/#organization","name":"ALS JOB","url":"https:\/\/alsjob.fr\/","logo":{"@type":"ImageObject","inLanguage":"en-US","@id":"https:\/\/alsjob.fr\/#\/schema\/logo\/image\/","url":"https:\/\/alsjob.fr\/wp-content\/uploads\/2025\/01\/Capture-decran-2025-01-10-a-16.58.46.png","contentUrl":"https:\/\/alsjob.fr\/wp-content\/uploads\/2025\/01\/Capture-decran-2025-01-10-a-16.58.46.png","width":556,"height":262,"caption":"ALS JOB"},"image":{"@id":"https:\/\/alsjob.fr\/#\/schema\/logo\/image\/"},"sameAs":["https:\/\/facebook.com\/asljob","https:\/\/linkedin.com\/alsjob","https:\/\/instagram.com\/alsjob"]}]}},"_links":{"self":[{"href":"https:\/\/alsjob.fr\/en\/wp-json\/wp\/v2\/pages\/1649","targetHints":{"allow":["GET"]}}],"collection":[{"href":"https:\/\/alsjob.fr\/en\/wp-json\/wp\/v2\/pages"}],"about":[{"href":"https:\/\/alsjob.fr\/en\/wp-json\/wp\/v2\/types\/page"}],"author":[{"embeddable":true,"href":"https:\/\/alsjob.fr\/en\/wp-json\/wp\/v2\/users\/1"}],"replies":[{"embeddable":true,"href":"https:\/\/alsjob.fr\/en\/wp-json\/wp\/v2\/comments?post=1649"}],"version-history":[{"count":8,"href":"https:\/\/alsjob.fr\/en\/wp-json\/wp\/v2\/pages\/1649\/revisions"}],"predecessor-version":[{"id":1989,"href":"https:\/\/alsjob.fr\/en\/wp-json\/wp\/v2\/pages\/1649\/revisions\/1989"}],"wp:attachment":[{"href":"https:\/\/alsjob.fr\/en\/wp-json\/wp\/v2\/media?parent=1649"}],"curies":[{"name":"wp","href":"https:\/\/api.w.org\/{rel}","templated":true}]}}