{"id":1651,"date":"2025-01-09T12:08:56","date_gmt":"2025-01-09T11:08:56","guid":{"rendered":"https:\/\/alsjob.fr\/?page_id=1651"},"modified":"2025-03-03T10:01:16","modified_gmt":"2025-03-03T09:01:16","slug":"groupe-als","status":"publish","type":"page","link":"https:\/\/alsjob.fr\/en\/groupe-als\/","title":{"rendered":"Le groupe ALS"},"content":{"rendered":"<div class=\"wpb-content-wrapper\"><div class=\"vc_row wpb_row vc_row-fluid\"><div class=\"wpb_column vc_column_container vc_col-sm-12\"><div class=\"vc_column-inner\"><div class=\"wpb_wrapper\">\n\t<div class=\"wpb_text_column wpb_content_element\" >\n\t\t<div class=\"wpb_wrapper\">\n\t\t\t<h1>Le groupe ALS<\/h1>\n\n\t\t<\/div>\n\t<\/div>\n<\/div><\/div><\/div><\/div><div class=\"vc_row wpb_row vc_row-fluid\"><div class=\"wpb_column vc_column_container vc_col-sm-12\"><div class=\"vc_column-inner\"><div class=\"wpb_wrapper\">\n\t<div class=\"wpb_text_column wpb_content_element\" >\n\t\t<div class=\"wpb_wrapper\">\n\t\t\t<p data-pm-slice=\"1 1 &#091;&#093;\"><strong>ALS GROUPE est une<\/strong> Holding ambitieuse et dynamique qui rassemble deux entreprises aux expertises compl\u00e9mentaires : <strong>ALS JOB<\/strong>, votre agence de travail temporaire, et <strong>ALS Nettoyage<\/strong>, votre partenaire pour le nettoyage industriel. Avec une vision claire, des valeurs solides et une \u00e9quipe d\u00e9vou\u00e9e, <strong>ALS GROUPE<\/strong> s\u2019engage \u00e0 offrir des solutions adapt\u00e9es aux besoins vari\u00e9s de ses clients et \u00e0 contribuer au d\u00e9veloppement durable de leurs activit\u00e9s.<\/p>\n<h2><\/h2>\n\n\t\t<\/div>\n\t<\/div>\n<div class=\"vc_empty_space\"   style=\"height: 32px\"><span class=\"vc_empty_space_inner\"><\/span><\/div><\/div><\/div><\/div><\/div><div class=\"vc_row wpb_row vc_row-fluid\"><div class=\"wpb_column vc_column_container vc_col-sm-4\"><div class=\"vc_column-inner\"><div class=\"wpb_wrapper\"><div class=\"wpb_gallery wpb_content_element vc_clearfix\" ><div class=\"wpb_wrapper\"><div class=\"wpb_gallery_slides wpb_flexslider flexslider_fade flexslider\" data-interval=\"0\" data-flex_fx=\"fade\"><ul class=\"slides\"><li><a class=\"prettyphoto\" href=\"https:\/\/alsjob.fr\/wp-content\/uploads\/2025\/01\/Capture-decran-2025-01-10-a-16.58.46.png\" data-rel=\"prettyPhoto[rel-1651-2009449140]\"><img loading=\"lazy\" decoding=\"async\" width=\"556\" height=\"262\" src=\"https:\/\/alsjob.fr\/wp-content\/uploads\/2025\/01\/Capture-decran-2025-01-10-a-16.58.46.png\" class=\"attachment-full\" alt=\"\" title=\"Capture d\u2019e\u0301cran 2025-01-10 a\u0300 16.58.46\" srcset=\"https:\/\/alsjob.fr\/wp-content\/uploads\/2025\/01\/Capture-decran-2025-01-10-a-16.58.46.png 556w, https:\/\/alsjob.fr\/wp-content\/uploads\/2025\/01\/Capture-decran-2025-01-10-a-16.58.46-300x141.png 300w\" sizes=\"auto, (max-width: 556px) 100vw, 556px\" \/><\/a><\/li><\/ul><\/div><\/div><\/div><\/div><\/div><\/div><div class=\"wpb_column vc_column_container vc_col-sm-4\"><div class=\"vc_column-inner\"><div class=\"wpb_wrapper\"><div class=\"wpb_gallery wpb_content_element vc_clearfix\" ><div class=\"wpb_wrapper\"><div class=\"wpb_gallery_slides wpb_flexslider flexslider_fade flexslider\" data-interval=\"0\" data-flex_fx=\"fade\"><ul class=\"slides\"><li><a class=\"prettyphoto\" href=\"https:\/\/alsjob.fr\/wp-content\/uploads\/2025\/01\/Capture-decran-2025-01-10-a-16.58.42.png\" data-rel=\"prettyPhoto[rel-1651-946547242]\"><img loading=\"lazy\" decoding=\"async\" width=\"730\" height=\"264\" src=\"https:\/\/alsjob.fr\/wp-content\/uploads\/2025\/01\/Capture-decran-2025-01-10-a-16.58.42.png\" class=\"attachment-full\" alt=\"\" title=\"Capture d\u2019e\u0301cran 2025-01-10 a\u0300 16.58.42\" srcset=\"https:\/\/alsjob.fr\/wp-content\/uploads\/2025\/01\/Capture-decran-2025-01-10-a-16.58.42.png 730w, https:\/\/alsjob.fr\/wp-content\/uploads\/2025\/01\/Capture-decran-2025-01-10-a-16.58.42-300x108.png 300w\" sizes=\"auto, (max-width: 730px) 100vw, 730px\" \/><\/a><\/li><\/ul><\/div><\/div><\/div><\/div><\/div><\/div><div class=\"wpb_column vc_column_container vc_col-sm-4\"><div class=\"vc_column-inner\"><div class=\"wpb_wrapper\"><div class=\"wpb_gallery wpb_content_element vc_clearfix\" ><div class=\"wpb_wrapper\"><div class=\"wpb_gallery_slides wpb_flexslider flexslider_fade flexslider\" data-interval=\"0\" data-flex_fx=\"fade\"><ul class=\"slides\"><li><a class=\"prettyphoto\" href=\"https:\/\/alsjob.fr\/wp-content\/uploads\/2025\/01\/Capture-decran-2025-01-10-a-16.58.50.png\" data-rel=\"prettyPhoto[rel-1651-1777084576]\"><img loading=\"lazy\" decoding=\"async\" width=\"986\" height=\"282\" src=\"https:\/\/alsjob.fr\/wp-content\/uploads\/2025\/01\/Capture-decran-2025-01-10-a-16.58.50.png\" class=\"attachment-full\" alt=\"\" title=\"Capture d\u2019e\u0301cran 2025-01-10 a\u0300 16.58.50\" srcset=\"https:\/\/alsjob.fr\/wp-content\/uploads\/2025\/01\/Capture-decran-2025-01-10-a-16.58.50.png 986w, https:\/\/alsjob.fr\/wp-content\/uploads\/2025\/01\/Capture-decran-2025-01-10-a-16.58.50-300x86.png 300w, https:\/\/alsjob.fr\/wp-content\/uploads\/2025\/01\/Capture-decran-2025-01-10-a-16.58.50-768x220.png 768w\" sizes=\"auto, (max-width: 986px) 100vw, 986px\" \/><\/a><\/li><\/ul><\/div><\/div><\/div><\/div><\/div><\/div><\/div><div class=\"vc_row wpb_row vc_row-fluid\"><div class=\"wpb_column vc_column_container vc_col-sm-12\"><div class=\"vc_column-inner\"><div class=\"wpb_wrapper\"><div class=\"vc_empty_space\"   style=\"height: 32px\"><span class=\"vc_empty_space_inner\"><\/span><\/div>\n\t<div class=\"wpb_text_column wpb_content_element\" >\n\t\t<div class=\"wpb_wrapper\">\n\t\t\t<h2 data-pm-slice=\"1 1 &#091;&#093;\">Qui sommes-nous ?<\/h2>\n<p><strong>ALS GROUPE<\/strong> est n\u00e9 de la volont\u00e9 de r\u00e9pondre de mani\u00e8re innovante et efficace aux besoins des entreprises. Fond\u00e9 sur des principes de qualit\u00e9, de confiance et de professionnalisme, ALS GROUPE se positionne comme un acteur incontournable dans ces domaines.<\/p>\n<p>Gr\u00e2ce \u00e0 nos deux filiales, <strong>ALS JOB<\/strong> et <strong>ALS Nettoyage<\/strong>, nous sommes en mesure d\u2019offrir des prestations de haut niveau, qu\u2019il s\u2019agisse de renforcer vos \u00e9quipes avec des travailleurs qualifi\u00e9s ou de garantir un environnement propre, s\u00fbr et propice \u00e0 votre activit\u00e9.<\/p>\n\n\t\t<\/div>\n\t<\/div>\n<div class=\"vc_empty_space\"   style=\"height: 32px\"><span class=\"vc_empty_space_inner\"><\/span><\/div><\/div><\/div><\/div><\/div><div class=\"vc_row wpb_row vc_row-fluid\"><div class=\"wpb_column vc_column_container vc_col-sm-6\"><div class=\"vc_column-inner\"><div class=\"wpb_wrapper\"><div class=\"wpb_gallery wpb_content_element vc_clearfix\" ><div class=\"wpb_wrapper\"><div class=\"wpb_gallery_slides wpb_flexslider flexslider_fade flexslider\" data-interval=\"0\" data-flex_fx=\"fade\"><ul class=\"slides\"><li><a class=\"prettyphoto\" href=\"https:\/\/alsjob.fr\/wp-content\/uploads\/2025\/01\/Capture-decran-2025-01-10-a-16.58.46.png\" data-rel=\"prettyPhoto[rel-1651-942424028]\"><img loading=\"lazy\" decoding=\"async\" width=\"556\" height=\"262\" src=\"https:\/\/alsjob.fr\/wp-content\/uploads\/2025\/01\/Capture-decran-2025-01-10-a-16.58.46.png\" class=\"attachment-full\" alt=\"\" title=\"Capture d\u2019e\u0301cran 2025-01-10 a\u0300 16.58.46\" srcset=\"https:\/\/alsjob.fr\/wp-content\/uploads\/2025\/01\/Capture-decran-2025-01-10-a-16.58.46.png 556w, https:\/\/alsjob.fr\/wp-content\/uploads\/2025\/01\/Capture-decran-2025-01-10-a-16.58.46-300x141.png 300w\" sizes=\"auto, (max-width: 556px) 100vw, 556px\" \/><\/a><\/li><\/ul><\/div><\/div><\/div><\/div><\/div><\/div><div class=\"wpb_column vc_column_container vc_col-sm-6\"><div class=\"vc_column-inner\"><div class=\"wpb_wrapper\">\n\t<div class=\"wpb_text_column wpb_content_element\" >\n\t\t<div class=\"wpb_wrapper\">\n\t\t\t<h3>Nos services chez ALS JOB :<\/h3>\n<ul data-spread=\"false\">\n<li><strong>Recrutement de personnel qualifi\u00e9<\/strong> : nous identifions et recrutons les meilleurs talents pour r\u00e9pondre \u00e0 vos besoins sp\u00e9cifiques.<\/li>\n<li><strong>Flexibilit\u00e9 et rapidit\u00e9<\/strong> : Besoin d\u2019une \u00e9quipe suppl\u00e9mentaire en urgence ? Nous sommes l\u00e0 pour vous accompagner dans les d\u00e9lais les plus courts.<\/li>\n<li><strong>Gestion administrative simplifi\u00e9e<\/strong> : Nous prenons en charge tous les aspects administratifs, y compris les contrats, les d\u00e9clarations et la gestion des salaires.<\/li>\n<li><strong>Accompagnement et suivi<\/strong> : Notre \u00e9quipe d\u2019experts est disponible pour vous aider \u00e0 chaque \u00e9tape, en veillant \u00e0 ce que nos services correspondent parfaitement \u00e0 vos attentes.<\/li>\n<\/ul>\n\n\t\t<\/div>\n\t<\/div>\n<\/div><\/div><\/div><\/div><div class=\"vc_row wpb_row vc_row-fluid\"><div class=\"wpb_column vc_column_container vc_col-sm-12\"><div class=\"vc_column-inner\"><div class=\"wpb_wrapper\"><div class=\"vc_empty_space\"   style=\"height: 32px\"><span class=\"vc_empty_space_inner\"><\/span><\/div><\/div><\/div><\/div><\/div><div class=\"vc_row wpb_row vc_row-fluid\"><div class=\"wpb_column vc_column_container vc_col-sm-6\"><div class=\"vc_column-inner\"><div class=\"wpb_wrapper\">\n\t<div class=\"wpb_text_column wpb_content_element\" >\n\t\t<div class=\"wpb_wrapper\">\n\t\t\t<h3>Nos services chez ALS Nettoyage :<\/h3>\n<ul data-spread=\"false\">\n<li><strong>Nettoyage industriel<\/strong> : Que ce soit pour les usines, les entrep\u00f4ts ou les sites de production, nous offrons des solutions sur mesure pour maintenir un haut niveau d\u2019hygi\u00e8ne et de propret\u00e9.<\/li>\n<li><strong>Nettoyage de bureaux et espaces commerciaux<\/strong> : Nous veillons \u00e0 ce que vos locaux soient accueillants, propres et agr\u00e9ables pour vos \u00e9quipes et vos clients.<\/li>\n<li><strong>Nettoyage apr\u00e8s chantier<\/strong> : R\u00e9novation, construction ou am\u00e9nagement, nous intervenons pour remettre en \u00e9tat vos espaces.<\/li>\n<li><strong>Entretien courant et services personnalis\u00e9s<\/strong> : De la gestion des sols \u00e0 l\u2019entretien des surfaces vitr\u00e9es, chaque intervention est adapt\u00e9e \u00e0 vos besoins sp\u00e9cifiques.<\/li>\n<li><strong>Evacuation de gravats:\u00a0<\/strong>Elle consiste \u00e0 collecter, transporter et \u00e9liminer les d\u00e9chets solides g\u00e9n\u00e9r\u00e9s par ces activit\u00e9s, tels que les d\u00e9bris de b\u00e9ton, les briques, la terre, le pl\u00e2tre ou encore les mat\u00e9riaux de rev\u00eatement.<\/li>\n<\/ul>\n\n\t\t<\/div>\n\t<\/div>\n<\/div><\/div><\/div><div class=\"wpb_column vc_column_container vc_col-sm-6\"><div class=\"vc_column-inner\"><div class=\"wpb_wrapper\"><div class=\"wpb_gallery wpb_content_element vc_clearfix\" ><div class=\"wpb_wrapper\"><div class=\"wpb_gallery_slides wpb_flexslider flexslider_fade flexslider\" data-interval=\"0\" data-flex_fx=\"fade\"><ul class=\"slides\"><li><a class=\"prettyphoto\" href=\"https:\/\/alsjob.fr\/wp-content\/uploads\/2025\/01\/Capture-decran-2025-01-10-a-16.58.50.png\" data-rel=\"prettyPhoto[rel-1651-1719747704]\"><img loading=\"lazy\" decoding=\"async\" width=\"986\" height=\"282\" src=\"https:\/\/alsjob.fr\/wp-content\/uploads\/2025\/01\/Capture-decran-2025-01-10-a-16.58.50.png\" class=\"attachment-full\" alt=\"\" title=\"Capture d\u2019e\u0301cran 2025-01-10 a\u0300 16.58.50\" srcset=\"https:\/\/alsjob.fr\/wp-content\/uploads\/2025\/01\/Capture-decran-2025-01-10-a-16.58.50.png 986w, https:\/\/alsjob.fr\/wp-content\/uploads\/2025\/01\/Capture-decran-2025-01-10-a-16.58.50-300x86.png 300w, https:\/\/alsjob.fr\/wp-content\/uploads\/2025\/01\/Capture-decran-2025-01-10-a-16.58.50-768x220.png 768w\" sizes=\"auto, (max-width: 986px) 100vw, 986px\" \/><\/a><\/li><\/ul><\/div><\/div><\/div><\/div><\/div><\/div><\/div><div class=\"vc_row wpb_row vc_row-fluid\"><div class=\"wpb_column vc_column_container vc_col-sm-12\"><div class=\"vc_column-inner\"><div class=\"wpb_wrapper\"><div class=\"vc_empty_space\"   style=\"height: 32px\"><span class=\"vc_empty_space_inner\"><\/span><\/div>\n\t<div class=\"wpb_text_column wpb_content_element\" >\n\t\t<div class=\"wpb_wrapper\">\n\t\t\t<h2 data-pm-slice=\"1 3 &#091;&#093;\">Nos Valeurs : L\u2019ADN d\u2019ALS GROUPE<\/h2>\n<p>Chez <strong>ALS GROUPE<\/strong>, nous croyons fermement que le succ\u00e8s repose sur des valeurs fortes et partag\u00e9es par toutes nos \u00e9quipes.<\/p>\n<ul data-spread=\"false\">\n<li><strong>Qualit\u00e9<\/strong> : Nous visons l\u2019excellence dans chaque service que nous proposons.<\/li>\n<li><strong>Proximit\u00e9<\/strong> : \u00c0 l\u2019\u00e9coute de nos clients et de nos collaborateurs, nous privil\u00e9gions une relation humaine et sinc\u00e8re.<\/li>\n<li><strong>Innovation<\/strong> : Nous investissons constamment dans des technologies et des m\u00e9thodes modernes pour offrir des solutions toujours plus performantes.<\/li>\n<li><strong>Responsabilit\u00e9<\/strong> : Nous nous engageons \u00e0 respecter l\u2019environnement et \u00e0 promouvoir des pratiques \u00e9thiques dans toutes nos activit\u00e9s.<\/li>\n<\/ul>\n\n\t\t<\/div>\n\t<\/div>\n<\/div><\/div><\/div><\/div><div class=\"vc_row wpb_row vc_row-fluid\"><div class=\"wpb_column vc_column_container vc_col-sm-12\"><div class=\"vc_column-inner\"><div class=\"wpb_wrapper\"><div class=\"vc_empty_space\"   style=\"height: 32px\"><span class=\"vc_empty_space_inner\"><\/span><\/div><\/div><\/div><\/div><\/div><div class=\"vc_row wpb_row vc_row-fluid\"><div class=\"wpb_column vc_column_container vc_col-sm-12\"><div class=\"vc_column-inner\"><div class=\"wpb_wrapper\">\n\t<div class=\"wpb_text_column wpb_content_element\" >\n\t\t<div class=\"wpb_wrapper\">\n\t\t\t<p><strong>Avec ALS GROUPE<\/strong>, vous optez pour une holding solide, experte et engag\u00e9e. Que vous soyez une entreprise \u00e0 la recherche de talents , une industrie souhaitant maintenir ses locaux impeccables, ou encore une collectivit\u00e9 en qu\u00eate de solutions de nettoyage sur mesure, nous avons les comp\u00e9tences et les ressources pour r\u00e9pondre \u00e0 vos attentes.<\/p>\n<p>Avec <strong>ALS JOB<\/strong> et <strong>ALS Nettoyage<\/strong>, nous avons \u00e0 c\u0153ur de contribuer au succ\u00e8s de nos clients tout en valorisant le travail de nos collaborateurs. Ensemble, nous construisons des partenariats solides, bas\u00e9s sur la confiance, la performance et la satisfaction mutuelle.<\/p>\n<div>\n<hr \/>\n<\/div>\n<h2>Contactez-nous !<\/h2>\n<p>Pr\u00eats \u00e0 collaborer avec un groupe qui place vos besoins au centre de ses priorit\u00e9s ? Contactez-nous d\u00e8s aujourd\u2019hui pour discuter de vos projets et d\u00e9couvrir comment nous pouvons vous accompagner.<\/p>\n<p>Avec <strong>ALS GROUPE<\/strong>, donnez un nouvel \u00e9lan \u00e0 vos activit\u00e9s et b\u00e9n\u00e9ficiez de solutions sur mesure, adapt\u00e9es \u00e0 vos objectifs et \u00e0 vos ambitions.<\/p>\n\n\t\t<\/div>\n\t<\/div>\n<\/div><\/div><\/div><\/div><div class=\"vc_row wpb_row vc_row-fluid\"><div class=\"wpb_column vc_column_container vc_col-sm-6\"><div class=\"vc_column-inner\"><div class=\"wpb_wrapper\"><div class=\"wpb_gallery wpb_content_element vc_clearfix\" ><div class=\"wpb_wrapper\"><div class=\"wpb_gallery_slides wpb_flexslider flexslider_fade flexslider\" data-interval=\"3\" data-flex_fx=\"fade\"><ul class=\"slides\"><li><a class=\"prettyphoto\" href=\"https:\/\/alsjob.fr\/wp-content\/uploads\/2025\/03\/IMG-20250303-WA0002.jpg\" data-rel=\"prettyPhoto[rel-1651-1057763202]\"><img loading=\"lazy\" decoding=\"async\" width=\"300\" height=\"300\" src=\"https:\/\/alsjob.fr\/wp-content\/uploads\/2025\/03\/IMG-20250303-WA0002-300x300.jpg\" class=\"attachment-medium\" alt=\"Axa Diop Montargis\" title=\"IMG-20250303-WA0002\" srcset=\"https:\/\/alsjob.fr\/wp-content\/uploads\/2025\/03\/IMG-20250303-WA0002-300x300.jpg 300w, https:\/\/alsjob.fr\/wp-content\/uploads\/2025\/03\/IMG-20250303-WA0002-150x150.jpg 150w, https:\/\/alsjob.fr\/wp-content\/uploads\/2025\/03\/IMG-20250303-WA0002-12x12.jpg 12w, https:\/\/alsjob.fr\/wp-content\/uploads\/2025\/03\/IMG-20250303-WA0002-100x100.jpg 100w, https:\/\/alsjob.fr\/wp-content\/uploads\/2025\/03\/IMG-20250303-WA0002.jpg 500w\" sizes=\"auto, (max-width: 300px) 100vw, 300px\" \/><\/a><\/li><\/ul><\/div><\/div><\/div><\/div><\/div><\/div><div class=\"wpb_column vc_column_container vc_col-sm-6\"><div class=\"vc_column-inner\"><div class=\"wpb_wrapper\">\n\t<div class=\"wpb_text_column wpb_content_element\" >\n\t\t<div class=\"wpb_wrapper\">\n\t\t\t<div class=\"elementor-column elementor-col-50 elementor-top-column elementor-element elementor-element-d80749d pxl-column-none pxl-column-overflow-hidden-no\" data-id=\"d80749d\" data-element_type=\"column\">\n<div class=\"elementor-widget-wrap elementor-element-populated\">\n<div class=\"elementor-element elementor-element-d64dba6 elementor-widget elementor-widget-text-editor\" data-id=\"d64dba6\" data-element_type=\"widget\" data-widget_type=\"text-editor.default\">\n<div class=\"elementor-widget-container\">\n<h3>Partenariat avec l\u2019agence AXA DIOP<\/h3>\n<div><\/div>\n<p>Nous sommes ravis d\u2019annoncer notre partenariat avec <strong>l\u2019agence AXA <\/strong><strong data-start=\"52\" data-end=\"69\">Diop<\/strong>, Agent G\u00e9n\u00e9ral d\u2019assurance exclusif AXA France, bas\u00e9 \u00e0 Amilly.<\/p>\n<div class=\"relative inline-flex items-center\">\n<p><a class=\"ml-1 inline-flex h-&#091;22px&#093; items-center rounded-xl bg-&#091;#f4f4f4&#093; px-2 text-&#091;0.5em&#093; font-medium text-token-text-secondary dark:bg-token-main-surface-secondary !text-token-text-secondary uppercase hover:bg-token-text-primary hover:!text-token-main-surface-secondary dark:hover:bg-token-text-primary group\" href=\"https:\/\/agence.axa.fr\/distributeur\/0004078904?utm_source=chatgpt.com\" target=\"_blank\" rel=\"noopener\"><span class=\"truncate\">agence.axa.fr<\/span><\/a><\/p>\n<\/div>\n<p>Cette collaboration strat\u00e9gique nous permet d\u2019associer notre expertise <strong data-start=\"245\" data-end=\"287\">en assurances auto, habitation, <\/strong>aux solutions d\u2019assurance compl\u00e8tes propos\u00e9es par M. Diop.<\/p>\n<p>Ensemble, nous d\u00e9veloppons des offres sur mesure pour les entreprises souhaitant prot\u00e9ger leurs infrastructures critiques contre les menaces physiques et num\u00e9riques. Gr\u00e2ce \u00e0 ce partenariat, nos clients b\u00e9n\u00e9ficient d\u2019une couverture optimale face aux risques industriels et cybern\u00e9tiques, assurant ainsi une r\u00e9silience accrue et une tranquillit\u00e9 d\u2019esprit totale.<\/p>\n<\/div>\n<\/div>\n<\/div>\n<\/div>\n\n\t\t<\/div>\n\t<\/div>\n<\/div><\/div><\/div><\/div>\n<\/div>","protected":false},"excerpt":{"rendered":"Le groupe ALS ALS GROUPE est une Holding ambitieuse et dynamique qui rassemble deux entreprises aux expertises compl\u00e9mentaires : ALS JOB, votre agence de travail temporaire, et ALS Nettoyage, votre partenaire pour le nettoyage industriel. Avec une vision claire, des valeurs solides et une \u00e9quipe d\u00e9vou\u00e9e, ALS GROUPE s\u2019engage \u00e0 offrir des solutions adapt\u00e9es aux &hellip; <br \/><a href=\"https:\/\/alsjob.fr\/en\/groupe-als\/\" class=\"more-link\">Continue reading <span class=\"screen-reader-text\">Le groupe ALS<\/span><\/a>","protected":false},"author":1,"featured_media":0,"parent":0,"menu_order":0,"comment_status":"closed","ping_status":"closed","template":"","meta":{"footnotes":""},"class_list":["post-1651","page","type-page","status-publish","hentry"],"yoast_head":"<!-- This site is optimized with the Yoast SEO plugin v27.1.1 - https:\/\/yoast.com\/product\/yoast-seo-wordpress\/ -->\n<title>Le groupe ALS - ALS JOB<\/title>\n<meta name=\"robots\" content=\"index, follow, max-snippet:-1, max-image-preview:large, max-video-preview:-1\" \/>\n<link rel=\"canonical\" href=\"https:\/\/alsjob.fr\/en\/groupe-als\/\" \/>\n<meta property=\"og:locale\" content=\"en_US\" \/>\n<meta property=\"og:type\" content=\"article\" \/>\n<meta property=\"og:title\" content=\"Le groupe ALS - ALS JOB\" \/>\n<meta property=\"og:url\" content=\"https:\/\/alsjob.fr\/en\/groupe-als\/\" \/>\n<meta property=\"og:site_name\" content=\"ALS JOB\" \/>\n<meta property=\"article:publisher\" content=\"https:\/\/facebook.com\/asljob\" \/>\n<meta property=\"article:modified_time\" content=\"2025-03-03T09:01:16+00:00\" \/>\n<meta name=\"twitter:card\" content=\"summary_large_image\" \/>\n<meta name=\"twitter:label1\" content=\"Est. reading time\" \/>\n\t<meta name=\"twitter:data1\" content=\"6 minutes\" \/>\n<script type=\"application\/ld+json\" class=\"yoast-schema-graph\">{\"@context\":\"https:\/\/schema.org\",\"@graph\":[{\"@type\":\"WebPage\",\"@id\":\"https:\/\/alsjob.fr\/groupe-als\/\",\"url\":\"https:\/\/alsjob.fr\/groupe-als\/\",\"name\":\"Le groupe ALS - ALS JOB\",\"isPartOf\":{\"@id\":\"https:\/\/alsjob.fr\/#website\"},\"datePublished\":\"2025-01-09T11:08:56+00:00\",\"dateModified\":\"2025-03-03T09:01:16+00:00\",\"breadcrumb\":{\"@id\":\"https:\/\/alsjob.fr\/groupe-als\/#breadcrumb\"},\"inLanguage\":\"en-US\",\"potentialAction\":[{\"@type\":\"ReadAction\",\"target\":[\"https:\/\/alsjob.fr\/groupe-als\/\"]}]},{\"@type\":\"BreadcrumbList\",\"@id\":\"https:\/\/alsjob.fr\/groupe-als\/#breadcrumb\",\"itemListElement\":[{\"@type\":\"ListItem\",\"position\":1,\"name\":\"Accueil\",\"item\":\"https:\/\/alsjob.fr\/\"},{\"@type\":\"ListItem\",\"position\":2,\"name\":\"Le groupe ALS\"}]},{\"@type\":\"WebSite\",\"@id\":\"https:\/\/alsjob.fr\/#website\",\"url\":\"https:\/\/alsjob.fr\/\",\"name\":\"ALS JOB\",\"description\":\"\",\"publisher\":{\"@id\":\"https:\/\/alsjob.fr\/#organization\"},\"potentialAction\":[{\"@type\":\"SearchAction\",\"target\":{\"@type\":\"EntryPoint\",\"urlTemplate\":\"https:\/\/alsjob.fr\/?s={search_term_string}\"},\"query-input\":{\"@type\":\"PropertyValueSpecification\",\"valueRequired\":true,\"valueName\":\"search_term_string\"}}],\"inLanguage\":\"en-US\"},{\"@type\":\"Organization\",\"@id\":\"https:\/\/alsjob.fr\/#organization\",\"name\":\"ALS JOB\",\"url\":\"https:\/\/alsjob.fr\/\",\"logo\":{\"@type\":\"ImageObject\",\"inLanguage\":\"en-US\",\"@id\":\"https:\/\/alsjob.fr\/#\/schema\/logo\/image\/\",\"url\":\"https:\/\/alsjob.fr\/wp-content\/uploads\/2025\/01\/Capture-decran-2025-01-10-a-16.58.46.png\",\"contentUrl\":\"https:\/\/alsjob.fr\/wp-content\/uploads\/2025\/01\/Capture-decran-2025-01-10-a-16.58.46.png\",\"width\":556,\"height\":262,\"caption\":\"ALS JOB\"},\"image\":{\"@id\":\"https:\/\/alsjob.fr\/#\/schema\/logo\/image\/\"},\"sameAs\":[\"https:\/\/facebook.com\/asljob\",\"https:\/\/linkedin.com\/alsjob\",\"https:\/\/instagram.com\/alsjob\"]}]}<\/script>\n<!-- \/ Yoast SEO plugin. -->","yoast_head_json":{"title":"Le groupe ALS - ALS JOB","robots":{"index":"index","follow":"follow","max-snippet":"max-snippet:-1","max-image-preview":"max-image-preview:large","max-video-preview":"max-video-preview:-1"},"canonical":"https:\/\/alsjob.fr\/en\/groupe-als\/","og_locale":"en_US","og_type":"article","og_title":"Le groupe ALS - ALS JOB","og_url":"https:\/\/alsjob.fr\/en\/groupe-als\/","og_site_name":"ALS JOB","article_publisher":"https:\/\/facebook.com\/asljob","article_modified_time":"2025-03-03T09:01:16+00:00","twitter_card":"summary_large_image","twitter_misc":{"Est. reading time":"6 minutes"},"schema":{"@context":"https:\/\/schema.org","@graph":[{"@type":"WebPage","@id":"https:\/\/alsjob.fr\/groupe-als\/","url":"https:\/\/alsjob.fr\/groupe-als\/","name":"Le groupe ALS - ALS JOB","isPartOf":{"@id":"https:\/\/alsjob.fr\/#website"},"datePublished":"2025-01-09T11:08:56+00:00","dateModified":"2025-03-03T09:01:16+00:00","breadcrumb":{"@id":"https:\/\/alsjob.fr\/groupe-als\/#breadcrumb"},"inLanguage":"en-US","potentialAction":[{"@type":"ReadAction","target":["https:\/\/alsjob.fr\/groupe-als\/"]}]},{"@type":"BreadcrumbList","@id":"https:\/\/alsjob.fr\/groupe-als\/#breadcrumb","itemListElement":[{"@type":"ListItem","position":1,"name":"Accueil","item":"https:\/\/alsjob.fr\/"},{"@type":"ListItem","position":2,"name":"Le groupe ALS"}]},{"@type":"WebSite","@id":"https:\/\/alsjob.fr\/#website","url":"https:\/\/alsjob.fr\/","name":"ALS JOB","description":"","publisher":{"@id":"https:\/\/alsjob.fr\/#organization"},"potentialAction":[{"@type":"SearchAction","target":{"@type":"EntryPoint","urlTemplate":"https:\/\/alsjob.fr\/?s={search_term_string}"},"query-input":{"@type":"PropertyValueSpecification","valueRequired":true,"valueName":"search_term_string"}}],"inLanguage":"en-US"},{"@type":"Organization","@id":"https:\/\/alsjob.fr\/#organization","name":"ALS JOB","url":"https:\/\/alsjob.fr\/","logo":{"@type":"ImageObject","inLanguage":"en-US","@id":"https:\/\/alsjob.fr\/#\/schema\/logo\/image\/","url":"https:\/\/alsjob.fr\/wp-content\/uploads\/2025\/01\/Capture-decran-2025-01-10-a-16.58.46.png","contentUrl":"https:\/\/alsjob.fr\/wp-content\/uploads\/2025\/01\/Capture-decran-2025-01-10-a-16.58.46.png","width":556,"height":262,"caption":"ALS JOB"},"image":{"@id":"https:\/\/alsjob.fr\/#\/schema\/logo\/image\/"},"sameAs":["https:\/\/facebook.com\/asljob","https:\/\/linkedin.com\/alsjob","https:\/\/instagram.com\/alsjob"]}]}},"_links":{"self":[{"href":"https:\/\/alsjob.fr\/en\/wp-json\/wp\/v2\/pages\/1651","targetHints":{"allow":["GET"]}}],"collection":[{"href":"https:\/\/alsjob.fr\/en\/wp-json\/wp\/v2\/pages"}],"about":[{"href":"https:\/\/alsjob.fr\/en\/wp-json\/wp\/v2\/types\/page"}],"author":[{"embeddable":true,"href":"https:\/\/alsjob.fr\/en\/wp-json\/wp\/v2\/users\/1"}],"replies":[{"embeddable":true,"href":"https:\/\/alsjob.fr\/en\/wp-json\/wp\/v2\/comments?post=1651"}],"version-history":[{"count":14,"href":"https:\/\/alsjob.fr\/en\/wp-json\/wp\/v2\/pages\/1651\/revisions"}],"predecessor-version":[{"id":2037,"href":"https:\/\/alsjob.fr\/en\/wp-json\/wp\/v2\/pages\/1651\/revisions\/2037"}],"wp:attachment":[{"href":"https:\/\/alsjob.fr\/en\/wp-json\/wp\/v2\/media?parent=1651"}],"curies":[{"name":"wp","href":"https:\/\/api.w.org\/{rel}","templated":true}]}}