{"id":1659,"date":"2025-01-09T12:09:55","date_gmt":"2025-01-09T11:09:55","guid":{"rendered":"https:\/\/alsjob.fr\/?page_id=1659"},"modified":"2025-01-13T14:59:28","modified_gmt":"2025-01-13T13:59:28","slug":"avantages-interimaires","status":"publish","type":"page","link":"https:\/\/alsjob.fr\/en\/avantages-interimaires\/","title":{"rendered":"Avantages int\u00e9rimaires"},"content":{"rendered":"<div class=\"wpb-content-wrapper\"><div class=\"vc_row wpb_row vc_row-fluid\"><div class=\"wpb_column vc_column_container vc_col-sm-12\"><div class=\"vc_column-inner\"><div class=\"wpb_wrapper\">\n\t<div class=\"wpb_text_column wpb_content_element\" >\n\t\t<div class=\"wpb_wrapper\">\n\t\t\t<h1>Avantages int\u00e9rimaires<\/h1>\n\n\t\t<\/div>\n\t<\/div>\n<\/div><\/div><\/div><\/div><div class=\"vc_row wpb_row vc_row-fluid\"><div class=\"wpb_column vc_column_container vc_col-sm-6\"><div class=\"vc_column-inner\"><div class=\"wpb_wrapper\"><div class=\"wpb_gallery wpb_content_element vc_clearfix\" ><div class=\"wpb_wrapper\"><div class=\"wpb_gallery_slides wpb_flexslider flexslider_fade flexslider\" data-interval=\"0\" data-flex_fx=\"fade\"><ul class=\"slides\"><li><a class=\"prettyphoto\" href=\"https:\/\/alsjob.fr\/wp-content\/uploads\/2025\/01\/fbhfdcghdrfg-1024x745.png\" data-rel=\"prettyPhoto[rel-1659-788739710]\"><img loading=\"lazy\" decoding=\"async\" width=\"1280\" height=\"931\" src=\"https:\/\/alsjob.fr\/wp-content\/uploads\/2025\/01\/fbhfdcghdrfg.png\" class=\"attachment-full\" alt=\"\" title=\"fbhfdcghdrfg\" srcset=\"https:\/\/alsjob.fr\/wp-content\/uploads\/2025\/01\/fbhfdcghdrfg.png 1280w, https:\/\/alsjob.fr\/wp-content\/uploads\/2025\/01\/fbhfdcghdrfg-300x218.png 300w, https:\/\/alsjob.fr\/wp-content\/uploads\/2025\/01\/fbhfdcghdrfg-1024x745.png 1024w, https:\/\/alsjob.fr\/wp-content\/uploads\/2025\/01\/fbhfdcghdrfg-768x559.png 768w, https:\/\/alsjob.fr\/wp-content\/uploads\/2025\/01\/fbhfdcghdrfg-600x436.png 600w\" sizes=\"auto, (max-width: 1280px) 100vw, 1280px\" \/><\/a><\/li><\/ul><\/div><\/div><\/div><\/div><\/div><\/div><div class=\"wpb_column vc_column_container vc_col-sm-6\"><div class=\"vc_column-inner vc_custom_1736776767786\"><div class=\"wpb_wrapper\">\n\t<div class=\"wpb_text_column wpb_content_element\" >\n\t\t<div class=\"wpb_wrapper\">\n\t\t\t<h3 data-pm-slice=\"1 1 &#091;&#093;\">Les avantages de l&rsquo;int\u00e9rim avec ALS Job pour les salari\u00e9s<\/h3>\n<p>L\u2019emploi en int\u00e9rim pr\u00e9sente de nombreux avantages pour les salari\u00e9s, et chez ALS Job, nous mettons tout en \u0153uvre pour valoriser cette forme de travail. Que vous soyez \u00e0 la recherche d&rsquo;une premi\u00e8re exp\u00e9rience professionnelle, en reconversion, ou que vous souhaitiez simplement diversifier vos comp\u00e9tences, l\u2019int\u00e9rim peut \u00eatre une solution id\u00e9ale.<\/p>\n\n\t\t<\/div>\n\t<\/div>\n<div  class=\"vc_do_toggle vc_toggle vc_toggle_default vc_toggle_color_default  vc_toggle_size_md\"><div class=\"vc_toggle_title\"><p style=\"text-align: left;font-family:Abril Fatface;font-weight:400;font-style:normal\" class=\"vc_custom_heading vc_do_custom_heading\" >Une diversit\u00e9 d\u2019exp\u00e9riences professionnelles<\/p><i class=\"vc_toggle_icon\"><\/i><\/div><div class=\"vc_toggle_content\"><p data-pm-slice=\"1 1 &#091;&#093;\">Travailler en int\u00e9rim permet aux salari\u00e9s d\u2019explorer diff\u00e9rents secteurs d\u2019activit\u00e9, d\u00e9couvrir de nouveaux m\u00e9tiers et d\u2019acqu\u00e9rir des comp\u00e9tences vari\u00e9es. Cette diversit\u00e9 est un atout majeur pour enrichir son CV et renforcer son attractivit\u00e9 sur le march\u00e9 de l\u2019emploi.<\/p>\n<p>Chez ALS Job, nous proposons une large gamme de missions dans des domaines tels que l\u2019industrie, la logistique, le b\u00e2timent, ou encore les services. Nos candidats b\u00e9n\u00e9ficient ainsi d\u2019une exp\u00e9rience adapt\u00e9e \u00e0 leurs aspirations et comp\u00e9tences.<\/p>\n<\/div><\/div><div  class=\"vc_do_toggle vc_toggle vc_toggle_default vc_toggle_color_default  vc_toggle_size_md\"><div class=\"vc_toggle_title\"><p style=\"text-align: left;font-family:Abril Fatface;font-weight:400;font-style:normal\" class=\"vc_custom_heading vc_do_custom_heading\" >Une grande flexibilit\u00e9<\/p><i class=\"vc_toggle_icon\"><\/i><\/div><div class=\"vc_toggle_content\"><p data-pm-slice=\"1 1 &#091;&#093;\">L\u2019int\u00e9rim offre une flexibilit\u00e9 que peu d\u2019autres formes d\u2019emploi peuvent proposer. Vous pouvez choisir les missions qui correspondent le mieux \u00e0 vos besoins personnels et professionnels : dur\u00e9e de la mission, localisation g\u00e9ographique, ou encore type de poste.<\/p>\n<p>Pour ceux qui souhaitent concilier travail et \u00e9tudes, ou pour les parents qui cherchent \u00e0 s\u2019adapter aux horaires de leur famille, l\u2019int\u00e9rim avec ALS Job est une solution pratique et efficace.<\/p>\n<h4><\/h4>\n<\/div><\/div><div  class=\"vc_do_toggle vc_toggle vc_toggle_default vc_toggle_color_default  vc_toggle_size_md\"><div class=\"vc_toggle_title\"><p style=\"text-align: left;font-family:Abril Fatface;font-weight:400;font-style:normal\" class=\"vc_custom_heading vc_do_custom_heading\" >Une opportunit\u00e9 d\u2019acc\u00e8s rapide \u00e0 l\u2019emploi<\/p><i class=\"vc_toggle_icon\"><\/i><\/div><div class=\"vc_toggle_content\"><p data-pm-slice=\"1 1 &#091;&#093;\">ALS Job simplifie l\u2019acc\u00e8s au march\u00e9 du travail en offrant des missions rapidement disponibles. Que vous soyez \u00e0 la recherche d\u2019un emploi apr\u00e8s une p\u00e9riode d\u2019inactivit\u00e9 ou que vous souhaitiez changer de voie professionnelle, nous vous accompagnons pour trouver une mission rapidement.<\/p>\n<p>Nos processus de recrutement sont rapides et efficaces, afin de maximiser vos chances d\u2019int\u00e9grer une mission dans les meilleurs d\u00e9lais.<\/p>\n<\/div><\/div><div  class=\"vc_do_toggle vc_toggle vc_toggle_default vc_toggle_color_default  vc_toggle_size_md\"><div class=\"vc_toggle_title\"><p style=\"text-align: left;font-family:Abril Fatface;font-weight:400;font-style:normal\" class=\"vc_custom_heading vc_do_custom_heading\" >Des formations et une mont\u00e9e en comp\u00e9tences<\/p><i class=\"vc_toggle_icon\"><\/i><\/div><div class=\"vc_toggle_content\"><p data-pm-slice=\"1 1 &#091;&#093;\">Travailler en int\u00e9rim n\u2019est pas seulement une opportunit\u00e9 d\u2019emploi, c\u2019est \u00e9galement une chance de se former. Chez ALS Job, nous proposons des formations adapt\u00e9es \u00e0 chaque candidat pour les aider \u00e0 d\u00e9velopper leurs comp\u00e9tences techniques et transversales.<\/p>\n<p>Ces formations peuvent inclure :<\/p>\n<ul data-spread=\"false\">\n<li>Des certifications professionnelles.<\/li>\n<li>Des apprentissages sp\u00e9cifiques \u00e0 certains secteurs.<\/li>\n<li>Des formations en sant\u00e9 et s\u00e9curit\u00e9 au travail.<\/li>\n<\/ul>\n<p>Ainsi, chaque mission devient une occasion d\u2019enrichir vos comp\u00e9tences et d\u2019\u00e9voluer professionne<\/p>\n<\/div><\/div><div  class=\"vc_do_toggle vc_toggle vc_toggle_default vc_toggle_color_default  vc_toggle_size_md\"><div class=\"vc_toggle_title\"><p style=\"text-align: left;font-family:Abril Fatface;font-weight:400;font-style:normal\" class=\"vc_custom_heading vc_do_custom_heading\" >Une r\u00e9mun\u00e9ration attractive et des avantages sociaux<\/p><i class=\"vc_toggle_icon\"><\/i><\/div><div class=\"vc_toggle_content\"><p data-pm-slice=\"1 1 &#091;&#093;\">Les salari\u00e9s int\u00e9rimaires b\u00e9n\u00e9ficient d\u2019une r\u00e9mun\u00e9ration attractive, souvent compl\u00e9t\u00e9e par des avantages sociaux tels que :<\/p>\n<ul data-spread=\"false\">\n<li>Une prime de pr\u00e9carit\u00e9 \u00e0 la fin de la mission (10% du salaire brut).<\/li>\n<li>Une prime de cong\u00e9s pay\u00e9s (10% du salaire brut).<\/li>\n<li>L\u2019acc\u00e8s \u00e0 une mutuelle sant\u00e9 adapt\u00e9e.<\/li>\n<\/ul>\n<p>Ces conditions permettent de garantir un niveau de vie stable, m\u00eame dans le cadre d\u2019un emploi temporaire.<\/p>\n<\/div><\/div><div  class=\"vc_do_toggle vc_toggle vc_toggle_default vc_toggle_color_default  vc_toggle_size_md\"><div class=\"vc_toggle_title\"><p style=\"text-align: left;font-family:Abril Fatface;font-weight:400;font-style:normal\" class=\"vc_custom_heading vc_do_custom_heading\" >Un tremplin vers des contrats durables<\/p><i class=\"vc_toggle_icon\"><\/i><\/div><div class=\"vc_toggle_content\"><p data-pm-slice=\"1 1 &#091;&#093;\">Beaucoup de missions en int\u00e9rim peuvent \u00eatre une porte d\u2019entr\u00e9e vers un emploi en CDI. Les entreprises utilisent souvent l\u2019int\u00e9rim comme un moyen de tester les comp\u00e9tences et l\u2019adaptabilit\u00e9 des candidats avant de leur proposer un contrat \u00e0 long terme.<\/p>\n<p>En travaillant avec ALS Job, vous augmentez vos chances de transformer une mission temporaire en opportunit\u00e9 durable, tout en d\u00e9montrant votre valeur sur le terrain.<\/p>\n<\/div><\/div><div  class=\"vc_do_toggle vc_toggle vc_toggle_default vc_toggle_color_default  vc_toggle_size_md\"><div class=\"vc_toggle_title\"><p style=\"text-align: left;font-family:Abril Fatface;font-weight:400;font-style:normal\" class=\"vc_custom_heading vc_do_custom_heading\" >Un accompagnement personnalis\u00e9<\/p><i class=\"vc_toggle_icon\"><\/i><\/div><div class=\"vc_toggle_content\"><p data-pm-slice=\"1 1 &#091;&#093;\">Chez ALS Job, chaque salari\u00e9 est consid\u00e9r\u00e9 comme unique. Nos \u00e9quipes s\u2019engagent \u00e0 vous accompagner tout au long de votre parcours, de la recherche de mission au suivi de votre \u00e9volution professionnelle.<\/p>\n<p>Nous sommes \u00e0 votre \u00e9coute pour comprendre vos besoins, vous conseiller, et vous aider \u00e0 atteindre vos objectifs.<\/p>\n<\/div><\/div><\/div><\/div><\/div><\/div>\n<\/div>","protected":false},"excerpt":{"rendered":"Avantages int\u00e9rimaires Les avantages de l'int\u00e9rim avec ALS Job pour les salari\u00e9s L\u2019emploi en int\u00e9rim pr\u00e9sente de nombreux avantages pour les salari\u00e9s, et chez ALS Job, nous mettons tout en \u0153uvre pour valoriser cette forme de travail. Que vous soyez \u00e0 la recherche d'une premi\u00e8re exp\u00e9rience professionnelle, en reconversion, ou que vous souhaitiez simplement diversifier &hellip; <br \/><a href=\"https:\/\/alsjob.fr\/en\/avantages-interimaires\/\" class=\"more-link\">Continue reading <span class=\"screen-reader-text\">Avantages int\u00e9rimaires<\/span><\/a>","protected":false},"author":1,"featured_media":0,"parent":0,"menu_order":0,"comment_status":"closed","ping_status":"closed","template":"","meta":{"footnotes":""},"class_list":["post-1659","page","type-page","status-publish","hentry"],"yoast_head":"<!-- This site is optimized with the Yoast SEO plugin v27.1.1 - https:\/\/yoast.com\/product\/yoast-seo-wordpress\/ -->\n<title>Avantages int\u00e9rimaires - ALS JOB<\/title>\n<meta name=\"robots\" content=\"index, follow, max-snippet:-1, max-image-preview:large, max-video-preview:-1\" \/>\n<link rel=\"canonical\" href=\"https:\/\/alsjob.fr\/en\/avantages-interimaires\/\" \/>\n<meta property=\"og:locale\" content=\"en_US\" \/>\n<meta property=\"og:type\" content=\"article\" \/>\n<meta property=\"og:title\" content=\"Avantages int\u00e9rimaires - ALS JOB\" \/>\n<meta property=\"og:url\" content=\"https:\/\/alsjob.fr\/en\/avantages-interimaires\/\" \/>\n<meta property=\"og:site_name\" content=\"ALS JOB\" \/>\n<meta property=\"article:publisher\" content=\"https:\/\/facebook.com\/asljob\" \/>\n<meta property=\"article:modified_time\" content=\"2025-01-13T13:59:28+00:00\" \/>\n<meta name=\"twitter:card\" content=\"summary_large_image\" \/>\n<meta name=\"twitter:label1\" content=\"Est. reading time\" \/>\n\t<meta name=\"twitter:data1\" content=\"4 minutes\" \/>\n<script type=\"application\/ld+json\" class=\"yoast-schema-graph\">{\"@context\":\"https:\/\/schema.org\",\"@graph\":[{\"@type\":\"WebPage\",\"@id\":\"https:\/\/alsjob.fr\/avantages-interimaires\/\",\"url\":\"https:\/\/alsjob.fr\/avantages-interimaires\/\",\"name\":\"Avantages int\u00e9rimaires - ALS JOB\",\"isPartOf\":{\"@id\":\"https:\/\/alsjob.fr\/#website\"},\"datePublished\":\"2025-01-09T11:09:55+00:00\",\"dateModified\":\"2025-01-13T13:59:28+00:00\",\"breadcrumb\":{\"@id\":\"https:\/\/alsjob.fr\/avantages-interimaires\/#breadcrumb\"},\"inLanguage\":\"en-US\",\"potentialAction\":[{\"@type\":\"ReadAction\",\"target\":[\"https:\/\/alsjob.fr\/avantages-interimaires\/\"]}]},{\"@type\":\"BreadcrumbList\",\"@id\":\"https:\/\/alsjob.fr\/avantages-interimaires\/#breadcrumb\",\"itemListElement\":[{\"@type\":\"ListItem\",\"position\":1,\"name\":\"Accueil\",\"item\":\"https:\/\/alsjob.fr\/\"},{\"@type\":\"ListItem\",\"position\":2,\"name\":\"Avantages int\u00e9rimaires\"}]},{\"@type\":\"WebSite\",\"@id\":\"https:\/\/alsjob.fr\/#website\",\"url\":\"https:\/\/alsjob.fr\/\",\"name\":\"ALS JOB\",\"description\":\"\",\"publisher\":{\"@id\":\"https:\/\/alsjob.fr\/#organization\"},\"potentialAction\":[{\"@type\":\"SearchAction\",\"target\":{\"@type\":\"EntryPoint\",\"urlTemplate\":\"https:\/\/alsjob.fr\/?s={search_term_string}\"},\"query-input\":{\"@type\":\"PropertyValueSpecification\",\"valueRequired\":true,\"valueName\":\"search_term_string\"}}],\"inLanguage\":\"en-US\"},{\"@type\":\"Organization\",\"@id\":\"https:\/\/alsjob.fr\/#organization\",\"name\":\"ALS JOB\",\"url\":\"https:\/\/alsjob.fr\/\",\"logo\":{\"@type\":\"ImageObject\",\"inLanguage\":\"en-US\",\"@id\":\"https:\/\/alsjob.fr\/#\/schema\/logo\/image\/\",\"url\":\"https:\/\/alsjob.fr\/wp-content\/uploads\/2025\/01\/Capture-decran-2025-01-10-a-16.58.46.png\",\"contentUrl\":\"https:\/\/alsjob.fr\/wp-content\/uploads\/2025\/01\/Capture-decran-2025-01-10-a-16.58.46.png\",\"width\":556,\"height\":262,\"caption\":\"ALS JOB\"},\"image\":{\"@id\":\"https:\/\/alsjob.fr\/#\/schema\/logo\/image\/\"},\"sameAs\":[\"https:\/\/facebook.com\/asljob\",\"https:\/\/linkedin.com\/alsjob\",\"https:\/\/instagram.com\/alsjob\"]}]}<\/script>\n<!-- \/ Yoast SEO plugin. -->","yoast_head_json":{"title":"Avantages int\u00e9rimaires - ALS JOB","robots":{"index":"index","follow":"follow","max-snippet":"max-snippet:-1","max-image-preview":"max-image-preview:large","max-video-preview":"max-video-preview:-1"},"canonical":"https:\/\/alsjob.fr\/en\/avantages-interimaires\/","og_locale":"en_US","og_type":"article","og_title":"Avantages int\u00e9rimaires - ALS JOB","og_url":"https:\/\/alsjob.fr\/en\/avantages-interimaires\/","og_site_name":"ALS JOB","article_publisher":"https:\/\/facebook.com\/asljob","article_modified_time":"2025-01-13T13:59:28+00:00","twitter_card":"summary_large_image","twitter_misc":{"Est. reading time":"4 minutes"},"schema":{"@context":"https:\/\/schema.org","@graph":[{"@type":"WebPage","@id":"https:\/\/alsjob.fr\/avantages-interimaires\/","url":"https:\/\/alsjob.fr\/avantages-interimaires\/","name":"Avantages int\u00e9rimaires - ALS JOB","isPartOf":{"@id":"https:\/\/alsjob.fr\/#website"},"datePublished":"2025-01-09T11:09:55+00:00","dateModified":"2025-01-13T13:59:28+00:00","breadcrumb":{"@id":"https:\/\/alsjob.fr\/avantages-interimaires\/#breadcrumb"},"inLanguage":"en-US","potentialAction":[{"@type":"ReadAction","target":["https:\/\/alsjob.fr\/avantages-interimaires\/"]}]},{"@type":"BreadcrumbList","@id":"https:\/\/alsjob.fr\/avantages-interimaires\/#breadcrumb","itemListElement":[{"@type":"ListItem","position":1,"name":"Accueil","item":"https:\/\/alsjob.fr\/"},{"@type":"ListItem","position":2,"name":"Avantages int\u00e9rimaires"}]},{"@type":"WebSite","@id":"https:\/\/alsjob.fr\/#website","url":"https:\/\/alsjob.fr\/","name":"ALS JOB","description":"","publisher":{"@id":"https:\/\/alsjob.fr\/#organization"},"potentialAction":[{"@type":"SearchAction","target":{"@type":"EntryPoint","urlTemplate":"https:\/\/alsjob.fr\/?s={search_term_string}"},"query-input":{"@type":"PropertyValueSpecification","valueRequired":true,"valueName":"search_term_string"}}],"inLanguage":"en-US"},{"@type":"Organization","@id":"https:\/\/alsjob.fr\/#organization","name":"ALS JOB","url":"https:\/\/alsjob.fr\/","logo":{"@type":"ImageObject","inLanguage":"en-US","@id":"https:\/\/alsjob.fr\/#\/schema\/logo\/image\/","url":"https:\/\/alsjob.fr\/wp-content\/uploads\/2025\/01\/Capture-decran-2025-01-10-a-16.58.46.png","contentUrl":"https:\/\/alsjob.fr\/wp-content\/uploads\/2025\/01\/Capture-decran-2025-01-10-a-16.58.46.png","width":556,"height":262,"caption":"ALS JOB"},"image":{"@id":"https:\/\/alsjob.fr\/#\/schema\/logo\/image\/"},"sameAs":["https:\/\/facebook.com\/asljob","https:\/\/linkedin.com\/alsjob","https:\/\/instagram.com\/alsjob"]}]}},"_links":{"self":[{"href":"https:\/\/alsjob.fr\/en\/wp-json\/wp\/v2\/pages\/1659","targetHints":{"allow":["GET"]}}],"collection":[{"href":"https:\/\/alsjob.fr\/en\/wp-json\/wp\/v2\/pages"}],"about":[{"href":"https:\/\/alsjob.fr\/en\/wp-json\/wp\/v2\/types\/page"}],"author":[{"embeddable":true,"href":"https:\/\/alsjob.fr\/en\/wp-json\/wp\/v2\/users\/1"}],"replies":[{"embeddable":true,"href":"https:\/\/alsjob.fr\/en\/wp-json\/wp\/v2\/comments?post=1659"}],"version-history":[{"count":7,"href":"https:\/\/alsjob.fr\/en\/wp-json\/wp\/v2\/pages\/1659\/revisions"}],"predecessor-version":[{"id":1868,"href":"https:\/\/alsjob.fr\/en\/wp-json\/wp\/v2\/pages\/1659\/revisions\/1868"}],"wp:attachment":[{"href":"https:\/\/alsjob.fr\/en\/wp-json\/wp\/v2\/media?parent=1659"}],"curies":[{"name":"wp","href":"https:\/\/api.w.org\/{rel}","templated":true}]}}