{"id":1661,"date":"2025-01-09T12:10:06","date_gmt":"2025-01-09T11:10:06","guid":{"rendered":"https:\/\/alsjob.fr\/?page_id=1661"},"modified":"2025-01-17T12:07:24","modified_gmt":"2025-01-17T11:07:24","slug":"conseils-pour-trouver-un-emploi","status":"publish","type":"page","link":"https:\/\/alsjob.fr\/en\/conseils-pour-trouver-un-emploi\/","title":{"rendered":"Conseils pour trouver un emploi"},"content":{"rendered":"<div class=\"wpb-content-wrapper\"><div class=\"vc_row wpb_row vc_row-fluid\"><div class=\"wpb_column vc_column_container vc_col-sm-12\"><div class=\"vc_column-inner\"><div class=\"wpb_wrapper\">\n\t<div class=\"wpb_text_column wpb_content_element\" >\n\t\t<div class=\"wpb_wrapper\">\n\t\t\t<h1>Conseils pour trouver un emploi<\/h1>\n\n\t\t<\/div>\n\t<\/div>\n<\/div><\/div><\/div><\/div><div class=\"vc_row wpb_row vc_row-fluid\"><div class=\"wpb_column vc_column_container vc_col-sm-12\"><div class=\"vc_column-inner\"><div class=\"wpb_wrapper\">\n\t<div class=\"wpb_text_column wpb_content_element\" >\n\t\t<div class=\"wpb_wrapper\">\n\t\t\t<p data-pm-slice=\"1 1 &#091;&#093;\">Trouver un emploi, qu&rsquo;il s&rsquo;agisse d&rsquo;un <strong>CDD<\/strong>, d&rsquo;un <strong>CDI<\/strong> ou d&rsquo;une <strong>mission en int\u00e9rim<\/strong>, peut sembler intimidant. Cependant, avec une bonne organisation et des outils appropri\u00e9s, vous pouvez augmenter vos chances de succ\u00e8s. Voici des conseils cl\u00e9s pour optimiser votre recherche d&#8217;emploi, avec un focus sur les opportunit\u00e9s dans le domaine agricole, notamment via <strong>ALS JOB<\/strong>.<\/p>\n\n\t\t<\/div>\n\t<\/div>\n<\/div><\/div><\/div><\/div><div class=\"vc_row wpb_row vc_row-fluid\"><div class=\"wpb_column vc_column_container vc_col-sm-6\"><div class=\"vc_column-inner vc_custom_1736508604974\"><div class=\"wpb_wrapper\"><div class=\"wpb_gallery wpb_content_element vc_clearfix\" ><div class=\"wpb_wrapper\"><div class=\"wpb_gallery_slides wpb_flexslider flexslider_fade flexslider\" data-interval=\"0\" data-flex_fx=\"fade\"><ul class=\"slides\"><li><a class=\"prettyphoto\" href=\"https:\/\/alsjob.fr\/wp-content\/uploads\/2025\/01\/job-interview-and-job-application-2023-11-27-05-37-08-utc-1-1024x534.jpg\" data-rel=\"prettyPhoto[rel-1661-1764822395]\"><img loading=\"lazy\" decoding=\"async\" width=\"1920\" height=\"1002\" src=\"https:\/\/alsjob.fr\/wp-content\/uploads\/2025\/01\/job-interview-and-job-application-2023-11-27-05-37-08-utc-1.jpg\" class=\"attachment-full\" alt=\"\" title=\"job-interview-and-job-application-2023-11-27-05-37-08-utc (1)\" srcset=\"https:\/\/alsjob.fr\/wp-content\/uploads\/2025\/01\/job-interview-and-job-application-2023-11-27-05-37-08-utc-1.jpg 1920w, https:\/\/alsjob.fr\/wp-content\/uploads\/2025\/01\/job-interview-and-job-application-2023-11-27-05-37-08-utc-1-300x157.jpg 300w, https:\/\/alsjob.fr\/wp-content\/uploads\/2025\/01\/job-interview-and-job-application-2023-11-27-05-37-08-utc-1-1024x534.jpg 1024w, https:\/\/alsjob.fr\/wp-content\/uploads\/2025\/01\/job-interview-and-job-application-2023-11-27-05-37-08-utc-1-768x401.jpg 768w, https:\/\/alsjob.fr\/wp-content\/uploads\/2025\/01\/job-interview-and-job-application-2023-11-27-05-37-08-utc-1-1536x802.jpg 1536w, https:\/\/alsjob.fr\/wp-content\/uploads\/2025\/01\/job-interview-and-job-application-2023-11-27-05-37-08-utc-1-18x9.jpg 18w, https:\/\/alsjob.fr\/wp-content\/uploads\/2025\/01\/job-interview-and-job-application-2023-11-27-05-37-08-utc-1-600x313.jpg 600w\" sizes=\"auto, (max-width: 1920px) 100vw, 1920px\" \/><\/a><\/li><\/ul><\/div><\/div><\/div><\/div><\/div><\/div><div class=\"wpb_column vc_column_container vc_col-sm-6\"><div class=\"vc_column-inner\"><div class=\"wpb_wrapper\">\n\t<div class=\"wpb_text_column wpb_content_element\" >\n\t\t<div class=\"wpb_wrapper\">\n\t\t\t<h3 data-pm-slice=\"1 3 &#091;&#093;\">Soignez votre CV<\/h3>\n<p>Votre CV est votre carte de visite professionnelle. Il doit refl\u00e9ter vos comp\u00e9tences, vos exp\u00e9riences et vos aspirations professionnelles. Voici quelques conseils pour r\u00e9diger un CV efficace :<\/p>\n<ol start=\"1\" data-spread=\"false\">\n<li><strong>Clart\u00e9 et pr\u00e9cision<\/strong> : Pr\u00e9sentez vos informations de mani\u00e8re claire et concise. \u00c9vitez les phrases longues et les descriptions trop d\u00e9taill\u00e9es.<\/li>\n<li><strong>Personnalisation<\/strong> : Adaptez votre CV \u00e0 chaque offre d\u2019emploi. Mettez en avant les comp\u00e9tences et exp\u00e9riences les plus pertinentes pour le poste.<\/li>\n<li><strong>Mots-cl\u00e9s<\/strong> : Identifiez les mots-cl\u00e9s dans l\u2019offre d\u2019emploi et int\u00e9grez-les dans votre CV pour capter l\u2019attention des recruteurs.<\/li>\n<li><strong>Pr\u00e9sentation<\/strong> : Utilisez un design professionnel mais simple. Les recruteurs doivent pouvoir rep\u00e9rer rapidement les informations importantes.<\/li>\n<\/ol>\n\n\t\t<\/div>\n\t<\/div>\n<\/div><\/div><\/div><\/div><div class=\"vc_row wpb_row vc_row-fluid\"><div class=\"wpb_column vc_column_container vc_col-sm-12\"><div class=\"vc_column-inner\"><div class=\"wpb_wrapper\"><div class=\"vc_empty_space\"   style=\"height: 32px\"><span class=\"vc_empty_space_inner\"><\/span><\/div><\/div><\/div><\/div><\/div><div class=\"vc_row wpb_row vc_row-fluid\"><div class=\"wpb_column vc_column_container vc_col-sm-12\"><div class=\"vc_column-inner\"><div class=\"wpb_wrapper\">\n\t<div class=\"wpb_text_column wpb_content_element\" >\n\t\t<div class=\"wpb_wrapper\">\n\t\t\t<h3 data-pm-slice=\"1 1 &#091;&#093;\">Astuces g\u00e9n\u00e9rales pour maximiser vos chances<\/h3>\n<ol start=\"1\" data-spread=\"false\">\n<li><strong>Utilisez les bons canaux<\/strong> : En plus de plateformes comme ALS JOB, inscrivez-vous sur d&rsquo;autres sites d&#8217;emploi et n&rsquo;h\u00e9sitez pas \u00e0 contacter directement les entreprises qui vous int\u00e9ressent.<\/li>\n<li><strong>R\u00e9seautez activement<\/strong> : Participez \u00e0 des \u00e9v\u00e9nements professionnels, salons de l\u2019emploi et forums pour rencontrer des employeurs potentiels.<\/li>\n<li><strong>Soyez proactif<\/strong> : Relancez les recruteurs apr\u00e8s avoir post\u00e9 votre candidature pour manifester votre int\u00e9r\u00eat et votre motivation.<\/li>\n<li><strong>Pr\u00e9parez-vous aux entretiens<\/strong> : Entra\u00eenez-vous \u00e0 r\u00e9pondre aux questions les plus fr\u00e9quentes, pr\u00e9parez des exemples concrets de vos r\u00e9alisations et montrez votre enthousiasme.<\/li>\n<li><strong>Renforcez vos comp\u00e9tences<\/strong> : Suivez des formations en ligne pour d\u00e9velopper vos comp\u00e9tences techniques ou comportementales.<\/li>\n<li><strong>Utiliser nos services d&rsquo;Intelligence artificielle<\/strong>: Nous impl\u00e9mentons des solutions d&rsquo;intelligence artificielle pour optimiser le bon emploi pour le bon candidat.<\/li>\n<\/ol>\n<h3>Optimisez votre pr\u00e9sence en ligne<\/h3>\n<p>Assurez-vous que votre profil sur les r\u00e9seaux sociaux professionnels, comme LinkedIn, est \u00e0 jour et coh\u00e9rent avec votre CV.\u00a0 Les recruteurs appr\u00e9cient les candidats qui partagent leur passion pour le secteur. Publiez des contenus li\u00e9s \u00e0 vos exp\u00e9riences pour vous positionner comme un professionnel engag\u00e9.<\/p>\n<p>En suivant ces conseils et en exploitant les ressources comme ALS JOB, vous serez bien \u00e9quip\u00e9 pour trouver un emploi qui correspond \u00e0 vos attentes et vos comp\u00e9tences.<\/p>\n\n\t\t<\/div>\n\t<\/div>\n<\/div><\/div><\/div><\/div>\n<\/div>","protected":false},"excerpt":{"rendered":"Conseils pour trouver un emploi Trouver un emploi, qu'il s'agisse d'un CDD, d'un CDI ou d'une mission en int\u00e9rim, peut sembler intimidant. Cependant, avec une bonne organisation et des outils appropri\u00e9s, vous pouvez augmenter vos chances de succ\u00e8s. Voici des conseils cl\u00e9s pour optimiser votre recherche d'emploi, avec un focus sur les opportunit\u00e9s dans le &hellip; <br \/><a href=\"https:\/\/alsjob.fr\/en\/conseils-pour-trouver-un-emploi\/\" class=\"more-link\">Continue reading <span class=\"screen-reader-text\">Conseils pour trouver un emploi<\/span><\/a>","protected":false},"author":1,"featured_media":0,"parent":0,"menu_order":0,"comment_status":"closed","ping_status":"closed","template":"","meta":{"footnotes":""},"class_list":["post-1661","page","type-page","status-publish","hentry"],"yoast_head":"<!-- This site is optimized with the Yoast SEO plugin v27.1.1 - https:\/\/yoast.com\/product\/yoast-seo-wordpress\/ -->\n<title>Conseils pour trouver un emploi - ALS JOB<\/title>\n<meta name=\"robots\" content=\"index, follow, max-snippet:-1, max-image-preview:large, max-video-preview:-1\" \/>\n<link rel=\"canonical\" href=\"https:\/\/alsjob.fr\/en\/conseils-pour-trouver-un-emploi\/\" \/>\n<meta property=\"og:locale\" content=\"en_US\" \/>\n<meta property=\"og:type\" content=\"article\" \/>\n<meta property=\"og:title\" content=\"Conseils pour trouver un emploi - ALS JOB\" \/>\n<meta property=\"og:url\" content=\"https:\/\/alsjob.fr\/en\/conseils-pour-trouver-un-emploi\/\" \/>\n<meta property=\"og:site_name\" content=\"ALS JOB\" \/>\n<meta property=\"article:publisher\" content=\"https:\/\/facebook.com\/asljob\" \/>\n<meta property=\"article:modified_time\" content=\"2025-01-17T11:07:24+00:00\" \/>\n<meta name=\"twitter:card\" content=\"summary_large_image\" \/>\n<meta name=\"twitter:label1\" content=\"Est. reading time\" \/>\n\t<meta name=\"twitter:data1\" content=\"3 minutes\" \/>\n<script type=\"application\/ld+json\" class=\"yoast-schema-graph\">{\"@context\":\"https:\/\/schema.org\",\"@graph\":[{\"@type\":\"WebPage\",\"@id\":\"https:\/\/alsjob.fr\/conseils-pour-trouver-un-emploi\/\",\"url\":\"https:\/\/alsjob.fr\/conseils-pour-trouver-un-emploi\/\",\"name\":\"Conseils pour trouver un emploi - ALS JOB\",\"isPartOf\":{\"@id\":\"https:\/\/alsjob.fr\/#website\"},\"datePublished\":\"2025-01-09T11:10:06+00:00\",\"dateModified\":\"2025-01-17T11:07:24+00:00\",\"breadcrumb\":{\"@id\":\"https:\/\/alsjob.fr\/conseils-pour-trouver-un-emploi\/#breadcrumb\"},\"inLanguage\":\"en-US\",\"potentialAction\":[{\"@type\":\"ReadAction\",\"target\":[\"https:\/\/alsjob.fr\/conseils-pour-trouver-un-emploi\/\"]}]},{\"@type\":\"BreadcrumbList\",\"@id\":\"https:\/\/alsjob.fr\/conseils-pour-trouver-un-emploi\/#breadcrumb\",\"itemListElement\":[{\"@type\":\"ListItem\",\"position\":1,\"name\":\"Accueil\",\"item\":\"https:\/\/alsjob.fr\/\"},{\"@type\":\"ListItem\",\"position\":2,\"name\":\"Conseils pour trouver un emploi\"}]},{\"@type\":\"WebSite\",\"@id\":\"https:\/\/alsjob.fr\/#website\",\"url\":\"https:\/\/alsjob.fr\/\",\"name\":\"ALS JOB\",\"description\":\"\",\"publisher\":{\"@id\":\"https:\/\/alsjob.fr\/#organization\"},\"potentialAction\":[{\"@type\":\"SearchAction\",\"target\":{\"@type\":\"EntryPoint\",\"urlTemplate\":\"https:\/\/alsjob.fr\/?s={search_term_string}\"},\"query-input\":{\"@type\":\"PropertyValueSpecification\",\"valueRequired\":true,\"valueName\":\"search_term_string\"}}],\"inLanguage\":\"en-US\"},{\"@type\":\"Organization\",\"@id\":\"https:\/\/alsjob.fr\/#organization\",\"name\":\"ALS JOB\",\"url\":\"https:\/\/alsjob.fr\/\",\"logo\":{\"@type\":\"ImageObject\",\"inLanguage\":\"en-US\",\"@id\":\"https:\/\/alsjob.fr\/#\/schema\/logo\/image\/\",\"url\":\"https:\/\/alsjob.fr\/wp-content\/uploads\/2025\/01\/Capture-decran-2025-01-10-a-16.58.46.png\",\"contentUrl\":\"https:\/\/alsjob.fr\/wp-content\/uploads\/2025\/01\/Capture-decran-2025-01-10-a-16.58.46.png\",\"width\":556,\"height\":262,\"caption\":\"ALS JOB\"},\"image\":{\"@id\":\"https:\/\/alsjob.fr\/#\/schema\/logo\/image\/\"},\"sameAs\":[\"https:\/\/facebook.com\/asljob\",\"https:\/\/linkedin.com\/alsjob\",\"https:\/\/instagram.com\/alsjob\"]}]}<\/script>\n<!-- \/ Yoast SEO plugin. -->","yoast_head_json":{"title":"Conseils pour trouver un emploi - ALS JOB","robots":{"index":"index","follow":"follow","max-snippet":"max-snippet:-1","max-image-preview":"max-image-preview:large","max-video-preview":"max-video-preview:-1"},"canonical":"https:\/\/alsjob.fr\/en\/conseils-pour-trouver-un-emploi\/","og_locale":"en_US","og_type":"article","og_title":"Conseils pour trouver un emploi - ALS JOB","og_url":"https:\/\/alsjob.fr\/en\/conseils-pour-trouver-un-emploi\/","og_site_name":"ALS JOB","article_publisher":"https:\/\/facebook.com\/asljob","article_modified_time":"2025-01-17T11:07:24+00:00","twitter_card":"summary_large_image","twitter_misc":{"Est. reading time":"3 minutes"},"schema":{"@context":"https:\/\/schema.org","@graph":[{"@type":"WebPage","@id":"https:\/\/alsjob.fr\/conseils-pour-trouver-un-emploi\/","url":"https:\/\/alsjob.fr\/conseils-pour-trouver-un-emploi\/","name":"Conseils pour trouver un emploi - ALS JOB","isPartOf":{"@id":"https:\/\/alsjob.fr\/#website"},"datePublished":"2025-01-09T11:10:06+00:00","dateModified":"2025-01-17T11:07:24+00:00","breadcrumb":{"@id":"https:\/\/alsjob.fr\/conseils-pour-trouver-un-emploi\/#breadcrumb"},"inLanguage":"en-US","potentialAction":[{"@type":"ReadAction","target":["https:\/\/alsjob.fr\/conseils-pour-trouver-un-emploi\/"]}]},{"@type":"BreadcrumbList","@id":"https:\/\/alsjob.fr\/conseils-pour-trouver-un-emploi\/#breadcrumb","itemListElement":[{"@type":"ListItem","position":1,"name":"Accueil","item":"https:\/\/alsjob.fr\/"},{"@type":"ListItem","position":2,"name":"Conseils pour trouver un emploi"}]},{"@type":"WebSite","@id":"https:\/\/alsjob.fr\/#website","url":"https:\/\/alsjob.fr\/","name":"ALS JOB","description":"","publisher":{"@id":"https:\/\/alsjob.fr\/#organization"},"potentialAction":[{"@type":"SearchAction","target":{"@type":"EntryPoint","urlTemplate":"https:\/\/alsjob.fr\/?s={search_term_string}"},"query-input":{"@type":"PropertyValueSpecification","valueRequired":true,"valueName":"search_term_string"}}],"inLanguage":"en-US"},{"@type":"Organization","@id":"https:\/\/alsjob.fr\/#organization","name":"ALS JOB","url":"https:\/\/alsjob.fr\/","logo":{"@type":"ImageObject","inLanguage":"en-US","@id":"https:\/\/alsjob.fr\/#\/schema\/logo\/image\/","url":"https:\/\/alsjob.fr\/wp-content\/uploads\/2025\/01\/Capture-decran-2025-01-10-a-16.58.46.png","contentUrl":"https:\/\/alsjob.fr\/wp-content\/uploads\/2025\/01\/Capture-decran-2025-01-10-a-16.58.46.png","width":556,"height":262,"caption":"ALS JOB"},"image":{"@id":"https:\/\/alsjob.fr\/#\/schema\/logo\/image\/"},"sameAs":["https:\/\/facebook.com\/asljob","https:\/\/linkedin.com\/alsjob","https:\/\/instagram.com\/alsjob"]}]}},"_links":{"self":[{"href":"https:\/\/alsjob.fr\/en\/wp-json\/wp\/v2\/pages\/1661","targetHints":{"allow":["GET"]}}],"collection":[{"href":"https:\/\/alsjob.fr\/en\/wp-json\/wp\/v2\/pages"}],"about":[{"href":"https:\/\/alsjob.fr\/en\/wp-json\/wp\/v2\/types\/page"}],"author":[{"embeddable":true,"href":"https:\/\/alsjob.fr\/en\/wp-json\/wp\/v2\/users\/1"}],"replies":[{"embeddable":true,"href":"https:\/\/alsjob.fr\/en\/wp-json\/wp\/v2\/comments?post=1661"}],"version-history":[{"count":19,"href":"https:\/\/alsjob.fr\/en\/wp-json\/wp\/v2\/pages\/1661\/revisions"}],"predecessor-version":[{"id":1919,"href":"https:\/\/alsjob.fr\/en\/wp-json\/wp\/v2\/pages\/1661\/revisions\/1919"}],"wp:attachment":[{"href":"https:\/\/alsjob.fr\/en\/wp-json\/wp\/v2\/media?parent=1661"}],"curies":[{"name":"wp","href":"https:\/\/api.w.org\/{rel}","templated":true}]}}