{"id":1663,"date":"2025-01-09T12:10:15","date_gmt":"2025-01-09T11:10:15","guid":{"rendered":"https:\/\/alsjob.fr\/?page_id=1663"},"modified":"2025-01-13T15:04:38","modified_gmt":"2025-01-13T14:04:38","slug":"nos-engagements","status":"publish","type":"page","link":"https:\/\/alsjob.fr\/en\/nos-engagements\/","title":{"rendered":"Nos engagements"},"content":{"rendered":"<div class=\"wpb-content-wrapper\"><div class=\"vc_row wpb_row vc_row-fluid\"><div class=\"wpb_column vc_column_container vc_col-sm-12\"><div class=\"vc_column-inner\"><div class=\"wpb_wrapper\">\n\t<div class=\"wpb_text_column wpb_content_element\" >\n\t\t<div class=\"wpb_wrapper\">\n\t\t\t<h1>Nos engagements<\/h1>\n\n\t\t<\/div>\n\t<\/div>\n<\/div><\/div><\/div><\/div><div class=\"vc_row wpb_row vc_row-fluid\"><div class=\"wpb_column vc_column_container vc_col-sm-12\"><div class=\"vc_column-inner\"><div class=\"wpb_wrapper\">\n\t<div class=\"wpb_text_column wpb_content_element\" >\n\t\t<div class=\"wpb_wrapper\">\n\t\t\t<h3 data-pm-slice=\"1 1 &#091;&#093;\">Nos engagements chez ALS Job : L&rsquo;int\u00e9rim avec des valeurs fortes<\/h3>\n<p>Chez ALS Job, nous ne sommes pas simplement une agence d\u2019int\u00e9rim. Nous sommes un partenaire engag\u00e9, d\u00e9termin\u00e9 \u00e0 offrir une exp\u00e9rience de travail positive et enrichissante \u00e0 la fois pour les entreprises et pour les salari\u00e9s. Nos engagements refl\u00e8tent notre vision : un monde du travail plus humain, \u00e9quilibr\u00e9 et adapt\u00e9 \u00e0 tous.<\/p>\n\n\t\t<\/div>\n\t<\/div>\n<\/div><\/div><\/div><\/div><div class=\"vc_row wpb_row vc_row-fluid\"><div class=\"wpb_column vc_column_container vc_col-sm-12\"><div class=\"vc_column-inner\"><div class=\"wpb_wrapper\"><div  class=\"vc_do_toggle vc_toggle vc_toggle_default vc_toggle_color_default  vc_toggle_size_md\"><div class=\"vc_toggle_title\"><p style=\"text-align: left;font-family:Abril Fatface;font-weight:400;font-style:normal\" class=\"vc_custom_heading vc_do_custom_heading\" >Une approche centr\u00e9e sur l\u2019humain<\/p><i class=\"vc_toggle_icon\"><\/i><\/div><div class=\"vc_toggle_content\"><p data-pm-slice=\"1 3 &#091;&#093;\">L\u2019humain est au c\u0153ur de toutes nos actions. Nous prenons le temps d\u2019\u00e9couter chaque candidat et chaque entreprise pour comprendre leurs besoins, aspirations et contraintes. Cette approche personnalis\u00e9e nous permet de cr\u00e9er des connexions authentiques et de proposer des solutions sur mesure.<\/p>\n<h5><strong>Pour les salari\u00e9s :<\/strong><\/h5>\n<ul data-spread=\"false\">\n<li><strong>Accompagnement individuel :<\/strong> Nous offrons un suivi personnalis\u00e9 tout au long des missions, depuis la pr\u00e9paration au recrutement jusqu\u2019\u00e0 la fin de la mission.<\/li>\n<li><strong>Conseils et coaching :<\/strong> Nous aidons nos candidats \u00e0 valoriser leurs comp\u00e9tences et \u00e0 s\u2019adapter aux exigences du march\u00e9.<\/li>\n<\/ul>\n<h5><strong>Pour les entreprises :<\/strong><\/h5>\n<ul data-spread=\"false\">\n<li><strong>Compr\u00e9hension approfondie des besoins :<\/strong> Nous analysons vos attentes pour vous proposer des profils pr\u00e9cis\u00e9ment adapt\u00e9s.<\/li>\n<li><strong>Partenariats solides :<\/strong> Nous construisons une relation de confiance pour r\u00e9pondre \u00e0 vos enjeux \u00e0 court et \u00e0 long terme.<\/li>\n<\/ul>\n<\/div><\/div><div  class=\"vc_do_toggle vc_toggle vc_toggle_default vc_toggle_color_default  vc_toggle_size_md\"><div class=\"vc_toggle_title\"><p style=\"text-align: left;font-family:Abril Fatface;font-weight:400;font-style:normal\" class=\"vc_custom_heading vc_do_custom_heading\" >La responsabilit\u00e9 sociale au c\u0153ur de nos pratiques<\/p><i class=\"vc_toggle_icon\"><\/i><\/div><div class=\"vc_toggle_content\"><p data-pm-slice=\"1 3 &#091;&#093;\">Nous croyons en un monde du travail inclusif et \u00e9quitable. Chez ALS Job, nous nous engageons \u00e0 promouvoir l\u2019\u00e9galit\u00e9 des chances et \u00e0 soutenir les personnes en difficult\u00e9 ou en reconversion.<\/p>\n<ul data-spread=\"false\">\n<li><strong>Insertion professionnelle :<\/strong> Nous accompagnons les demandeurs d\u2019emploi, jeunes dipl\u00f4m\u00e9s, s\u00e9niors ou encore personnes en situation de handicap dans leur recherche de mission.<\/li>\n<li><strong>Promotion de la diversit\u00e9 :<\/strong> Nous valorisons les talents de tous horizons et encourageons une culture de respect et d\u2019inclusion.<\/li>\n<li><strong>Engagement local :<\/strong> En tant qu\u2019acteur enracin\u00e9 dans notre r\u00e9gion, nous soutenons l\u2019emploi local et les initiatives qui dynamisent l\u2019\u00e9conomie locale.<\/li>\n<\/ul>\n<\/div><\/div><div  class=\"vc_do_toggle vc_toggle vc_toggle_default vc_toggle_color_default  vc_toggle_size_md\"><div class=\"vc_toggle_title\"><p style=\"text-align: left;font-family:Abril Fatface;font-weight:400;font-style:normal\" class=\"vc_custom_heading vc_do_custom_heading\" >La qualit\u00e9 et la transparence comme piliers<\/p><i class=\"vc_toggle_icon\"><\/i><\/div><div class=\"vc_toggle_content\"><p data-pm-slice=\"1 3 &#091;&#093;\">Nous nous engageons \u00e0 offrir un service de qualit\u00e9, fond\u00e9 sur la transparence et l\u2019\u00e9thique. Notre \u00e9quipe met tout en \u0153uvre pour garantir une exp\u00e9rience fluide et satisfaisante pour tous.<\/p>\n<ul data-spread=\"false\">\n<li><strong>Des missions claires :<\/strong> Nous communiquons des informations pr\u00e9cises sur les missions, leurs dur\u00e9es, leurs exigences et leurs avantages.<\/li>\n<li><strong>Un suivi rigoureux :<\/strong> Nous restons \u00e0 vos c\u00f4t\u00e9s pour r\u00e9pondre \u00e0 vos questions et r\u00e9soudre rapidement toute probl\u00e9matique.<\/li>\n<li><strong>Respect des r\u00e8glements :<\/strong> Nous respectons scrupuleusement les lois du travail et veillons \u00e0 garantir les droits de chaque salari\u00e9.<\/li>\n<\/ul>\n<\/div><\/div><div  class=\"vc_do_toggle vc_toggle vc_toggle_default vc_toggle_color_default  vc_toggle_size_md\"><div class=\"vc_toggle_title\"><p style=\"text-align: left;font-family:Abril Fatface;font-weight:400;font-style:normal\" class=\"vc_custom_heading vc_do_custom_heading\" >L\u2019\u00e9volution et le d\u00e9veloppement des comp\u00e9tences<\/p><i class=\"vc_toggle_icon\"><\/i><\/div><div class=\"vc_toggle_content\"><p data-pm-slice=\"1 3 &#091;&#093;\">ALS Job est bien plus qu\u2019une agence d\u2019int\u00e9rim : nous sommes un tremplin vers l\u2019avenir. Nous croyons au potentiel de chaque individu et mettons en place des initiatives pour favoriser leur \u00e9panouissement professionnel.<\/p>\n<ul data-spread=\"false\">\n<li><strong>Formations sur mesure :<\/strong> Nous proposons des formations adapt\u00e9es aux besoins des salari\u00e9s et des entreprises pour favoriser l\u2019employabilit\u00e9.<\/li>\n<li><strong>Opportunit\u00e9s de carri\u00e8re :<\/strong> Nous travaillons avec des entreprises pr\u00eates \u00e0 offrir des \u00e9volutions de poste, voire des contrats durables, \u00e0 nos talents.<\/li>\n<\/ul>\n<\/div><\/div><div  class=\"vc_do_toggle vc_toggle vc_toggle_default vc_toggle_color_default  vc_toggle_size_md\"><div class=\"vc_toggle_title\"><p style=\"text-align: left;font-family:Abril Fatface;font-weight:400;font-style:normal\" class=\"vc_custom_heading vc_do_custom_heading\" >Une flexibilit\u00e9 pour tous<\/p><i class=\"vc_toggle_icon\"><\/i><\/div><div class=\"vc_toggle_content\"><p data-pm-slice=\"1 3 &#091;&#093;\">Dans un monde professionnel en constante \u00e9volution, nous proposons des solutions flexibles qui r\u00e9pondent aux besoins de chacun.<\/p>\n<ul data-spread=\"false\">\n<li><strong>Pour les entreprises :<\/strong> Une main-d\u2019\u0153uvre adaptable pour g\u00e9rer les pics d\u2019activit\u00e9 ou les projets ponctuels.<\/li>\n<li><strong>Pour les salari\u00e9s :<\/strong> La possibilit\u00e9 de choisir des missions selon leurs pr\u00e9f\u00e9rences et disponibilit\u00e9s.<\/li>\n<\/ul>\n<\/div><\/div><\/div><\/div><\/div><\/div>\n<\/div>","protected":false},"excerpt":{"rendered":"Nos engagements Nos engagements chez ALS Job : L'int\u00e9rim avec des valeurs fortes Chez ALS Job, nous ne sommes pas simplement une agence d\u2019int\u00e9rim. Nous sommes un partenaire engag\u00e9, d\u00e9termin\u00e9 \u00e0 offrir une exp\u00e9rience de travail positive et enrichissante \u00e0 la fois pour les entreprises et pour les salari\u00e9s. Nos engagements refl\u00e8tent notre vision : &hellip; <br \/><a href=\"https:\/\/alsjob.fr\/en\/nos-engagements\/\" class=\"more-link\">Continue reading <span class=\"screen-reader-text\">Nos engagements<\/span><\/a>","protected":false},"author":1,"featured_media":0,"parent":0,"menu_order":0,"comment_status":"closed","ping_status":"closed","template":"","meta":{"footnotes":""},"class_list":["post-1663","page","type-page","status-publish","hentry"],"yoast_head":"<!-- This site is optimized with the Yoast SEO plugin v27.1.1 - https:\/\/yoast.com\/product\/yoast-seo-wordpress\/ -->\n<title>Nos engagements - ALS JOB<\/title>\n<meta name=\"robots\" content=\"index, follow, max-snippet:-1, max-image-preview:large, max-video-preview:-1\" \/>\n<link rel=\"canonical\" href=\"https:\/\/alsjob.fr\/en\/nos-engagements\/\" \/>\n<meta property=\"og:locale\" content=\"en_US\" \/>\n<meta property=\"og:type\" content=\"article\" \/>\n<meta property=\"og:title\" content=\"Nos engagements - ALS JOB\" \/>\n<meta property=\"og:url\" content=\"https:\/\/alsjob.fr\/en\/nos-engagements\/\" \/>\n<meta property=\"og:site_name\" content=\"ALS JOB\" \/>\n<meta property=\"article:publisher\" content=\"https:\/\/facebook.com\/asljob\" \/>\n<meta property=\"article:modified_time\" content=\"2025-01-13T14:04:38+00:00\" \/>\n<meta name=\"twitter:card\" content=\"summary_large_image\" \/>\n<meta name=\"twitter:label1\" content=\"Est. reading time\" \/>\n\t<meta name=\"twitter:data1\" content=\"3 minutes\" \/>\n<script type=\"application\/ld+json\" class=\"yoast-schema-graph\">{\"@context\":\"https:\/\/schema.org\",\"@graph\":[{\"@type\":\"WebPage\",\"@id\":\"https:\/\/alsjob.fr\/nos-engagements\/\",\"url\":\"https:\/\/alsjob.fr\/nos-engagements\/\",\"name\":\"Nos engagements - ALS JOB\",\"isPartOf\":{\"@id\":\"https:\/\/alsjob.fr\/#website\"},\"datePublished\":\"2025-01-09T11:10:15+00:00\",\"dateModified\":\"2025-01-13T14:04:38+00:00\",\"breadcrumb\":{\"@id\":\"https:\/\/alsjob.fr\/nos-engagements\/#breadcrumb\"},\"inLanguage\":\"en-US\",\"potentialAction\":[{\"@type\":\"ReadAction\",\"target\":[\"https:\/\/alsjob.fr\/nos-engagements\/\"]}]},{\"@type\":\"BreadcrumbList\",\"@id\":\"https:\/\/alsjob.fr\/nos-engagements\/#breadcrumb\",\"itemListElement\":[{\"@type\":\"ListItem\",\"position\":1,\"name\":\"Accueil\",\"item\":\"https:\/\/alsjob.fr\/\"},{\"@type\":\"ListItem\",\"position\":2,\"name\":\"Nos engagements\"}]},{\"@type\":\"WebSite\",\"@id\":\"https:\/\/alsjob.fr\/#website\",\"url\":\"https:\/\/alsjob.fr\/\",\"name\":\"ALS JOB\",\"description\":\"\",\"publisher\":{\"@id\":\"https:\/\/alsjob.fr\/#organization\"},\"potentialAction\":[{\"@type\":\"SearchAction\",\"target\":{\"@type\":\"EntryPoint\",\"urlTemplate\":\"https:\/\/alsjob.fr\/?s={search_term_string}\"},\"query-input\":{\"@type\":\"PropertyValueSpecification\",\"valueRequired\":true,\"valueName\":\"search_term_string\"}}],\"inLanguage\":\"en-US\"},{\"@type\":\"Organization\",\"@id\":\"https:\/\/alsjob.fr\/#organization\",\"name\":\"ALS JOB\",\"url\":\"https:\/\/alsjob.fr\/\",\"logo\":{\"@type\":\"ImageObject\",\"inLanguage\":\"en-US\",\"@id\":\"https:\/\/alsjob.fr\/#\/schema\/logo\/image\/\",\"url\":\"https:\/\/alsjob.fr\/wp-content\/uploads\/2025\/01\/Capture-decran-2025-01-10-a-16.58.46.png\",\"contentUrl\":\"https:\/\/alsjob.fr\/wp-content\/uploads\/2025\/01\/Capture-decran-2025-01-10-a-16.58.46.png\",\"width\":556,\"height\":262,\"caption\":\"ALS JOB\"},\"image\":{\"@id\":\"https:\/\/alsjob.fr\/#\/schema\/logo\/image\/\"},\"sameAs\":[\"https:\/\/facebook.com\/asljob\",\"https:\/\/linkedin.com\/alsjob\",\"https:\/\/instagram.com\/alsjob\"]}]}<\/script>\n<!-- \/ Yoast SEO plugin. -->","yoast_head_json":{"title":"Nos engagements - ALS JOB","robots":{"index":"index","follow":"follow","max-snippet":"max-snippet:-1","max-image-preview":"max-image-preview:large","max-video-preview":"max-video-preview:-1"},"canonical":"https:\/\/alsjob.fr\/en\/nos-engagements\/","og_locale":"en_US","og_type":"article","og_title":"Nos engagements - ALS JOB","og_url":"https:\/\/alsjob.fr\/en\/nos-engagements\/","og_site_name":"ALS JOB","article_publisher":"https:\/\/facebook.com\/asljob","article_modified_time":"2025-01-13T14:04:38+00:00","twitter_card":"summary_large_image","twitter_misc":{"Est. reading time":"3 minutes"},"schema":{"@context":"https:\/\/schema.org","@graph":[{"@type":"WebPage","@id":"https:\/\/alsjob.fr\/nos-engagements\/","url":"https:\/\/alsjob.fr\/nos-engagements\/","name":"Nos engagements - ALS JOB","isPartOf":{"@id":"https:\/\/alsjob.fr\/#website"},"datePublished":"2025-01-09T11:10:15+00:00","dateModified":"2025-01-13T14:04:38+00:00","breadcrumb":{"@id":"https:\/\/alsjob.fr\/nos-engagements\/#breadcrumb"},"inLanguage":"en-US","potentialAction":[{"@type":"ReadAction","target":["https:\/\/alsjob.fr\/nos-engagements\/"]}]},{"@type":"BreadcrumbList","@id":"https:\/\/alsjob.fr\/nos-engagements\/#breadcrumb","itemListElement":[{"@type":"ListItem","position":1,"name":"Accueil","item":"https:\/\/alsjob.fr\/"},{"@type":"ListItem","position":2,"name":"Nos engagements"}]},{"@type":"WebSite","@id":"https:\/\/alsjob.fr\/#website","url":"https:\/\/alsjob.fr\/","name":"ALS JOB","description":"","publisher":{"@id":"https:\/\/alsjob.fr\/#organization"},"potentialAction":[{"@type":"SearchAction","target":{"@type":"EntryPoint","urlTemplate":"https:\/\/alsjob.fr\/?s={search_term_string}"},"query-input":{"@type":"PropertyValueSpecification","valueRequired":true,"valueName":"search_term_string"}}],"inLanguage":"en-US"},{"@type":"Organization","@id":"https:\/\/alsjob.fr\/#organization","name":"ALS JOB","url":"https:\/\/alsjob.fr\/","logo":{"@type":"ImageObject","inLanguage":"en-US","@id":"https:\/\/alsjob.fr\/#\/schema\/logo\/image\/","url":"https:\/\/alsjob.fr\/wp-content\/uploads\/2025\/01\/Capture-decran-2025-01-10-a-16.58.46.png","contentUrl":"https:\/\/alsjob.fr\/wp-content\/uploads\/2025\/01\/Capture-decran-2025-01-10-a-16.58.46.png","width":556,"height":262,"caption":"ALS JOB"},"image":{"@id":"https:\/\/alsjob.fr\/#\/schema\/logo\/image\/"},"sameAs":["https:\/\/facebook.com\/asljob","https:\/\/linkedin.com\/alsjob","https:\/\/instagram.com\/alsjob"]}]}},"_links":{"self":[{"href":"https:\/\/alsjob.fr\/en\/wp-json\/wp\/v2\/pages\/1663","targetHints":{"allow":["GET"]}}],"collection":[{"href":"https:\/\/alsjob.fr\/en\/wp-json\/wp\/v2\/pages"}],"about":[{"href":"https:\/\/alsjob.fr\/en\/wp-json\/wp\/v2\/types\/page"}],"author":[{"embeddable":true,"href":"https:\/\/alsjob.fr\/en\/wp-json\/wp\/v2\/users\/1"}],"replies":[{"embeddable":true,"href":"https:\/\/alsjob.fr\/en\/wp-json\/wp\/v2\/comments?post=1663"}],"version-history":[{"count":3,"href":"https:\/\/alsjob.fr\/en\/wp-json\/wp\/v2\/pages\/1663\/revisions"}],"predecessor-version":[{"id":1870,"href":"https:\/\/alsjob.fr\/en\/wp-json\/wp\/v2\/pages\/1663\/revisions\/1870"}],"wp:attachment":[{"href":"https:\/\/alsjob.fr\/en\/wp-json\/wp\/v2\/media?parent=1663"}],"curies":[{"name":"wp","href":"https:\/\/api.w.org\/{rel}","templated":true}]}}