{"id":1665,"date":"2025-01-09T12:10:26","date_gmt":"2025-01-09T11:10:26","guid":{"rendered":"https:\/\/alsjob.fr\/?page_id=1665"},"modified":"2025-01-13T15:08:45","modified_gmt":"2025-01-13T14:08:45","slug":"recrutez-votre-personnel","status":"publish","type":"page","link":"https:\/\/alsjob.fr\/en\/recrutez-votre-personnel\/","title":{"rendered":"Recrutez votre personnel"},"content":{"rendered":"<div class=\"wpb-content-wrapper\"><div class=\"vc_row wpb_row vc_row-fluid\"><div class=\"wpb_column vc_column_container vc_col-sm-12\"><div class=\"vc_column-inner\"><div class=\"wpb_wrapper\">\n\t<div class=\"wpb_text_column wpb_content_element\" >\n\t\t<div class=\"wpb_wrapper\">\n\t\t\t<h1 class=\"bread-title\">Recrutez votre personnel<\/h1>\n<div class=\"breadscrumb-inner\"><\/div>\n\n\t\t<\/div>\n\t<\/div>\n<\/div><\/div><\/div><\/div><div class=\"vc_row wpb_row vc_row-fluid\"><div class=\"wpb_column vc_column_container vc_col-sm-12\"><div class=\"vc_column-inner\"><div class=\"wpb_wrapper\">\n\t<div class=\"wpb_text_column wpb_content_element\" >\n\t\t<div class=\"wpb_wrapper\">\n\t\t\t<h3 data-pm-slice=\"1 1 &#091;&#093;\">Recrutez votre personnel avec ALS Job<\/h3>\n<p>Trouver le bon candidat au bon moment peut \u00eatre un v\u00e9ritable d\u00e9fi pour les entreprises. Chez ALS Job, nous sommes l\u00e0 pour simplifier ce processus et vous offrir une solution rapide, fiable et personnalis\u00e9e. Que ce soit pour des besoins temporaires ou pour des projets sp\u00e9cifiques, notre \u00e9quipe est d\u00e9di\u00e9e \u00e0 trouver les talents qui correspondent parfaitement \u00e0 vos exigences.<\/p>\n<h3 data-pm-slice=\"1 1 &#091;&#093;\">Recrutez votre personnel avec ALS Job<\/h3>\n\n\t\t<\/div>\n\t<\/div>\n<\/div><\/div><\/div><\/div><div class=\"vc_row wpb_row vc_row-fluid\"><div class=\"wpb_column vc_column_container vc_col-sm-6\"><div class=\"vc_column-inner\"><div class=\"wpb_wrapper\"><div  class=\"vc_do_toggle vc_toggle vc_toggle_default vc_toggle_color_default  vc_toggle_size_md\"><div class=\"vc_toggle_title\"><p style=\"text-align: left;font-family:Abril Fatface;font-weight:400;font-style:normal\" class=\"vc_custom_heading vc_do_custom_heading\" >Une solution rapide et efficace<\/p><i class=\"vc_toggle_icon\"><\/i><\/div><div class=\"vc_toggle_content\"><p data-pm-slice=\"1 3 &#091;&#093;\">Le monde du travail \u00e9volue rapidement, et vos besoins en recrutement peuvent surgir \u00e0 tout moment. Avec ALS Job, vous b\u00e9n\u00e9ficiez d\u2019un acc\u00e8s \u00e0 un vivier de talents pr\u00e9-s\u00e9lectionn\u00e9s et qualifi\u00e9s pour r\u00e9pondre rapidement \u00e0 vos besoins.<\/p>\n<ul data-spread=\"false\">\n<li><strong>Temps r\u00e9duit de recrutement :<\/strong> Nos processus optimis\u00e9s nous permettent de vous pr\u00e9senter des profils en un temps record.<\/li>\n<li><strong>Candidats disponibles imm\u00e9diatement :<\/strong> Nous travaillons avec des professionnels pr\u00eats \u00e0 int\u00e9grer vos \u00e9quipes dans les meilleurs d\u00e9lais.<\/li>\n<\/ul>\n<\/div><\/div><div  class=\"vc_do_toggle vc_toggle vc_toggle_default vc_toggle_color_default  vc_toggle_size_md\"><div class=\"vc_toggle_title\"><p style=\"text-align: left;font-family:Abril Fatface;font-weight:400;font-style:normal\" class=\"vc_custom_heading vc_do_custom_heading\" >Une personnalisation selon vos besoins<\/p><i class=\"vc_toggle_icon\"><\/i><\/div><div class=\"vc_toggle_content\"><p data-pm-slice=\"1 3 &#091;&#093;\">Chaque entreprise est unique, tout comme ses besoins en recrutement. Chez ALS Job, nous prenons le temps d\u2019\u00e9couter et de comprendre vos attentes pour proposer des solutions sur mesure.<\/p>\n<ul data-spread=\"false\">\n<li><strong>Analyse approfondie des postes :<\/strong> Nous \u00e9tudions vos besoins en termes de comp\u00e9tences, d\u2019exp\u00e9rience et de personnalit\u00e9 pour assurer une compatibilit\u00e9 optimale.<\/li>\n<li><strong>Suivi adapt\u00e9 :<\/strong> Nous vous accompagnons \u00e0 chaque \u00e9tape du processus pour garantir une exp\u00e9rience fluide et efficace.<\/li>\n<\/ul>\n<\/div><\/div><div  class=\"vc_do_toggle vc_toggle vc_toggle_default vc_toggle_color_default  vc_toggle_size_md\"><div class=\"vc_toggle_title\"><p style=\"text-align: left;font-family:Abril Fatface;font-weight:400;font-style:normal\" class=\"vc_custom_heading vc_do_custom_heading\" >Une s\u00e9lection rigoureuse des candidats<\/p><i class=\"vc_toggle_icon\"><\/i><\/div><div class=\"vc_toggle_content\"><p data-pm-slice=\"1 3 &#091;&#093;\">La qualit\u00e9 des profils que nous proposons est au c\u0153ur de nos priorit\u00e9s. Notre \u00e9quipe de recrutement effectue une pr\u00e9-s\u00e9lection rigoureuse pour vous pr\u00e9senter uniquement les meilleurs talents.<\/p>\n<ul data-spread=\"false\">\n<li><strong>V\u00e9rification des comp\u00e9tences :<\/strong> Tests techniques et \u00e9valuations cibl\u00e9es pour valider l\u2019expertise des candidats.<\/li>\n<li><strong>Entretiens personnalis\u00e9s :<\/strong> Nos recruteurs s\u2019assurent que les profils correspondent \u00e0 vos attentes sur le plan professionnel et humain.<\/li>\n<\/ul>\n<\/div><\/div><\/div><\/div><\/div><div class=\"wpb_column vc_column_container vc_col-sm-6\"><div class=\"vc_column-inner\"><div class=\"wpb_wrapper\"><div  class=\"vc_do_toggle vc_toggle vc_toggle_default vc_toggle_color_default  vc_toggle_size_md\"><div class=\"vc_toggle_title\"><p style=\"text-align: left;font-family:Abril Fatface;font-weight:400;font-style:normal\" class=\"vc_custom_heading vc_do_custom_heading\" >Une gestion administrative simplifi\u00e9e<\/p><i class=\"vc_toggle_icon\"><\/i><\/div><div class=\"vc_toggle_content\"><p data-pm-slice=\"1 3 &#091;&#093;\">Le recrutement temporaire peut engendrer des charges administratives complexes. Chez ALS Job, nous prenons en charge l\u2019ensemble de la gestion administrative li\u00e9e \u00e0 vos missions d\u2019int\u00e9rim.<\/p>\n<ul data-spread=\"false\">\n<li><strong>Contrats de travail :<\/strong> R\u00e9daction et suivi des contrats pour assurer la conformit\u00e9 avec la l\u00e9gislation en vigueur.<\/li>\n<li><strong>Gestion des paies :<\/strong> ALS Job s\u2019occupe des bulletins de salaire, des cotisations sociales et des obligations l\u00e9gales.<\/li>\n<li><strong>Suivi r\u00e9glementaire :<\/strong> Nous veillons \u00e0 ce que chaque mission respecte les normes et lois du travail.<\/li>\n<\/ul>\n<\/div><\/div><div  class=\"vc_do_toggle vc_toggle vc_toggle_default vc_toggle_color_default  vc_toggle_size_md\"><div class=\"vc_toggle_title\"><p style=\"text-align: left;font-family:Abril Fatface;font-weight:400;font-style:normal\" class=\"vc_custom_heading vc_do_custom_heading\" >Des solutions flexibles pour vos projets<\/p><i class=\"vc_toggle_icon\"><\/i><\/div><div class=\"vc_toggle_content\"><p data-pm-slice=\"1 3 &#091;&#093;\">Avec ALS Job, vous b\u00e9n\u00e9ficiez d\u2019une flexibilit\u00e9 maximale pour adapter votre \u00e9quipe \u00e0 vos besoins.<\/p>\n<ul data-spread=\"false\">\n<li><strong>Gestion des pics d\u2019activit\u00e9 :<\/strong> Besoin d\u2019une main-d\u2019\u0153uvre suppl\u00e9mentaire pour un projet ponctuel ou une p\u00e9riode de forte demande ? Nous avons la solution.<\/li>\n<li><strong>Comp\u00e9tences sp\u00e9cialis\u00e9es :<\/strong> Acc\u00e9dez \u00e0 des experts dans des domaines vari\u00e9s, que ce soit pour un besoin imm\u00e9diat ou un projet \u00e0 moyen terme.<\/li>\n<\/ul>\n<\/div><\/div><div  class=\"vc_do_toggle vc_toggle vc_toggle_default vc_toggle_color_default  vc_toggle_size_md\"><div class=\"vc_toggle_title\"><p style=\"text-align: left;font-family:Abril Fatface;font-weight:400;font-style:normal\" class=\"vc_custom_heading vc_do_custom_heading\" >Un engagement pour la qualit\u00e9 et la transparence<\/p><i class=\"vc_toggle_icon\"><\/i><\/div><div class=\"vc_toggle_content\"><p data-pm-slice=\"1 3 &#091;&#093;\">ALS Job est synonyme de confiance et de transparence. Nous nous engageons \u00e0 vous fournir des informations claires sur les missions, les candidats et les processus de recrutement.<\/p>\n<ul data-spread=\"false\">\n<li><strong>Reporting r\u00e9gulier :<\/strong> Nous vous tenons inform\u00e9 de l\u2019\u00e9volution de chaque mission.<\/li>\n<li><strong>Feedback constructif :<\/strong> Nous recueillons vos retours pour am\u00e9liorer en permanence nos services.<\/li>\n<\/ul>\n<\/div><\/div><\/div><\/div><\/div><\/div><div class=\"vc_row wpb_row vc_row-fluid\"><div class=\"wpb_column vc_column_container vc_col-sm-12\"><div class=\"vc_column-inner\"><div class=\"wpb_wrapper\">\n\t<div class=\"wpb_text_column wpb_content_element\" >\n\t\t<div class=\"wpb_wrapper\">\n\t\t\t<h4 data-pm-slice=\"1 1 &#091;&#093;\"><strong>Faites confiance \u00e0 ALS Job pour vos recrutements<\/strong><\/h4>\n<p>Recruter avec ALS Job, c\u2019est choisir une agence d\u2019int\u00e9rim r\u00e9active, professionnelle et engag\u00e9e \u00e0 vos c\u00f4t\u00e9s. Ensemble, nous trouvons les talents qui feront la diff\u00e9rence dans vos \u00e9quipes, tout en vous offrant une solution flexible et adapt\u00e9e \u00e0 vos projets.<\/p>\n<p>Contactez-nous d\u00e8s aujourd\u2019hui pour d\u00e9couvrir comment ALS Job peut r\u00e9pondre \u00e0 vos besoins de recrutement et vous accompagner dans votre succ\u00e8s !<\/p>\n\n\t\t<\/div>\n\t<\/div>\n<\/div><\/div><\/div><\/div>\n<\/div>","protected":false},"excerpt":{"rendered":"Recrutez votre personnel Recrutez votre personnel avec ALS Job Trouver le bon candidat au bon moment peut \u00eatre un v\u00e9ritable d\u00e9fi pour les entreprises. Chez ALS Job, nous sommes l\u00e0 pour simplifier ce processus et vous offrir une solution rapide, fiable et personnalis\u00e9e. Que ce soit pour des besoins temporaires ou pour des projets sp\u00e9cifiques, &hellip; <br \/><a href=\"https:\/\/alsjob.fr\/en\/recrutez-votre-personnel\/\" class=\"more-link\">Continue reading <span class=\"screen-reader-text\">Recrutez votre personnel<\/span><\/a>","protected":false},"author":1,"featured_media":0,"parent":0,"menu_order":0,"comment_status":"closed","ping_status":"closed","template":"","meta":{"footnotes":""},"class_list":["post-1665","page","type-page","status-publish","hentry"],"yoast_head":"<!-- This site is optimized with the Yoast SEO plugin v27.1.1 - https:\/\/yoast.com\/product\/yoast-seo-wordpress\/ -->\n<title>Recrutez votre personnel - ALS JOB<\/title>\n<meta name=\"robots\" content=\"index, follow, max-snippet:-1, max-image-preview:large, max-video-preview:-1\" \/>\n<link rel=\"canonical\" href=\"https:\/\/alsjob.fr\/en\/recrutez-votre-personnel\/\" \/>\n<meta property=\"og:locale\" content=\"en_US\" \/>\n<meta property=\"og:type\" content=\"article\" \/>\n<meta property=\"og:title\" content=\"Recrutez votre personnel - ALS JOB\" \/>\n<meta property=\"og:url\" content=\"https:\/\/alsjob.fr\/en\/recrutez-votre-personnel\/\" \/>\n<meta property=\"og:site_name\" content=\"ALS JOB\" \/>\n<meta property=\"article:publisher\" content=\"https:\/\/facebook.com\/asljob\" \/>\n<meta property=\"article:modified_time\" content=\"2025-01-13T14:08:45+00:00\" \/>\n<meta name=\"twitter:card\" content=\"summary_large_image\" \/>\n<meta name=\"twitter:label1\" content=\"Est. reading time\" \/>\n\t<meta name=\"twitter:data1\" content=\"4 minutes\" \/>\n<script type=\"application\/ld+json\" class=\"yoast-schema-graph\">{\"@context\":\"https:\/\/schema.org\",\"@graph\":[{\"@type\":\"WebPage\",\"@id\":\"https:\/\/alsjob.fr\/recrutez-votre-personnel\/\",\"url\":\"https:\/\/alsjob.fr\/recrutez-votre-personnel\/\",\"name\":\"Recrutez votre personnel - ALS JOB\",\"isPartOf\":{\"@id\":\"https:\/\/alsjob.fr\/#website\"},\"datePublished\":\"2025-01-09T11:10:26+00:00\",\"dateModified\":\"2025-01-13T14:08:45+00:00\",\"breadcrumb\":{\"@id\":\"https:\/\/alsjob.fr\/recrutez-votre-personnel\/#breadcrumb\"},\"inLanguage\":\"en-US\",\"potentialAction\":[{\"@type\":\"ReadAction\",\"target\":[\"https:\/\/alsjob.fr\/recrutez-votre-personnel\/\"]}]},{\"@type\":\"BreadcrumbList\",\"@id\":\"https:\/\/alsjob.fr\/recrutez-votre-personnel\/#breadcrumb\",\"itemListElement\":[{\"@type\":\"ListItem\",\"position\":1,\"name\":\"Accueil\",\"item\":\"https:\/\/alsjob.fr\/\"},{\"@type\":\"ListItem\",\"position\":2,\"name\":\"Recrutez votre personnel\"}]},{\"@type\":\"WebSite\",\"@id\":\"https:\/\/alsjob.fr\/#website\",\"url\":\"https:\/\/alsjob.fr\/\",\"name\":\"ALS JOB\",\"description\":\"\",\"publisher\":{\"@id\":\"https:\/\/alsjob.fr\/#organization\"},\"potentialAction\":[{\"@type\":\"SearchAction\",\"target\":{\"@type\":\"EntryPoint\",\"urlTemplate\":\"https:\/\/alsjob.fr\/?s={search_term_string}\"},\"query-input\":{\"@type\":\"PropertyValueSpecification\",\"valueRequired\":true,\"valueName\":\"search_term_string\"}}],\"inLanguage\":\"en-US\"},{\"@type\":\"Organization\",\"@id\":\"https:\/\/alsjob.fr\/#organization\",\"name\":\"ALS JOB\",\"url\":\"https:\/\/alsjob.fr\/\",\"logo\":{\"@type\":\"ImageObject\",\"inLanguage\":\"en-US\",\"@id\":\"https:\/\/alsjob.fr\/#\/schema\/logo\/image\/\",\"url\":\"https:\/\/alsjob.fr\/wp-content\/uploads\/2025\/01\/Capture-decran-2025-01-10-a-16.58.46.png\",\"contentUrl\":\"https:\/\/alsjob.fr\/wp-content\/uploads\/2025\/01\/Capture-decran-2025-01-10-a-16.58.46.png\",\"width\":556,\"height\":262,\"caption\":\"ALS JOB\"},\"image\":{\"@id\":\"https:\/\/alsjob.fr\/#\/schema\/logo\/image\/\"},\"sameAs\":[\"https:\/\/facebook.com\/asljob\",\"https:\/\/linkedin.com\/alsjob\",\"https:\/\/instagram.com\/alsjob\"]}]}<\/script>\n<!-- \/ Yoast SEO plugin. -->","yoast_head_json":{"title":"Recrutez votre personnel - ALS JOB","robots":{"index":"index","follow":"follow","max-snippet":"max-snippet:-1","max-image-preview":"max-image-preview:large","max-video-preview":"max-video-preview:-1"},"canonical":"https:\/\/alsjob.fr\/en\/recrutez-votre-personnel\/","og_locale":"en_US","og_type":"article","og_title":"Recrutez votre personnel - ALS JOB","og_url":"https:\/\/alsjob.fr\/en\/recrutez-votre-personnel\/","og_site_name":"ALS JOB","article_publisher":"https:\/\/facebook.com\/asljob","article_modified_time":"2025-01-13T14:08:45+00:00","twitter_card":"summary_large_image","twitter_misc":{"Est. reading time":"4 minutes"},"schema":{"@context":"https:\/\/schema.org","@graph":[{"@type":"WebPage","@id":"https:\/\/alsjob.fr\/recrutez-votre-personnel\/","url":"https:\/\/alsjob.fr\/recrutez-votre-personnel\/","name":"Recrutez votre personnel - ALS JOB","isPartOf":{"@id":"https:\/\/alsjob.fr\/#website"},"datePublished":"2025-01-09T11:10:26+00:00","dateModified":"2025-01-13T14:08:45+00:00","breadcrumb":{"@id":"https:\/\/alsjob.fr\/recrutez-votre-personnel\/#breadcrumb"},"inLanguage":"en-US","potentialAction":[{"@type":"ReadAction","target":["https:\/\/alsjob.fr\/recrutez-votre-personnel\/"]}]},{"@type":"BreadcrumbList","@id":"https:\/\/alsjob.fr\/recrutez-votre-personnel\/#breadcrumb","itemListElement":[{"@type":"ListItem","position":1,"name":"Accueil","item":"https:\/\/alsjob.fr\/"},{"@type":"ListItem","position":2,"name":"Recrutez votre personnel"}]},{"@type":"WebSite","@id":"https:\/\/alsjob.fr\/#website","url":"https:\/\/alsjob.fr\/","name":"ALS JOB","description":"","publisher":{"@id":"https:\/\/alsjob.fr\/#organization"},"potentialAction":[{"@type":"SearchAction","target":{"@type":"EntryPoint","urlTemplate":"https:\/\/alsjob.fr\/?s={search_term_string}"},"query-input":{"@type":"PropertyValueSpecification","valueRequired":true,"valueName":"search_term_string"}}],"inLanguage":"en-US"},{"@type":"Organization","@id":"https:\/\/alsjob.fr\/#organization","name":"ALS JOB","url":"https:\/\/alsjob.fr\/","logo":{"@type":"ImageObject","inLanguage":"en-US","@id":"https:\/\/alsjob.fr\/#\/schema\/logo\/image\/","url":"https:\/\/alsjob.fr\/wp-content\/uploads\/2025\/01\/Capture-decran-2025-01-10-a-16.58.46.png","contentUrl":"https:\/\/alsjob.fr\/wp-content\/uploads\/2025\/01\/Capture-decran-2025-01-10-a-16.58.46.png","width":556,"height":262,"caption":"ALS JOB"},"image":{"@id":"https:\/\/alsjob.fr\/#\/schema\/logo\/image\/"},"sameAs":["https:\/\/facebook.com\/asljob","https:\/\/linkedin.com\/alsjob","https:\/\/instagram.com\/alsjob"]}]}},"_links":{"self":[{"href":"https:\/\/alsjob.fr\/en\/wp-json\/wp\/v2\/pages\/1665","targetHints":{"allow":["GET"]}}],"collection":[{"href":"https:\/\/alsjob.fr\/en\/wp-json\/wp\/v2\/pages"}],"about":[{"href":"https:\/\/alsjob.fr\/en\/wp-json\/wp\/v2\/types\/page"}],"author":[{"embeddable":true,"href":"https:\/\/alsjob.fr\/en\/wp-json\/wp\/v2\/users\/1"}],"replies":[{"embeddable":true,"href":"https:\/\/alsjob.fr\/en\/wp-json\/wp\/v2\/comments?post=1665"}],"version-history":[{"count":3,"href":"https:\/\/alsjob.fr\/en\/wp-json\/wp\/v2\/pages\/1665\/revisions"}],"predecessor-version":[{"id":1872,"href":"https:\/\/alsjob.fr\/en\/wp-json\/wp\/v2\/pages\/1665\/revisions\/1872"}],"wp:attachment":[{"href":"https:\/\/alsjob.fr\/en\/wp-json\/wp\/v2\/media?parent=1665"}],"curies":[{"name":"wp","href":"https:\/\/api.w.org\/{rel}","templated":true}]}}