{"id":1667,"date":"2025-01-09T12:10:35","date_gmt":"2025-01-09T11:10:35","guid":{"rendered":"https:\/\/alsjob.fr\/?page_id=1667"},"modified":"2025-01-13T15:14:26","modified_gmt":"2025-01-13T14:14:26","slug":"solutions-interim","status":"publish","type":"page","link":"https:\/\/alsjob.fr\/en\/solutions-interim\/","title":{"rendered":"Solutions int\u00e9rim"},"content":{"rendered":"<div class=\"wpb-content-wrapper\"><div class=\"vc_row wpb_row vc_row-fluid\"><div class=\"wpb_column vc_column_container vc_col-sm-12\"><div class=\"vc_column-inner\"><div class=\"wpb_wrapper\">\n\t<div class=\"wpb_text_column wpb_content_element\" >\n\t\t<div class=\"wpb_wrapper\">\n\t\t\t<h1>Solutions int\u00e9rim<\/h1>\n\n\t\t<\/div>\n\t<\/div>\n<\/div><\/div><\/div><\/div><div class=\"vc_row wpb_row vc_row-fluid\"><div class=\"wpb_column vc_column_container vc_col-sm-12\"><div class=\"vc_column-inner\"><div class=\"wpb_wrapper\">\n\t<div class=\"wpb_text_column wpb_content_element\" >\n\t\t<div class=\"wpb_wrapper\">\n\t\t\t<h3 data-pm-slice=\"1 1 &#091;&#093;\">Nos solutions int\u00e9rim : flexibles, modernes et adapt\u00e9es \u00e0 vos besoins<\/h3>\n<p>Chez ALS Job, nous avons con\u00e7u nos solutions int\u00e9rim pour r\u00e9pondre aux attentes des entreprises modernes et des travailleurs d\u2019aujourd\u2019hui. Qu\u2019il s\u2019agisse de besoins \u00e0 court terme ou de renforts strat\u00e9giques, nos services sont pens\u00e9s pour offrir flexibilit\u00e9, efficacit\u00e9 et satisfaction.<\/p>\n\n\t\t<\/div>\n\t<\/div>\n<\/div><\/div><\/div><\/div><div class=\"vc_row wpb_row vc_row-fluid\"><div class=\"wpb_column vc_column_container vc_col-sm-12\"><div class=\"vc_column-inner\"><div class=\"wpb_wrapper\"><div  class=\"vc_do_toggle vc_toggle vc_toggle_default vc_toggle_color_default  vc_toggle_size_md\"><div class=\"vc_toggle_title\"><p style=\"text-align: left;font-family:Abril Fatface;font-weight:400;font-style:normal\" class=\"vc_custom_heading vc_do_custom_heading\" >Une solution int\u00e9rim adapt\u00e9e \u00e0 chaque entreprise<\/p><i class=\"vc_toggle_icon\"><\/i><\/div><div class=\"vc_toggle_content\"><p data-pm-slice=\"1 3 &#091;&#093;\">Nous savons que chaque entreprise est unique. C\u2019est pourquoi nous proposons des solutions personnalis\u00e9es pour vous aider \u00e0 faire face \u00e0 vos d\u00e9fis.<\/p>\n<ul data-spread=\"false\">\n<li><strong>Renfort temporaire :<\/strong> R\u00e9pondez rapidement \u00e0 des pics d\u2019activit\u00e9, des absences impr\u00e9vues ou des besoins sp\u00e9cifiques.<\/li>\n<li><strong>Profils diversifi\u00e9s :<\/strong> Notre vivier de talents couvre un large \u00e9ventail de comp\u00e9tences et de secteurs d\u2019activit\u00e9.<\/li>\n<li><strong>Flexibilit\u00e9 maximale :<\/strong> Adaptez vos \u00e9quipes selon vos besoins tout en contr\u00f4lant vos co\u00fbts.<\/li>\n<\/ul>\n<\/div><\/div><div  class=\"vc_do_toggle vc_toggle vc_toggle_default vc_toggle_color_default  vc_toggle_size_md\"><div class=\"vc_toggle_title\"><p style=\"text-align: left;font-family:Abril Fatface;font-weight:400;font-style:normal\" class=\"vc_custom_heading vc_do_custom_heading\" >Une gestion simplifi\u00e9e gr\u00e2ce \u00e0 notre application mobile<\/p><i class=\"vc_toggle_icon\"><\/i><\/div><div class=\"vc_toggle_content\"><p data-pm-slice=\"1 3 &#091;&#093;\">ALS Job innove pour rendre votre exp\u00e9rience encore plus fluide. Nous avons d\u00e9velopp\u00e9 une application mobile intuitive qui simplifie la gestion de vos missions int\u00e9rim.<\/p>\n<ul data-spread=\"false\">\n<li><strong>D\u00e9claration des heures :<\/strong> Les salari\u00e9s int\u00e9rimaires peuvent d\u00e9clarer directement leurs heures via l\u2019application, r\u00e9duisant ainsi les risques d\u2019erreurs administratives.<\/li>\n<li><strong>Reporting automatis\u00e9 :<\/strong> Recevez un compte-rendu clair et pr\u00e9cis par e-mail, vous permettant de suivre l\u2019avancement des missions en temps r\u00e9el.<\/li>\n<li><strong>Gain de temps :<\/strong> Finissez-en avec les documents papiers et centralisez toutes les informations en un seul endroit.<\/li>\n<\/ul>\n<\/div><\/div><div  class=\"vc_do_toggle vc_toggle vc_toggle_default vc_toggle_color_default  vc_toggle_size_md\"><div class=\"vc_toggle_title\"><p style=\"text-align: left;font-family:Abril Fatface;font-weight:400;font-style:normal\" class=\"vc_custom_heading vc_do_custom_heading\" >Un vivier de talents qualifi\u00e9s<\/p><i class=\"vc_toggle_icon\"><\/i><\/div><div class=\"vc_toggle_content\"><p data-pm-slice=\"1 3 &#091;&#093;\">ALS Job s\u2019engage \u00e0 vous pr\u00e9senter des candidats rigoureusement s\u00e9lectionn\u00e9s et pr\u00eats \u00e0 int\u00e9grer vos \u00e9quipes.<\/p>\n<ul data-spread=\"false\">\n<li><strong>S\u00e9lection sur mesure :<\/strong> Nous \u00e9valuons les comp\u00e9tences, l\u2019exp\u00e9rience et la compatibilit\u00e9 des candidats avec votre entreprise.<\/li>\n<li><strong>Disponibilit\u00e9 imm\u00e9diate :<\/strong> Des professionnels pr\u00eats \u00e0 r\u00e9pondre \u00e0 vos besoins sans d\u00e9lai.<\/li>\n<li><strong>Suivi personnalis\u00e9 :<\/strong> Un accompagnement continu pour garantir le succ\u00e8s des missions.<\/li>\n<\/ul>\n<\/div><\/div><div  class=\"vc_do_toggle vc_toggle vc_toggle_default vc_toggle_color_default  vc_toggle_size_md\"><div class=\"vc_toggle_title\"><p style=\"text-align: left;font-family:Abril Fatface;font-weight:400;font-style:normal\" class=\"vc_custom_heading vc_do_custom_heading\" >Une prise en charge compl\u00e8te des formalit\u00e9s administratives<\/p><i class=\"vc_toggle_icon\"><\/i><\/div><div class=\"vc_toggle_content\"><p data-pm-slice=\"1 3 &#091;&#093;\">Recruter avec ALS Job, c\u2019est profiter d\u2019une exp\u00e9rience sans tracas. Nous g\u00e9rons toutes les \u00e9tapes administratives pour vous permettre de vous concentrer sur l\u2019essentiel.<\/p>\n<ul data-spread=\"false\">\n<li><strong>Gestion des contrats :<\/strong> R\u00e9daction et suivi des documents l\u00e9gaux.<\/li>\n<li><strong>Prise en charge des salaires :<\/strong> \u00c9mission des bulletins de paie et gestion des charges sociales.<\/li>\n<li><strong>Conformit\u00e9 r\u00e9glementaire :<\/strong> Nous veillons au respect des lois en vigueur pour vous offrir une tranquillit\u00e9 d\u2019esprit.<\/li>\n<\/ul>\n<\/div><\/div><div  class=\"vc_do_toggle vc_toggle vc_toggle_default vc_toggle_color_default  vc_toggle_size_md\"><div class=\"vc_toggle_title\"><p style=\"text-align: left;font-family:Abril Fatface;font-weight:400;font-style:normal\" class=\"vc_custom_heading vc_do_custom_heading\" >Pourquoi choisir ALS Job ?<\/p><i class=\"vc_toggle_icon\"><\/i><\/div><div class=\"vc_toggle_content\"><ul data-spread=\"false\" data-pm-slice=\"3 3 &#091;&#093;\">\n<li><strong>Une expertise locale :<\/strong> En tant qu\u2019acteur ancr\u00e9 dans la r\u00e9gion, nous connaissons les besoins sp\u00e9cifiques de votre secteur.<\/li>\n<li><strong>Une relation de confiance :<\/strong> Nous construisons des partenariats durables avec nos clients.<\/li>\n<li><strong>Une technologie innovante :<\/strong> Notre application mobile am\u00e9liore la gestion quotidienne des missions.<\/li>\n<\/ul>\n<\/div><\/div><\/div><\/div><\/div><\/div>\n<\/div>","protected":false},"excerpt":{"rendered":"Solutions int\u00e9rim Nos solutions int\u00e9rim : flexibles, modernes et adapt\u00e9es \u00e0 vos besoins Chez ALS Job, nous avons con\u00e7u nos solutions int\u00e9rim pour r\u00e9pondre aux attentes des entreprises modernes et des travailleurs d\u2019aujourd\u2019hui. Qu\u2019il s\u2019agisse de besoins \u00e0 court terme ou de renforts strat\u00e9giques, nos services sont pens\u00e9s pour offrir flexibilit\u00e9, efficacit\u00e9 et satisfaction. Une &hellip; <br \/><a href=\"https:\/\/alsjob.fr\/en\/solutions-interim\/\" class=\"more-link\">Continue reading <span class=\"screen-reader-text\">Solutions int\u00e9rim<\/span><\/a>","protected":false},"author":1,"featured_media":0,"parent":0,"menu_order":0,"comment_status":"closed","ping_status":"closed","template":"","meta":{"footnotes":""},"class_list":["post-1667","page","type-page","status-publish","hentry"],"yoast_head":"<!-- This site is optimized with the Yoast SEO plugin v27.1.1 - https:\/\/yoast.com\/product\/yoast-seo-wordpress\/ -->\n<title>Solutions int\u00e9rim - ALS JOB<\/title>\n<meta name=\"robots\" content=\"index, follow, max-snippet:-1, max-image-preview:large, max-video-preview:-1\" \/>\n<link rel=\"canonical\" href=\"https:\/\/alsjob.fr\/en\/solutions-interim\/\" \/>\n<meta property=\"og:locale\" content=\"en_US\" \/>\n<meta property=\"og:type\" content=\"article\" \/>\n<meta property=\"og:title\" content=\"Solutions int\u00e9rim - ALS JOB\" \/>\n<meta property=\"og:url\" content=\"https:\/\/alsjob.fr\/en\/solutions-interim\/\" \/>\n<meta property=\"og:site_name\" content=\"ALS JOB\" \/>\n<meta property=\"article:publisher\" content=\"https:\/\/facebook.com\/asljob\" \/>\n<meta property=\"article:modified_time\" content=\"2025-01-13T14:14:26+00:00\" \/>\n<meta name=\"twitter:card\" content=\"summary_large_image\" \/>\n<meta name=\"twitter:label1\" content=\"Est. reading time\" \/>\n\t<meta name=\"twitter:data1\" content=\"3 minutes\" \/>\n<script type=\"application\/ld+json\" class=\"yoast-schema-graph\">{\"@context\":\"https:\/\/schema.org\",\"@graph\":[{\"@type\":\"WebPage\",\"@id\":\"https:\/\/alsjob.fr\/solutions-interim\/\",\"url\":\"https:\/\/alsjob.fr\/solutions-interim\/\",\"name\":\"Solutions int\u00e9rim - ALS JOB\",\"isPartOf\":{\"@id\":\"https:\/\/alsjob.fr\/#website\"},\"datePublished\":\"2025-01-09T11:10:35+00:00\",\"dateModified\":\"2025-01-13T14:14:26+00:00\",\"breadcrumb\":{\"@id\":\"https:\/\/alsjob.fr\/solutions-interim\/#breadcrumb\"},\"inLanguage\":\"en-US\",\"potentialAction\":[{\"@type\":\"ReadAction\",\"target\":[\"https:\/\/alsjob.fr\/solutions-interim\/\"]}]},{\"@type\":\"BreadcrumbList\",\"@id\":\"https:\/\/alsjob.fr\/solutions-interim\/#breadcrumb\",\"itemListElement\":[{\"@type\":\"ListItem\",\"position\":1,\"name\":\"Accueil\",\"item\":\"https:\/\/alsjob.fr\/\"},{\"@type\":\"ListItem\",\"position\":2,\"name\":\"Solutions int\u00e9rim\"}]},{\"@type\":\"WebSite\",\"@id\":\"https:\/\/alsjob.fr\/#website\",\"url\":\"https:\/\/alsjob.fr\/\",\"name\":\"ALS JOB\",\"description\":\"\",\"publisher\":{\"@id\":\"https:\/\/alsjob.fr\/#organization\"},\"potentialAction\":[{\"@type\":\"SearchAction\",\"target\":{\"@type\":\"EntryPoint\",\"urlTemplate\":\"https:\/\/alsjob.fr\/?s={search_term_string}\"},\"query-input\":{\"@type\":\"PropertyValueSpecification\",\"valueRequired\":true,\"valueName\":\"search_term_string\"}}],\"inLanguage\":\"en-US\"},{\"@type\":\"Organization\",\"@id\":\"https:\/\/alsjob.fr\/#organization\",\"name\":\"ALS JOB\",\"url\":\"https:\/\/alsjob.fr\/\",\"logo\":{\"@type\":\"ImageObject\",\"inLanguage\":\"en-US\",\"@id\":\"https:\/\/alsjob.fr\/#\/schema\/logo\/image\/\",\"url\":\"https:\/\/alsjob.fr\/wp-content\/uploads\/2025\/01\/Capture-decran-2025-01-10-a-16.58.46.png\",\"contentUrl\":\"https:\/\/alsjob.fr\/wp-content\/uploads\/2025\/01\/Capture-decran-2025-01-10-a-16.58.46.png\",\"width\":556,\"height\":262,\"caption\":\"ALS JOB\"},\"image\":{\"@id\":\"https:\/\/alsjob.fr\/#\/schema\/logo\/image\/\"},\"sameAs\":[\"https:\/\/facebook.com\/asljob\",\"https:\/\/linkedin.com\/alsjob\",\"https:\/\/instagram.com\/alsjob\"]}]}<\/script>\n<!-- \/ Yoast SEO plugin. -->","yoast_head_json":{"title":"Solutions int\u00e9rim - ALS JOB","robots":{"index":"index","follow":"follow","max-snippet":"max-snippet:-1","max-image-preview":"max-image-preview:large","max-video-preview":"max-video-preview:-1"},"canonical":"https:\/\/alsjob.fr\/en\/solutions-interim\/","og_locale":"en_US","og_type":"article","og_title":"Solutions int\u00e9rim - ALS JOB","og_url":"https:\/\/alsjob.fr\/en\/solutions-interim\/","og_site_name":"ALS JOB","article_publisher":"https:\/\/facebook.com\/asljob","article_modified_time":"2025-01-13T14:14:26+00:00","twitter_card":"summary_large_image","twitter_misc":{"Est. reading time":"3 minutes"},"schema":{"@context":"https:\/\/schema.org","@graph":[{"@type":"WebPage","@id":"https:\/\/alsjob.fr\/solutions-interim\/","url":"https:\/\/alsjob.fr\/solutions-interim\/","name":"Solutions int\u00e9rim - ALS JOB","isPartOf":{"@id":"https:\/\/alsjob.fr\/#website"},"datePublished":"2025-01-09T11:10:35+00:00","dateModified":"2025-01-13T14:14:26+00:00","breadcrumb":{"@id":"https:\/\/alsjob.fr\/solutions-interim\/#breadcrumb"},"inLanguage":"en-US","potentialAction":[{"@type":"ReadAction","target":["https:\/\/alsjob.fr\/solutions-interim\/"]}]},{"@type":"BreadcrumbList","@id":"https:\/\/alsjob.fr\/solutions-interim\/#breadcrumb","itemListElement":[{"@type":"ListItem","position":1,"name":"Accueil","item":"https:\/\/alsjob.fr\/"},{"@type":"ListItem","position":2,"name":"Solutions int\u00e9rim"}]},{"@type":"WebSite","@id":"https:\/\/alsjob.fr\/#website","url":"https:\/\/alsjob.fr\/","name":"ALS JOB","description":"","publisher":{"@id":"https:\/\/alsjob.fr\/#organization"},"potentialAction":[{"@type":"SearchAction","target":{"@type":"EntryPoint","urlTemplate":"https:\/\/alsjob.fr\/?s={search_term_string}"},"query-input":{"@type":"PropertyValueSpecification","valueRequired":true,"valueName":"search_term_string"}}],"inLanguage":"en-US"},{"@type":"Organization","@id":"https:\/\/alsjob.fr\/#organization","name":"ALS JOB","url":"https:\/\/alsjob.fr\/","logo":{"@type":"ImageObject","inLanguage":"en-US","@id":"https:\/\/alsjob.fr\/#\/schema\/logo\/image\/","url":"https:\/\/alsjob.fr\/wp-content\/uploads\/2025\/01\/Capture-decran-2025-01-10-a-16.58.46.png","contentUrl":"https:\/\/alsjob.fr\/wp-content\/uploads\/2025\/01\/Capture-decran-2025-01-10-a-16.58.46.png","width":556,"height":262,"caption":"ALS JOB"},"image":{"@id":"https:\/\/alsjob.fr\/#\/schema\/logo\/image\/"},"sameAs":["https:\/\/facebook.com\/asljob","https:\/\/linkedin.com\/alsjob","https:\/\/instagram.com\/alsjob"]}]}},"_links":{"self":[{"href":"https:\/\/alsjob.fr\/en\/wp-json\/wp\/v2\/pages\/1667","targetHints":{"allow":["GET"]}}],"collection":[{"href":"https:\/\/alsjob.fr\/en\/wp-json\/wp\/v2\/pages"}],"about":[{"href":"https:\/\/alsjob.fr\/en\/wp-json\/wp\/v2\/types\/page"}],"author":[{"embeddable":true,"href":"https:\/\/alsjob.fr\/en\/wp-json\/wp\/v2\/users\/1"}],"replies":[{"embeddable":true,"href":"https:\/\/alsjob.fr\/en\/wp-json\/wp\/v2\/comments?post=1667"}],"version-history":[{"count":3,"href":"https:\/\/alsjob.fr\/en\/wp-json\/wp\/v2\/pages\/1667\/revisions"}],"predecessor-version":[{"id":1874,"href":"https:\/\/alsjob.fr\/en\/wp-json\/wp\/v2\/pages\/1667\/revisions\/1874"}],"wp:attachment":[{"href":"https:\/\/alsjob.fr\/en\/wp-json\/wp\/v2\/media?parent=1667"}],"curies":[{"name":"wp","href":"https:\/\/api.w.org\/{rel}","templated":true}]}}