{"id":1669,"date":"2025-01-09T12:10:45","date_gmt":"2025-01-09T11:10:45","guid":{"rendered":"https:\/\/alsjob.fr\/?page_id=1669"},"modified":"2025-01-13T15:19:36","modified_gmt":"2025-01-13T14:19:36","slug":"solutions-de-recrutements","status":"publish","type":"page","link":"https:\/\/alsjob.fr\/en\/solutions-de-recrutements\/","title":{"rendered":"Solutions de recrutements"},"content":{"rendered":"<div class=\"wpb-content-wrapper\"><div class=\"vc_row wpb_row vc_row-fluid\"><div class=\"wpb_column vc_column_container vc_col-sm-12\"><div class=\"vc_column-inner\"><div class=\"wpb_wrapper\">\n\t<div class=\"wpb_text_column wpb_content_element\" >\n\t\t<div class=\"wpb_wrapper\">\n\t\t\t<h1>Solutions de recrutements<\/h1>\n\n\t\t<\/div>\n\t<\/div>\n<\/div><\/div><\/div><\/div><div class=\"vc_row wpb_row vc_row-fluid\"><div class=\"wpb_column vc_column_container vc_col-sm-12\"><div class=\"vc_column-inner\"><div class=\"wpb_wrapper\">\n\t<div class=\"wpb_text_column wpb_content_element\" >\n\t\t<div class=\"wpb_wrapper\">\n\t\t\t<h3 data-pm-slice=\"1 1 &#091;&#093;\">Nos solutions de recrutement : trouvez les talents qui feront la diff\u00e9rence<\/h3>\n<p>Chez ALS Job, nous comprenons que le recrutement est bien plus qu\u2019une simple s\u00e9lection de CV. C\u2019est un processus strat\u00e9gique qui vise \u00e0 connecter des entreprises ambitieuses avec des talents exceptionnels. Nos solutions de recrutement sont con\u00e7ues pour simplifier, optimiser et r\u00e9ussir vos recrutements, tout en vous offrant un accompagnement personnalis\u00e9.<\/p>\n\n\t\t<\/div>\n\t<\/div>\n<div  class=\"vc_do_toggle vc_toggle vc_toggle_default vc_toggle_color_default  vc_toggle_size_md\"><div class=\"vc_toggle_title\"><p style=\"text-align: left;font-family:Abril Fatface;font-weight:400;font-style:normal\" class=\"vc_custom_heading vc_do_custom_heading\" >Un accompagnement sur mesure pour vos besoins<\/p><i class=\"vc_toggle_icon\"><\/i><\/div><div class=\"vc_toggle_content\"><p data-pm-slice=\"1 3 &#091;&#093;\">Chaque entreprise est unique, et chaque poste \u00e0 pourvoir a ses particularit\u00e9s. Chez ALS Job, nous prenons le temps de comprendre vos besoins sp\u00e9cifiques afin de vous proposer des solutions parfaitement adapt\u00e9es.<\/p>\n<ul data-spread=\"false\">\n<li><strong>Analyse approfondie :<\/strong> Nous \u00e9tudions votre entreprise, votre culture et vos objectifs pour cibler les profils les plus pertinents.<\/li>\n<li><strong>Personnalisation des recherches :<\/strong> Que vous ayez besoin d\u2019un expert technique, d\u2019un profil junior prometteur ou d\u2019un manager aguerri, nous ajustons notre approche.<\/li>\n<li><strong>R\u00e9activit\u00e9 :<\/strong> Nous mettons tout en \u0153uvre pour vous pr\u00e9senter des candidats dans les meilleurs d\u00e9lais<\/li>\n<\/ul>\n<\/div><\/div><div  class=\"vc_do_toggle vc_toggle vc_toggle_default vc_toggle_color_default  vc_toggle_size_md\"><div class=\"vc_toggle_title\"><p style=\"text-align: left;font-family:Abril Fatface;font-weight:400;font-style:normal\" class=\"vc_custom_heading vc_do_custom_heading\" >Une technologie au service du recrutement<\/p><i class=\"vc_toggle_icon\"><\/i><\/div><div class=\"vc_toggle_content\"><p data-pm-slice=\"1 1 &#091;&#093;\">Notre engagement envers l\u2019innovation se refl\u00e8te \u00e9galement dans nos processus de recrutement. Gr\u00e2ce \u00e0 notre application mobile et nos outils digitaux avanc\u00e9s, nous vous offrons une exp\u00e9rience fluide et efficace.<\/p>\n<ul data-spread=\"false\">\n<li><strong>Acc\u00e8s \u00e0 une plateforme intuitive :<\/strong> Suivez en temps r\u00e9el l\u2019avancement de vos recrutements directement depuis notre application.<\/li>\n<li><strong>Outils de reporting personnalis\u00e9s :<\/strong> Recevez des rapports d\u00e9taill\u00e9s sur les candidats s\u00e9lectionn\u00e9s et les \u00e9tapes franchies.<\/li>\n<li><strong>Gestion des candidatures simplifi\u00e9e :<\/strong> Centralisez toutes les informations relatives \u00e0 vos missions de recrutement en un seul endroit.<\/li>\n<\/ul>\n<h4><\/h4>\n<\/div><\/div><div  class=\"vc_do_toggle vc_toggle vc_toggle_default vc_toggle_color_default  vc_toggle_size_md\"><div class=\"vc_toggle_title\"><p style=\"text-align: left;font-family:Abril Fatface;font-weight:400;font-style:normal\" class=\"vc_custom_heading vc_do_custom_heading\" >Une s\u00e9lection rigoureuse des talents<\/p><i class=\"vc_toggle_icon\"><\/i><\/div><div class=\"vc_toggle_content\"><p data-pm-slice=\"1 3 &#091;&#093;\">La qualit\u00e9 des candidats est au c\u0153ur de nos priorit\u00e9s. Notre \u00e9quipe d\u2019experts en recrutement applique une m\u00e9thodologie stricte pour identifier les meilleurs talents.<\/p>\n<ul data-spread=\"false\">\n<li><strong>Entretiens structur\u00e9s :<\/strong> Nous \u00e9valuons les comp\u00e9tences techniques, le savoir-\u00eatre et l\u2019ad\u00e9quation culturelle de chaque candidat.<\/li>\n<li><strong>Tests d\u2019aptitudes :<\/strong> Des \u00e9valuations sp\u00e9cifiques selon les besoins du poste pour garantir la compatibilit\u00e9 avec vos attentes.<\/li>\n<li><strong>V\u00e9rifications approfondies :<\/strong> Contr\u00f4le des r\u00e9f\u00e9rences et validation des exp\u00e9riences professionnelles.<\/li>\n<\/ul>\n<\/div><\/div><div  class=\"vc_do_toggle vc_toggle vc_toggle_default vc_toggle_color_default  vc_toggle_size_md\"><div class=\"vc_toggle_title\"><p style=\"text-align: left;font-family:Abril Fatface;font-weight:400;font-style:normal\" class=\"vc_custom_heading vc_do_custom_heading\" >Une flexibilit\u00e9 pour vos projets <\/p><i class=\"vc_toggle_icon\"><\/i><\/div><div class=\"vc_toggle_content\"><p data-pm-slice=\"1 3 &#091;&#093;\">Nous savons que vos besoins peuvent \u00e9voluer rapidement. ALS Job offre des solutions flexibles pour r\u00e9pondre aux exigences fluctuantes de votre activit\u00e9.<\/p>\n<ul data-spread=\"false\">\n<li><strong>Recrutement temporaire :<\/strong> Pour des missions ponctuelles ou des projets \u00e0 court terme.<\/li>\n<li><strong>Recrutement \u00e0 long terme :<\/strong> Trouvez les talents qui contribueront durablement \u00e0 la croissance de votre entreprise.<\/li>\n<li><strong>Options hybrides :<\/strong> Combinez les deux approches pour une adaptabilit\u00e9 maximale.<\/li>\n<\/ul>\n<\/div><\/div><div  class=\"vc_do_toggle vc_toggle vc_toggle_default vc_toggle_color_default  vc_toggle_size_md\"><div class=\"vc_toggle_title\"><p style=\"text-align: left;font-family:Abril Fatface;font-weight:400;font-style:normal\" class=\"vc_custom_heading vc_do_custom_heading\" >Pourquoi choisir ALS Job ?<\/p><i class=\"vc_toggle_icon\"><\/i><\/div><div class=\"vc_toggle_content\"><ul data-spread=\"false\" data-pm-slice=\"3 3 &#091;&#093;\">\n<li><strong>Une expertise reconnue :<\/strong> Nous poss\u00e9dons une connaissance approfondie des march\u00e9s locaux et des secteurs d\u2019activit\u00e9 vari\u00e9s.<\/li>\n<li><strong>Un gain de temps pr\u00e9cieux :<\/strong> Nous g\u00e9rons tout le processus de recrutement pour vous permettre de vous concentrer sur votre c\u0153ur de m\u00e9tier.<\/li>\n<li><strong>Une relation de confiance :<\/strong> Nous construisons des partenariats solides et transparents avec nos clients.<\/li>\n<\/ul>\n<\/div><\/div><\/div><\/div><\/div><\/div>\n<\/div>","protected":false},"excerpt":{"rendered":"Solutions de recrutements Nos solutions de recrutement : trouvez les talents qui feront la diff\u00e9rence Chez ALS Job, nous comprenons que le recrutement est bien plus qu\u2019une simple s\u00e9lection de CV. C\u2019est un processus strat\u00e9gique qui vise \u00e0 connecter des entreprises ambitieuses avec des talents exceptionnels. Nos solutions de recrutement sont con\u00e7ues pour simplifier, optimiser &hellip; <br \/><a href=\"https:\/\/alsjob.fr\/en\/solutions-de-recrutements\/\" class=\"more-link\">Continue reading <span class=\"screen-reader-text\">Solutions de recrutements<\/span><\/a>","protected":false},"author":1,"featured_media":0,"parent":0,"menu_order":0,"comment_status":"closed","ping_status":"closed","template":"","meta":{"footnotes":""},"class_list":["post-1669","page","type-page","status-publish","hentry"],"yoast_head":"<!-- This site is optimized with the Yoast SEO plugin v27.1.1 - https:\/\/yoast.com\/product\/yoast-seo-wordpress\/ -->\n<title>Solutions de recrutements - ALS JOB<\/title>\n<meta name=\"robots\" content=\"index, follow, max-snippet:-1, max-image-preview:large, max-video-preview:-1\" \/>\n<link rel=\"canonical\" href=\"https:\/\/alsjob.fr\/en\/solutions-de-recrutements\/\" \/>\n<meta property=\"og:locale\" content=\"en_US\" \/>\n<meta property=\"og:type\" content=\"article\" \/>\n<meta property=\"og:title\" content=\"Solutions de recrutements - ALS JOB\" \/>\n<meta property=\"og:url\" content=\"https:\/\/alsjob.fr\/en\/solutions-de-recrutements\/\" \/>\n<meta property=\"og:site_name\" content=\"ALS JOB\" \/>\n<meta property=\"article:publisher\" content=\"https:\/\/facebook.com\/asljob\" \/>\n<meta property=\"article:modified_time\" content=\"2025-01-13T14:19:36+00:00\" \/>\n<meta name=\"twitter:card\" content=\"summary_large_image\" \/>\n<meta name=\"twitter:label1\" content=\"Est. reading time\" \/>\n\t<meta name=\"twitter:data1\" content=\"3 minutes\" \/>\n<script type=\"application\/ld+json\" class=\"yoast-schema-graph\">{\"@context\":\"https:\/\/schema.org\",\"@graph\":[{\"@type\":\"WebPage\",\"@id\":\"https:\/\/alsjob.fr\/solutions-de-recrutements\/\",\"url\":\"https:\/\/alsjob.fr\/solutions-de-recrutements\/\",\"name\":\"Solutions de recrutements - ALS JOB\",\"isPartOf\":{\"@id\":\"https:\/\/alsjob.fr\/#website\"},\"datePublished\":\"2025-01-09T11:10:45+00:00\",\"dateModified\":\"2025-01-13T14:19:36+00:00\",\"breadcrumb\":{\"@id\":\"https:\/\/alsjob.fr\/solutions-de-recrutements\/#breadcrumb\"},\"inLanguage\":\"en-US\",\"potentialAction\":[{\"@type\":\"ReadAction\",\"target\":[\"https:\/\/alsjob.fr\/solutions-de-recrutements\/\"]}]},{\"@type\":\"BreadcrumbList\",\"@id\":\"https:\/\/alsjob.fr\/solutions-de-recrutements\/#breadcrumb\",\"itemListElement\":[{\"@type\":\"ListItem\",\"position\":1,\"name\":\"Accueil\",\"item\":\"https:\/\/alsjob.fr\/\"},{\"@type\":\"ListItem\",\"position\":2,\"name\":\"Solutions de recrutements\"}]},{\"@type\":\"WebSite\",\"@id\":\"https:\/\/alsjob.fr\/#website\",\"url\":\"https:\/\/alsjob.fr\/\",\"name\":\"ALS JOB\",\"description\":\"\",\"publisher\":{\"@id\":\"https:\/\/alsjob.fr\/#organization\"},\"potentialAction\":[{\"@type\":\"SearchAction\",\"target\":{\"@type\":\"EntryPoint\",\"urlTemplate\":\"https:\/\/alsjob.fr\/?s={search_term_string}\"},\"query-input\":{\"@type\":\"PropertyValueSpecification\",\"valueRequired\":true,\"valueName\":\"search_term_string\"}}],\"inLanguage\":\"en-US\"},{\"@type\":\"Organization\",\"@id\":\"https:\/\/alsjob.fr\/#organization\",\"name\":\"ALS JOB\",\"url\":\"https:\/\/alsjob.fr\/\",\"logo\":{\"@type\":\"ImageObject\",\"inLanguage\":\"en-US\",\"@id\":\"https:\/\/alsjob.fr\/#\/schema\/logo\/image\/\",\"url\":\"https:\/\/alsjob.fr\/wp-content\/uploads\/2025\/01\/Capture-decran-2025-01-10-a-16.58.46.png\",\"contentUrl\":\"https:\/\/alsjob.fr\/wp-content\/uploads\/2025\/01\/Capture-decran-2025-01-10-a-16.58.46.png\",\"width\":556,\"height\":262,\"caption\":\"ALS JOB\"},\"image\":{\"@id\":\"https:\/\/alsjob.fr\/#\/schema\/logo\/image\/\"},\"sameAs\":[\"https:\/\/facebook.com\/asljob\",\"https:\/\/linkedin.com\/alsjob\",\"https:\/\/instagram.com\/alsjob\"]}]}<\/script>\n<!-- \/ Yoast SEO plugin. -->","yoast_head_json":{"title":"Solutions de recrutements - ALS JOB","robots":{"index":"index","follow":"follow","max-snippet":"max-snippet:-1","max-image-preview":"max-image-preview:large","max-video-preview":"max-video-preview:-1"},"canonical":"https:\/\/alsjob.fr\/en\/solutions-de-recrutements\/","og_locale":"en_US","og_type":"article","og_title":"Solutions de recrutements - ALS JOB","og_url":"https:\/\/alsjob.fr\/en\/solutions-de-recrutements\/","og_site_name":"ALS JOB","article_publisher":"https:\/\/facebook.com\/asljob","article_modified_time":"2025-01-13T14:19:36+00:00","twitter_card":"summary_large_image","twitter_misc":{"Est. reading time":"3 minutes"},"schema":{"@context":"https:\/\/schema.org","@graph":[{"@type":"WebPage","@id":"https:\/\/alsjob.fr\/solutions-de-recrutements\/","url":"https:\/\/alsjob.fr\/solutions-de-recrutements\/","name":"Solutions de recrutements - ALS JOB","isPartOf":{"@id":"https:\/\/alsjob.fr\/#website"},"datePublished":"2025-01-09T11:10:45+00:00","dateModified":"2025-01-13T14:19:36+00:00","breadcrumb":{"@id":"https:\/\/alsjob.fr\/solutions-de-recrutements\/#breadcrumb"},"inLanguage":"en-US","potentialAction":[{"@type":"ReadAction","target":["https:\/\/alsjob.fr\/solutions-de-recrutements\/"]}]},{"@type":"BreadcrumbList","@id":"https:\/\/alsjob.fr\/solutions-de-recrutements\/#breadcrumb","itemListElement":[{"@type":"ListItem","position":1,"name":"Accueil","item":"https:\/\/alsjob.fr\/"},{"@type":"ListItem","position":2,"name":"Solutions de recrutements"}]},{"@type":"WebSite","@id":"https:\/\/alsjob.fr\/#website","url":"https:\/\/alsjob.fr\/","name":"ALS JOB","description":"","publisher":{"@id":"https:\/\/alsjob.fr\/#organization"},"potentialAction":[{"@type":"SearchAction","target":{"@type":"EntryPoint","urlTemplate":"https:\/\/alsjob.fr\/?s={search_term_string}"},"query-input":{"@type":"PropertyValueSpecification","valueRequired":true,"valueName":"search_term_string"}}],"inLanguage":"en-US"},{"@type":"Organization","@id":"https:\/\/alsjob.fr\/#organization","name":"ALS JOB","url":"https:\/\/alsjob.fr\/","logo":{"@type":"ImageObject","inLanguage":"en-US","@id":"https:\/\/alsjob.fr\/#\/schema\/logo\/image\/","url":"https:\/\/alsjob.fr\/wp-content\/uploads\/2025\/01\/Capture-decran-2025-01-10-a-16.58.46.png","contentUrl":"https:\/\/alsjob.fr\/wp-content\/uploads\/2025\/01\/Capture-decran-2025-01-10-a-16.58.46.png","width":556,"height":262,"caption":"ALS JOB"},"image":{"@id":"https:\/\/alsjob.fr\/#\/schema\/logo\/image\/"},"sameAs":["https:\/\/facebook.com\/asljob","https:\/\/linkedin.com\/alsjob","https:\/\/instagram.com\/alsjob"]}]}},"_links":{"self":[{"href":"https:\/\/alsjob.fr\/en\/wp-json\/wp\/v2\/pages\/1669","targetHints":{"allow":["GET"]}}],"collection":[{"href":"https:\/\/alsjob.fr\/en\/wp-json\/wp\/v2\/pages"}],"about":[{"href":"https:\/\/alsjob.fr\/en\/wp-json\/wp\/v2\/types\/page"}],"author":[{"embeddable":true,"href":"https:\/\/alsjob.fr\/en\/wp-json\/wp\/v2\/users\/1"}],"replies":[{"embeddable":true,"href":"https:\/\/alsjob.fr\/en\/wp-json\/wp\/v2\/comments?post=1669"}],"version-history":[{"count":3,"href":"https:\/\/alsjob.fr\/en\/wp-json\/wp\/v2\/pages\/1669\/revisions"}],"predecessor-version":[{"id":1876,"href":"https:\/\/alsjob.fr\/en\/wp-json\/wp\/v2\/pages\/1669\/revisions\/1876"}],"wp:attachment":[{"href":"https:\/\/alsjob.fr\/en\/wp-json\/wp\/v2\/media?parent=1669"}],"curies":[{"name":"wp","href":"https:\/\/api.w.org\/{rel}","templated":true}]}}