{"id":1802,"date":"2025-01-10T15:59:28","date_gmt":"2025-01-10T14:59:28","guid":{"rendered":"https:\/\/alsjob.fr\/?page_id=1802"},"modified":"2025-02-26T09:26:14","modified_gmt":"2025-02-26T08:26:14","slug":"trouver-un-emploi","status":"publish","type":"page","link":"https:\/\/alsjob.fr\/en\/trouver-un-emploi\/","title":{"rendered":"Trouver un emploi"},"content":{"rendered":"<div class=\"wpb-content-wrapper\"><div data-vc-full-width=\"true\" data-vc-full-width-init=\"false\" class=\"vc_row wpb_row vc_row-fluid flow-visible vc_custom_1547713153633 vc_row-has-fill\"><div class=\"wpb_column vc_column_container vc_col-sm-12\"><div class=\"vc_column-inner\"><div class=\"wpb_wrapper\">\n\t<div class=\"wpb_text_column wpb_content_element\" >\n\t\t<div class=\"wpb_wrapper\">\n\t\t\t<h1>Trouver un emploi<\/h1>\n\n\t\t<\/div>\n\t<\/div>\n<div class=\"vc_empty_space\"   style=\"height: 50px\"><span class=\"vc_empty_space_inner\"><\/span><\/div>\n\t<div class=\"wpb_text_column wpb_content_element\" >\n\t\t<div class=\"wpb_wrapper\">\n\t\t\t<p>Avec ALS JOB, Trouver un emploi. Parcourez parmi nos annonces et r\u00e9alisez vos ambitions professionnelles d\u00e8s aujourd\u2019hui. ALS JOB vous accompagne dans votre recherche pour trouver des opportunit\u00e9s qui correspondent \u00e0 votre profil et \u00e0 vos aspirations.<\/p>\n\n\t\t<\/div>\n\t<\/div>\n<div class=\"vc_empty_space\"   style=\"height: 50px\"><span class=\"vc_empty_space_inner\"><\/span><\/div><\/div><\/div><\/div><\/div><div class=\"vc_row-full-width vc_clearfix\"><\/div><div data-vc-full-width=\"true\" data-vc-full-width-init=\"false\" class=\"vc_row wpb_row vc_row-fluid flow-visible vc_custom_1547713153633 vc_row-has-fill\"><div class=\"wpb_column vc_column_container vc_col-sm-12\"><div class=\"vc_column-inner\"><div class=\"wpb_wrapper\"><div class=\"widget no-margin widget-search-form  half style_2\">\n\t        <h3 class=\"widget-title\">\n            <span>Recherche<\/span>\n\t    <\/h3>\n            <div class=\"content\">\n\t\t\n<form class=\"job_search_form  js-search-form job_filters\" action=\"https:\/\/alsjob.fr\/en\/offres-demploi\/\" method=\"get\" role=\"search\" data-trp-original-action=\"https:\/\/alsjob.fr\/en\/offres-demploi\/\">\n\t\t\n\t<div class=\"search_jobs clearfix search_jobs--frontpage\">\n\n\t\t\t\t<div class=\"search_jobs_inner\">\n\n\t\t\t<div class=\"table-visiable flex-middle-sm\">\n\t\t\t\t\t\t\t\t\t<div class=\"left-inner\">\n\t\t\t\t\t\t\t\t<!-- keywords -->\n\t\t\t\t\t\t\t\t\t<div class=\"search-field-wrapper  search-filter-wrapper\">\n\t\t\t\t\t\t<label for=\"search_keywords\" class=\"hidden\">Keywords<\/label>\n\t\t\t\t\t\t<input class=\"search-field\" autocomplete=\"off\" type=\"text\" name=\"search_keywords\" id=\"search_keywords\" placeholder=\"What are you looking for?\" value=\"\"\/>\n\t\t\t\t\t<\/div>\n\t\t\t\t\n\t\t\t\t<!-- location -->\n\t\t\t\t\t\t\t\t\t<div class=\"wrapper-location search-filter-wrapper\">\n\t\t\t\t\t\t<input type=\"text\" name=\"search_location\" id=\"search_location\" placeholder=\"Location\" \/>\n\t\t\t\t\t\t<span class=\"find-me\">\n\t\t\t\t\t\t\t<svg xmlns=\"http:\/\/www.w3.org\/2000\/svg\" xmlns:xlink=\"http:\/\/www.w3.org\/1999\/xlink\" width=\"15px\" height=\"15px\" viewbox=\"0 0 15 15\" version=\"1.1\"> <g id=\"Welcome\" stroke=\"none\" stroke-width=\"1\" fill=\"none\" fill-rule=\"evenodd\"> <g id=\"All-listings\" transform=\"translate(-964.000000, -626.000000)\" fill-rule=\"nonzero\" fill=\"#23c0e9\"> <g id=\"Group-4-Copy\" transform=\"translate(731.000000, 611.000000)\"> <g id=\"target-with-circle\" transform=\"translate(233.000000, 15.000000)\"> <g> <path d=\"M7.48790875,4.76543726 C5.98346008,4.76543726 4.76543726,5.98346008 4.76543726,7.48790875 C4.76543726,8.99235741 5.98346008,10.2103802 7.48790875,10.2103802 C8.99235741,10.2103802 10.2103802,8.99235741 10.2103802,7.48790875 C10.2103802,5.98346008 8.99235741,4.76543726 7.48790875,4.76543726 Z M13.5730894,6.80652091 C13.2604848,3.96798479 11.0072338,1.71473384 8.16869772,1.40272814 L8.16869772,0 L6.80714829,0 L6.80714829,1.40272814 C3.96858365,1.71473384 1.71536122,3.96798479 1.40210076,6.80652091 L0,6.80652091 L0,8.1693251 L1.40272814,8.1693251 C1.71596008,11.0078612 3.96921103,13.2611122 6.80774715,13.5731179 L6.80774715,14.975846 L8.16929658,14.975846 L8.16929658,13.5731179 C11.0078327,13.2611122 13.2610837,11.0078897 13.5736882,8.1693251 L14.975789,8.1693251 L14.975789,6.80652091 C14.975846,6.80652091 13.5730894,6.80652091 13.5730894,6.80652091 Z M7.48790875,12.253346 C4.85341255,12.253346 2.72247148,10.1224049 2.72247148,7.48790875 C2.72247148,4.85341255 4.85341255,2.72247148 7.48790875,2.72247148 C10.1224049,2.72247148 12.253346,4.85341255 12.253346,7.48790875 C12.253346,10.1224049 10.1224049,12.253346 7.48790875,12.253346 Z\" id=\"Shape\"\/> <\/g> <\/g> <\/g> <\/g> <\/g> <\/svg>\t\t\t\t\t\t<\/span>\n\t\t\t\t\t\t<input type=\"hidden\" name=\"search_lat\" id=\"search_lat\" \/>\n\t\t\t\t\t\t<input type=\"hidden\" name=\"search_lng\" id=\"search_lng\" \/>\n\t\t\t\t\t\t<input type=\"hidden\" name=\"use_search_distance\" id=\"use_search_distance\" value=\"on\" checked=\"checked\" \/>\n\t\t\t\t\t\t<input type=\"hidden\" name=\"search_distance\" id=\"search_distance\" value=\"on\" \/>\n\t\t\t\t\t<\/div>\n\t\t\t\t\n\t\t\t\t\t\t\t        <div class=\"wrapper-types search-filter-wrapper\">\n\t\t\t            \t\t\t        <\/div>\n\t\t        \n\t\t\t\t\t\t\t        <div class=\"wrapper-categories search-filter-wrapper\">\n\t\t\t            <select name='search_categories[]' id='search_categories' class='job-manager-category-dropdown'  data-placeholder='Choose a category&hellip;' data-no_results_text='No results match' data-multiple_text='Select Some Options'>\n<option value=\"\">All Categories<\/option><\/select>\n\t\t\t        <\/div>\n\t\t        \n\t\t        \t\t\t\t\t<\/div>\n\t\t\t\t\n\t\t        <div class=\"submit\">\n\t\t\t\t\t<button class=\"search-submit btn btn-theme pull-right\" name=\"submit\">\n\t\t\t\t\t\t\t\t\t\t\t\t\t<span class=\"icon-search\">\n\t\t\t\t\t\t\t\t<img decoding=\"async\" src=\"https:\/\/alsjob.fr\/wp-content\/themes\/entaro\/images\/icon-search.png\">\n\t\t\t\t\t\t\t<\/span>\n\t\t\t\t\t\t\t\t\t\t\t\t<i class=\"fa fa-search\"><\/i> SEARCH\t\t\t\t\t<\/button>\n\t\t\t\t<\/div>\n\t        <\/div>\n\t\t<\/div>\n\t\t\t<\/div>\n<input type=\"hidden\" name=\"trp-form-language\" value=\"en\"\/><\/form>\n<!-- suggestion -->\n    <\/div>\n    <\/div><div class=\"vc_empty_space\"   style=\"height: 32px\"><span class=\"vc_empty_space_inner\"><\/span><\/div><\/div><\/div><\/div><\/div><div class=\"vc_row-full-width vc_clearfix\"><\/div><div data-vc-full-width=\"true\" data-vc-full-width-init=\"false\" class=\"vc_row wpb_row vc_row-fluid vc_custom_1513765292955 vc_row-has-fill\"><div class=\"wpb_column vc_column_container vc_col-sm-12\"><div class=\"vc_column-inner\"><div class=\"wpb_wrapper\"><div class=\"vc_empty_space  visible-lg\"   style=\"height: 40px\"><span class=\"vc_empty_space_inner\"><\/span><\/div><div class=\"vc_empty_space\"   style=\"height: 20px\"><span class=\"vc_empty_space_inner\"><\/span><\/div>\t<div class=\"widget widget-jobs-tabs  layout1\">\n\t\t<div class=\"widget-title-wrapper\">\n\t\t\t\t\t        <h3 class=\"widget-title\">\n\t\t            <span>Nos derni\u00e8res offres<\/span>\n\t\t\t    <\/h3>\n\t\t    \n\t\t    <ul class=\"nav nav-tabs tab-jobs\">\n\t\t\t\t\t\t\t\t\t<li class=\"active\">\n\t\t\t\t\t\t<a data-toggle=\"tab\" href=\"#jobstab-0-UMdle\">Exclusif<\/a>\n\t\t\t\t\t<\/li>\n\t\t\t\t\t\t\t\t\t<li >\n\t\t\t\t\t\t<a data-toggle=\"tab\" href=\"#jobstab-1-UMdle\">Nouveaut\u00e9s<\/a>\n\t\t\t\t\t<\/li>\n\t\t\t\t\t\t\t\t\t<li >\n\t\t\t\t\t\t<a data-toggle=\"tab\" href=\"#jobstab-2-UMdle\">CDD \/ Int\u00e9rim<\/a>\n\t\t\t\t\t<\/li>\n\t\t\t\t\t\t\t\t\t<li >\n\t\t\t\t\t\t<a data-toggle=\"tab\" href=\"#jobstab-3-UMdle\">CDI<\/a>\n\t\t\t\t\t<\/li>\n\t\t\t\t\t\t\t<\/ul>\n\n\t    <\/div>\n\t\t<div class=\"widget-content\">\n\t\t\t<div class=\"tab-content\">\n\t\t\t\t\t\t\t\t\t<div id=\"jobstab-0-UMdle\" class=\"tab-pane active\">\n\t\t\t\t\t\t\t\t\t\t\t<\/div>\n\t\t\t\t\t\t\t\t\t<div id=\"jobstab-1-UMdle\" class=\"tab-pane\">\n\t\t\t\t\t\t\t\t\t\t\t<\/div>\n\t\t\t\t\t\t\t\t\t<div id=\"jobstab-2-UMdle\" class=\"tab-pane\">\n\t\t\t\t\t\t\t\t\t\t\t<\/div>\n\t\t\t\t\t\t\t\t\t<div id=\"jobstab-3-UMdle\" class=\"tab-pane\">\n\t\t\t\t\t\t\t\t\t\t\t<\/div>\n\t\t\t\t\t\t\t<\/div>\n\t\t<\/div>\n\t<\/div>\n<div class=\"vc_empty_space  visible-lg\"   style=\"height: 30px\"><span class=\"vc_empty_space_inner\"><\/span><\/div>\n\t<div class=\"wpb_text_column wpb_content_element\" >\n\t\t<div class=\"wpb_wrapper\">\n\t\t\t<p>Avec <a href=\"https:\/\/alsjob.fr\/en\/\">ALS JOB<\/a>, trouver un emploi n\u2019a jamais \u00e9t\u00e9 aussi simple. Parcourez nos nombreuses annonces et r\u00e9alisez vos ambitions professionnelles d\u00e8s aujourd\u2019hui. Que vous soyez en qu\u00eate d\u2019un <a href=\"https:\/\/alsjob.fr\/en\/candidats\/\">poste \u00e0 temps plein<\/a>, \u00e0 temps partiel ou en mission temporaire, nous avons une solution adapt\u00e9e \u00e0 votre profil et \u00e0 vos aspirations.<\/p>\n<p>Notre plateforme propose un large \u00e9ventail d\u2019offres dans des secteurs vari\u00e9s, allant de l\u2019agriculture au <a href=\"https:\/\/www.francecompetences.fr\/recherche\/rncp\/36270\/#:~:text=Le%20manager%20de%20projets%20BTP,la%20direction%20de%20l'agence.\">BTP<\/a>, en passant par les services, l\u2019industrie et bien d\u2019autres domaines. Gr\u00e2ce \u00e0 notre r\u00e9seau \u00e9tendu et \u00e0 notre expertise, nous nous engageons \u00e0 vous mettre en relation avec des entreprises \u00e0 la recherche de talents.<\/p>\n<p>Chez ALS JOB, nous comprenons que chaque candidat est unique. C\u2019est pourquoi nous mettons \u00e0 votre disposition des outils pour affiner votre recherche et postuler aux offres qui correspondent parfaitement \u00e0 vos comp\u00e9tences et vos objectifs. Vous pouvez \u00e9galement b\u00e9n\u00e9ficier d\u2019un accompagnement personnalis\u00e9 pour optimiser votre CV, pr\u00e9parer vos entretiens et booster vos chances de d\u00e9crocher le poste id\u00e9al.<\/p>\n<p>En choisissant ALS JOB, vous optez pour un partenaire de confiance qui valorise l\u2019humain au c\u0153ur de ses d\u00e9marches. Notre mission ne s\u2019arr\u00eate pas \u00e0 la mise en relation ; nous souhaitons v\u00e9ritablement contribuer \u00e0 la r\u00e9ussite de votre carri\u00e8re tout en aidant les entreprises \u00e0 trouver les profils qu\u2019elles recherchent.<\/p>\n<p>Rejoignez d\u00e8s maintenant notre communaut\u00e9 de candidats et faites un pas vers l\u2019emploi de vos r\u00eaves. Avec ALS JOB, votre <a href=\"https:\/\/lesgeniesduweb.fr\/\">avenir professionnel commence ici<\/a>.<\/p>\n\n\t\t<\/div>\n\t<\/div>\n<div class=\"vc_empty_space\"   style=\"height: 32px\"><span class=\"vc_empty_space_inner\"><\/span><\/div><\/div><\/div><\/div><\/div><div class=\"vc_row-full-width vc_clearfix\"><\/div><div data-vc-full-width=\"true\" data-vc-full-width-init=\"false\" data-vc-stretch-content=\"true\" class=\"vc_row wpb_row vc_row-fluid vc_custom_1736521479754 vc_row-no-padding\"><div class=\"wpb_column vc_column_container vc_col-sm-12\"><div class=\"vc_column-inner\"><div class=\"wpb_wrapper\">\t<div class=\"apus-register  large\">\t\n\t\t<div class=\"row no-margin table-visiable-lt\">\n\t\t\t\t\t\t\t\t\t\t\t\t\t\t\t<div class=\"no-padding col-xs-12 col-sm-6 col-xs-12\">\t\n\t\t\t\t\t<div class=\"item style1\" >\n\t\t\t\t\t\t\t\t\t\t\t\t\t\t\t\t\t\t\t<div class=\"icon-mg\">\n\t\t\t\t\t\t\t\t<img decoding=\"async\" class=\"img\" src=\"https:\/\/alsjob.fr\/wp-content\/uploads\/2025\/01\/1111.png\" alt=\"Image\">\n\t\t\t\t\t\t\t<\/div>\n\t\t\t\t\t\t\t\t\t\t        \t\t\t\t            <h3 class=\"title\">Je suis une entreprise<\/h3>\n\t\t\t\t        \t\t\t\t        <div class=\"line-under\"><\/div>\n\t\t\t\t        \t\t\t\t            <div class=\"description\"><br\/><\/div>  \n\t\t\t\t        \n\t \t\t\t\t\t\t\t\t\t            <a class=\"btn btn-theme\" href=\"https:\/\/alsjob.fr\/en\/mon-compte\/\"><i aria-hidden=\"true\" class=\"fa fa-plus-circle\"><\/i> S'INSCRIRE COMME ENTREPRIES<\/a>  \n\t\t\t\t        \t\t\t\t        \t\t\t\t\t        <div class=\"space\"><span>OU<\/span><\/div>\n\t\t\t\t\t\t\t\t\t        <\/div>\n\t\t\t    <\/div>\n\t\t\t\t\t\t\t\t\t\t\t\t\t\t\t<div class=\"no-padding col-xs-12 col-sm-6 col-xs-12\">\t\n\t\t\t\t\t<div class=\"item style2\" style=\"background-image:url(https:\/\/alsjob.fr\/wp-content\/uploads\/2025\/01\/output-onlinepngtools1.png)\">\n\t\t\t\t\t\t\t\t\t\t            <span class=\"price\">Acc\u00e8s gratuit !<\/span>\n\t\t\t\t        \t\t\t\t\t\t\t\t\t\t\t\t\t<div class=\"icon-mg\">\n\t\t\t\t\t\t\t\t<img decoding=\"async\" class=\"img\" src=\"https:\/\/alsjob.fr\/wp-content\/uploads\/2019\/01\/2222.png\" alt=\"Image\">\n\t\t\t\t\t\t\t<\/div>\n\t\t\t\t\t\t\t\t\t\t        \t\t\t\t            <h3 class=\"title\">Je suis un candidat<\/h3>\n\t\t\t\t        \t\t\t\t        <div class=\"line-under\"><\/div>\n\t\t\t\t        \t\t\t\t            <div class=\"description\"><br\/><\/div>  \n\t\t\t\t        \n\t \t\t\t\t\t\t\t\t\t            <a class=\"btn btn-second\" href=\"https:\/\/alsjob.fr\/en\/mon-compte\/\"><i aria-hidden=\"true\" class=\"fa fa-plus-circle\"><\/i> S'INSCRIRE COMME CANDIDAT<\/a>  \n\t\t\t\t        \t\t\t\t        \t\t\t        <\/div>\n\t\t\t    <\/div>\n\t\t\t\t\t<\/div>\n\t<\/div>\n<\/div><\/div><\/div><\/div><div class=\"vc_row-full-width vc_clearfix\"><\/div>\n<\/div>","protected":false},"excerpt":{"rendered":"Trouver un emploi Avec ALS JOB, Trouver un emploi. Parcourez parmi nos annonces et r\u00e9alisez vos ambitions professionnelles d\u00e8s aujourd\u2019hui. ALS JOB vous accompagne dans votre recherche pour trouver des opportunit\u00e9s qui correspondent \u00e0 votre profil et \u00e0 vos aspirations. Recherche Keywords All Categories SEARCH Nos derni\u00e8res offres Exclusif Nouveaut\u00e9s CDD \/ Int\u00e9rim CDI Avec &hellip; <br \/><a href=\"https:\/\/alsjob.fr\/en\/trouver-un-emploi\/\" class=\"more-link\">Continue reading <span class=\"screen-reader-text\">Trouver un emploi<\/span><\/a>","protected":false},"author":1,"featured_media":0,"parent":0,"menu_order":0,"comment_status":"closed","ping_status":"closed","template":"","meta":{"footnotes":""},"class_list":["post-1802","page","type-page","status-publish","hentry"],"yoast_head":"<!-- This site is optimized with the Yoast SEO plugin v27.1.1 - https:\/\/yoast.com\/product\/yoast-seo-wordpress\/ -->\n<title>Trouver un emploi - ALS JOB<\/title>\n<meta name=\"description\" content=\"Trouver un emploi et d\u00e9couvrez les meilleures astuces, outils et conseils pour booster votre carri\u00e8re rapidement.\" \/>\n<meta name=\"robots\" content=\"index, follow, max-snippet:-1, max-image-preview:large, max-video-preview:-1\" \/>\n<link rel=\"canonical\" href=\"https:\/\/alsjob.fr\/en\/trouver-un-emploi\/\" \/>\n<meta property=\"og:locale\" content=\"en_US\" \/>\n<meta property=\"og:type\" content=\"article\" \/>\n<meta property=\"og:title\" content=\"Trouver un emploi - ALS JOB\" \/>\n<meta property=\"og:description\" content=\"Trouver un emploi et d\u00e9couvrez les meilleures astuces, outils et conseils pour booster votre carri\u00e8re rapidement.\" \/>\n<meta property=\"og:url\" content=\"https:\/\/alsjob.fr\/en\/trouver-un-emploi\/\" \/>\n<meta property=\"og:site_name\" content=\"ALS JOB\" \/>\n<meta property=\"article:publisher\" content=\"https:\/\/facebook.com\/asljob\" \/>\n<meta property=\"article:modified_time\" content=\"2025-02-26T08:26:14+00:00\" \/>\n<meta name=\"twitter:card\" content=\"summary_large_image\" \/>\n<meta name=\"twitter:label1\" content=\"Est. reading time\" \/>\n\t<meta name=\"twitter:data1\" content=\"2 minutes\" \/>\n<script type=\"application\/ld+json\" class=\"yoast-schema-graph\">{\"@context\":\"https:\/\/schema.org\",\"@graph\":[{\"@type\":\"WebPage\",\"@id\":\"https:\/\/alsjob.fr\/trouver-un-emploi\/\",\"url\":\"https:\/\/alsjob.fr\/trouver-un-emploi\/\",\"name\":\"Trouver un emploi - ALS JOB\",\"isPartOf\":{\"@id\":\"https:\/\/alsjob.fr\/#website\"},\"datePublished\":\"2025-01-10T14:59:28+00:00\",\"dateModified\":\"2025-02-26T08:26:14+00:00\",\"description\":\"Trouver un emploi et d\u00e9couvrez les meilleures astuces, outils et conseils pour booster votre carri\u00e8re rapidement.\",\"breadcrumb\":{\"@id\":\"https:\/\/alsjob.fr\/trouver-un-emploi\/#breadcrumb\"},\"inLanguage\":\"en-US\",\"potentialAction\":[{\"@type\":\"ReadAction\",\"target\":[\"https:\/\/alsjob.fr\/trouver-un-emploi\/\"]}]},{\"@type\":\"BreadcrumbList\",\"@id\":\"https:\/\/alsjob.fr\/trouver-un-emploi\/#breadcrumb\",\"itemListElement\":[{\"@type\":\"ListItem\",\"position\":1,\"name\":\"Accueil\",\"item\":\"https:\/\/alsjob.fr\/\"},{\"@type\":\"ListItem\",\"position\":2,\"name\":\"Trouver un emploi\"}]},{\"@type\":\"WebSite\",\"@id\":\"https:\/\/alsjob.fr\/#website\",\"url\":\"https:\/\/alsjob.fr\/\",\"name\":\"ALS JOB\",\"description\":\"\",\"publisher\":{\"@id\":\"https:\/\/alsjob.fr\/#organization\"},\"potentialAction\":[{\"@type\":\"SearchAction\",\"target\":{\"@type\":\"EntryPoint\",\"urlTemplate\":\"https:\/\/alsjob.fr\/?s={search_term_string}\"},\"query-input\":{\"@type\":\"PropertyValueSpecification\",\"valueRequired\":true,\"valueName\":\"search_term_string\"}}],\"inLanguage\":\"en-US\"},{\"@type\":\"Organization\",\"@id\":\"https:\/\/alsjob.fr\/#organization\",\"name\":\"ALS JOB\",\"url\":\"https:\/\/alsjob.fr\/\",\"logo\":{\"@type\":\"ImageObject\",\"inLanguage\":\"en-US\",\"@id\":\"https:\/\/alsjob.fr\/#\/schema\/logo\/image\/\",\"url\":\"https:\/\/alsjob.fr\/wp-content\/uploads\/2025\/01\/Capture-decran-2025-01-10-a-16.58.46.png\",\"contentUrl\":\"https:\/\/alsjob.fr\/wp-content\/uploads\/2025\/01\/Capture-decran-2025-01-10-a-16.58.46.png\",\"width\":556,\"height\":262,\"caption\":\"ALS JOB\"},\"image\":{\"@id\":\"https:\/\/alsjob.fr\/#\/schema\/logo\/image\/\"},\"sameAs\":[\"https:\/\/facebook.com\/asljob\",\"https:\/\/linkedin.com\/alsjob\",\"https:\/\/instagram.com\/alsjob\"]}]}<\/script>\n<!-- \/ Yoast SEO plugin. -->","yoast_head_json":{"title":"Trouver un emploi - ALS JOB","description":"Trouver un emploi et d\u00e9couvrez les meilleures astuces, outils et conseils pour booster votre carri\u00e8re rapidement.","robots":{"index":"index","follow":"follow","max-snippet":"max-snippet:-1","max-image-preview":"max-image-preview:large","max-video-preview":"max-video-preview:-1"},"canonical":"https:\/\/alsjob.fr\/en\/trouver-un-emploi\/","og_locale":"en_US","og_type":"article","og_title":"Trouver un emploi - ALS JOB","og_description":"Trouver un emploi et d\u00e9couvrez les meilleures astuces, outils et conseils pour booster votre carri\u00e8re rapidement.","og_url":"https:\/\/alsjob.fr\/en\/trouver-un-emploi\/","og_site_name":"ALS JOB","article_publisher":"https:\/\/facebook.com\/asljob","article_modified_time":"2025-02-26T08:26:14+00:00","twitter_card":"summary_large_image","twitter_misc":{"Est. reading time":"2 minutes"},"schema":{"@context":"https:\/\/schema.org","@graph":[{"@type":"WebPage","@id":"https:\/\/alsjob.fr\/trouver-un-emploi\/","url":"https:\/\/alsjob.fr\/trouver-un-emploi\/","name":"Trouver un emploi - ALS JOB","isPartOf":{"@id":"https:\/\/alsjob.fr\/#website"},"datePublished":"2025-01-10T14:59:28+00:00","dateModified":"2025-02-26T08:26:14+00:00","description":"Trouver un emploi et d\u00e9couvrez les meilleures astuces, outils et conseils pour booster votre carri\u00e8re rapidement.","breadcrumb":{"@id":"https:\/\/alsjob.fr\/trouver-un-emploi\/#breadcrumb"},"inLanguage":"en-US","potentialAction":[{"@type":"ReadAction","target":["https:\/\/alsjob.fr\/trouver-un-emploi\/"]}]},{"@type":"BreadcrumbList","@id":"https:\/\/alsjob.fr\/trouver-un-emploi\/#breadcrumb","itemListElement":[{"@type":"ListItem","position":1,"name":"Accueil","item":"https:\/\/alsjob.fr\/"},{"@type":"ListItem","position":2,"name":"Trouver un emploi"}]},{"@type":"WebSite","@id":"https:\/\/alsjob.fr\/#website","url":"https:\/\/alsjob.fr\/","name":"ALS JOB","description":"","publisher":{"@id":"https:\/\/alsjob.fr\/#organization"},"potentialAction":[{"@type":"SearchAction","target":{"@type":"EntryPoint","urlTemplate":"https:\/\/alsjob.fr\/?s={search_term_string}"},"query-input":{"@type":"PropertyValueSpecification","valueRequired":true,"valueName":"search_term_string"}}],"inLanguage":"en-US"},{"@type":"Organization","@id":"https:\/\/alsjob.fr\/#organization","name":"ALS JOB","url":"https:\/\/alsjob.fr\/","logo":{"@type":"ImageObject","inLanguage":"en-US","@id":"https:\/\/alsjob.fr\/#\/schema\/logo\/image\/","url":"https:\/\/alsjob.fr\/wp-content\/uploads\/2025\/01\/Capture-decran-2025-01-10-a-16.58.46.png","contentUrl":"https:\/\/alsjob.fr\/wp-content\/uploads\/2025\/01\/Capture-decran-2025-01-10-a-16.58.46.png","width":556,"height":262,"caption":"ALS JOB"},"image":{"@id":"https:\/\/alsjob.fr\/#\/schema\/logo\/image\/"},"sameAs":["https:\/\/facebook.com\/asljob","https:\/\/linkedin.com\/alsjob","https:\/\/instagram.com\/alsjob"]}]}},"_links":{"self":[{"href":"https:\/\/alsjob.fr\/en\/wp-json\/wp\/v2\/pages\/1802","targetHints":{"allow":["GET"]}}],"collection":[{"href":"https:\/\/alsjob.fr\/en\/wp-json\/wp\/v2\/pages"}],"about":[{"href":"https:\/\/alsjob.fr\/en\/wp-json\/wp\/v2\/types\/page"}],"author":[{"embeddable":true,"href":"https:\/\/alsjob.fr\/en\/wp-json\/wp\/v2\/users\/1"}],"replies":[{"embeddable":true,"href":"https:\/\/alsjob.fr\/en\/wp-json\/wp\/v2\/comments?post=1802"}],"version-history":[{"count":23,"href":"https:\/\/alsjob.fr\/en\/wp-json\/wp\/v2\/pages\/1802\/revisions"}],"predecessor-version":[{"id":2014,"href":"https:\/\/alsjob.fr\/en\/wp-json\/wp\/v2\/pages\/1802\/revisions\/2014"}],"wp:attachment":[{"href":"https:\/\/alsjob.fr\/en\/wp-json\/wp\/v2\/media?parent=1802"}],"curies":[{"name":"wp","href":"https:\/\/api.w.org\/{rel}","templated":true}]}}